{"id":948,"date":"2013-07-07T09:32:51","date_gmt":"2013-07-07T09:32:51","guid":{"rendered":"http:\/\/www.francoisbardier.com\/?page_id=948"},"modified":"2026-02-16T11:07:40","modified_gmt":"2026-02-16T11:07:40","slug":"atelier-bibliotheque-3eme-fevrier-2013","status":"publish","type":"page","link":"https:\/\/www.francoisbardier.com\/?page_id=948","title":{"rendered":"Atelier biblioth\u00e8que 3eme &#8211; F\u00e9vrier 2013"},"content":{"rendered":"<p>Petit r\u00e9cit d&rsquo;un atelier de cin\u00e9ma d&rsquo;animation \u00e0 la biblioth\u00e8que du 3eme arrondissement de Lyon propos\u00e9 durant les vacances de f\u00e9vrier 2013 et co-anim\u00e9 avec la m\u00e9diatrice culturelle Evelyne Hemidy.<\/p>\n<p><a href=\"http:\/\/www.francoisbardier.com\/wp-content\/uploads\/2013\/07\/IMG_9011.jpg\"><img decoding=\"async\" loading=\"lazy\" class=\"alignnone size-medium wp-image-1130\" src=\"http:\/\/www.francoisbardier.com\/wp-content\/uploads\/2013\/07\/IMG_9011-300x200.jpg\" alt=\"IMG_9011\" width=\"300\" height=\"200\" srcset=\"https:\/\/www.francoisbardier.com\/wp-content\/uploads\/2013\/07\/IMG_9011-300x200.jpg 300w, https:\/\/www.francoisbardier.com\/wp-content\/uploads\/2013\/07\/IMG_9011-1024x682.jpg 1024w, https:\/\/www.francoisbardier.com\/wp-content\/uploads\/2013\/07\/IMG_9011-225x150.jpg 225w\" sizes=\"(max-width: 300px) 100vw, 300px\" \/><\/a><\/p>\n<p><a href=\"http:\/\/www.francoisbardier.com\/wp-content\/uploads\/2013\/07\/IMG_8766.jpg\"><img decoding=\"async\" loading=\"lazy\" class=\"alignnone size-medium wp-image-1124\" src=\"http:\/\/www.francoisbardier.com\/wp-content\/uploads\/2013\/07\/IMG_8766-300x199.jpg\" alt=\"IMG_8766\" width=\"300\" height=\"199\" srcset=\"https:\/\/www.francoisbardier.com\/wp-content\/uploads\/2013\/07\/IMG_8766-300x199.jpg 300w, https:\/\/www.francoisbardier.com\/wp-content\/uploads\/2013\/07\/IMG_8766-225x150.jpg 225w, https:\/\/www.francoisbardier.com\/wp-content\/uploads\/2013\/07\/IMG_8766.jpg 800w\" sizes=\"(max-width: 300px) 100vw, 300px\" \/><\/a><\/p>\n<p>Cet atelier a \u00e9t\u00e9 men\u00e9 aupr\u00e8s de 5 adolescents durant 5 apr\u00e8s-midi autour de la technique d&rsquo;animation de l\u00e9gos et de jouets ainsi que l&rsquo;utilisation de p\u00e2te \u00e0 modeler. Les d\u00e9cors ont \u00e9t\u00e9 construits en carton et \u00e0 partir de mat\u00e9riaux de r\u00e9cup\u00e9ration.<\/p>\n<p>L&rsquo;atelier a commenc\u00e9 par la cr\u00e9ation de personnages en p\u00e2te \u00e0 modeler puis la cr\u00e9ation de d\u00e9cors. Ensuite nous avons peint les fonds (Une version jour et une version nuit) ainsi que le sol.<\/p>\n<p>Le sc\u00e9nario a \u00e9t\u00e9 invent\u00e9 avec les participants au fur et \u00e0 mesure de la conception de ces \u00e9l\u00e9ments.<\/p>\n<p><a href=\"http:\/\/www.francoisbardier.com\/wp-content\/uploads\/2013\/07\/IMG_8695.jpg\"><img decoding=\"async\" loading=\"lazy\" class=\"alignnone size-thumbnail wp-image-1108\" src=\"http:\/\/www.francoisbardier.com\/wp-content\/uploads\/2013\/07\/IMG_8695-150x150.jpg\" alt=\"IMG_8695\" width=\"150\" height=\"150\" \/><\/a>\u00a0 <a href=\"http:\/\/www.francoisbardier.com\/wp-content\/uploads\/2013\/07\/IMG_8708.jpg\"><img decoding=\"async\" loading=\"lazy\" class=\"alignnone size-thumbnail wp-image-1110\" src=\"http:\/\/www.francoisbardier.com\/wp-content\/uploads\/2013\/07\/IMG_8708-150x150.jpg\" alt=\"IMG_8708\" width=\"150\" height=\"150\" \/><\/a><a href=\"http:\/\/www.francoisbardier.com\/wp-content\/uploads\/2013\/07\/IMG_8699.jpg\"> <img decoding=\"async\" loading=\"lazy\" class=\"alignnone size-thumbnail wp-image-1114\" src=\"http:\/\/www.francoisbardier.com\/wp-content\/uploads\/2013\/07\/IMG_8699-150x150.jpg\" alt=\"IMG_8699\" width=\"150\" height=\"150\" \/><\/a><\/p>\n<p><a href=\"http:\/\/www.francoisbardier.com\/wp-content\/uploads\/2013\/07\/IMG_8717.jpg\"> <img decoding=\"async\" loading=\"lazy\" class=\"alignnone size-thumbnail wp-image-1109\" src=\"http:\/\/www.francoisbardier.com\/wp-content\/uploads\/2013\/07\/IMG_8717-150x150.jpg\" alt=\"IMG_8717\" width=\"150\" height=\"150\" \/><\/a><a href=\"http:\/\/www.francoisbardier.com\/wp-content\/uploads\/2013\/07\/IMG_8704.jpg\"> <img decoding=\"async\" loading=\"lazy\" class=\"alignnone size-thumbnail wp-image-1107\" src=\"http:\/\/www.francoisbardier.com\/wp-content\/uploads\/2013\/07\/IMG_8704-150x150.jpg\" alt=\"IMG_8704\" width=\"150\" height=\"150\" \/> <\/a><a href=\"http:\/\/www.francoisbardier.com\/wp-content\/uploads\/2013\/07\/IMG_8702.jpg\"><img decoding=\"async\" loading=\"lazy\" class=\"alignnone size-thumbnail wp-image-1111\" src=\"http:\/\/www.francoisbardier.com\/wp-content\/uploads\/2013\/07\/IMG_8702-150x150.jpg\" alt=\"IMG_8702\" width=\"150\" height=\"150\" \/><\/a><\/p>\n<p><a href=\"http:\/\/www.francoisbardier.com\/wp-content\/uploads\/2013\/07\/IMG_8712.jpg\"><img decoding=\"async\" loading=\"lazy\" class=\"alignnone size-thumbnail wp-image-1113\" src=\"http:\/\/www.francoisbardier.com\/wp-content\/uploads\/2013\/07\/IMG_8712-150x150.jpg\" alt=\"IMG_8712\" width=\"150\" height=\"150\" \/><\/a> <a href=\"http:\/\/www.francoisbardier.com\/wp-content\/uploads\/2013\/07\/IMG_8724.jpg\"><img decoding=\"async\" loading=\"lazy\" class=\"alignnone size-thumbnail wp-image-1115\" src=\"http:\/\/www.francoisbardier.com\/wp-content\/uploads\/2013\/07\/IMG_8724-150x150.jpg\" alt=\"IMG_8724\" width=\"150\" height=\"150\" \/><\/a><a href=\"http:\/\/www.francoisbardier.com\/wp-content\/uploads\/2013\/07\/IMG_8212.jpg\"> <img decoding=\"async\" loading=\"lazy\" class=\"alignnone size-thumbnail wp-image-1112\" src=\"http:\/\/www.francoisbardier.com\/wp-content\/uploads\/2013\/07\/IMG_8212-150x150.jpg\" alt=\"IMG_8212\" width=\"150\" height=\"150\" \/><\/a><\/p>\n<p>Ensuite le tournage a \u00e9t\u00e9 fait en quelques jours. Le dernier jour a \u00e9t\u00e9 consacr\u00e9 \u00e0 l&rsquo;enregistrement des voix, au montage vid\u00e9o et audio ainsi qu&rsquo;une petite projection en pr\u00e9sence des parents des participants.<\/p>\n<p><a href=\"http:\/\/www.francoisbardier.com\/wp-content\/uploads\/2013\/07\/IMG_8747.jpg\"><img decoding=\"async\" loading=\"lazy\" class=\"alignnone size-thumbnail wp-image-1116\" src=\"http:\/\/www.francoisbardier.com\/wp-content\/uploads\/2013\/07\/IMG_8747-150x150.jpg\" alt=\"IMG_8747\" width=\"150\" height=\"150\" \/> <\/a><a href=\"http:\/\/www.francoisbardier.com\/wp-content\/uploads\/2013\/07\/IMG_8729.jpg\"><img decoding=\"async\" loading=\"lazy\" class=\"alignnone size-thumbnail wp-image-1117\" src=\"http:\/\/www.francoisbardier.com\/wp-content\/uploads\/2013\/07\/IMG_8729-150x150.jpg\" alt=\"IMG_8729\" width=\"150\" height=\"150\" \/><\/a> <a href=\"http:\/\/www.francoisbardier.com\/wp-content\/uploads\/2013\/07\/IMG_8748.jpg\"><img decoding=\"async\" loading=\"lazy\" class=\"alignnone size-thumbnail wp-image-1118\" src=\"http:\/\/www.francoisbardier.com\/wp-content\/uploads\/2013\/07\/IMG_8748-150x150.jpg\" alt=\"IMG_8748\" width=\"150\" height=\"150\" \/><\/a><\/p>\n<p><a href=\"http:\/\/www.francoisbardier.com\/wp-content\/uploads\/2013\/07\/IMG_8762.jpg\"><img decoding=\"async\" loading=\"lazy\" class=\"alignnone size-thumbnail wp-image-1119\" src=\"http:\/\/www.francoisbardier.com\/wp-content\/uploads\/2013\/07\/IMG_8762-150x150.jpg\" alt=\"IMG_8762\" width=\"150\" height=\"150\" \/> <\/a><a href=\"http:\/\/www.francoisbardier.com\/wp-content\/uploads\/2013\/07\/IMG_8216.jpg\"><img decoding=\"async\" loading=\"lazy\" class=\"alignnone size-thumbnail wp-image-1120\" src=\"http:\/\/www.francoisbardier.com\/wp-content\/uploads\/2013\/07\/IMG_8216-150x150.jpg\" alt=\"IMG_8216\" width=\"150\" height=\"150\" \/> <\/a><a href=\"http:\/\/www.francoisbardier.com\/wp-content\/uploads\/2013\/07\/IMG_8217.jpg\"><img decoding=\"async\" loading=\"lazy\" class=\"alignnone size-thumbnail wp-image-1122\" src=\"http:\/\/www.francoisbardier.com\/wp-content\/uploads\/2013\/07\/IMG_8217-150x150.jpg\" alt=\"IMG_8217\" width=\"150\" height=\"150\" \/><\/a><\/p>\n<p><a href=\"http:\/\/www.francoisbardier.com\/wp-content\/uploads\/2013\/07\/IMG_8226.jpg\"><img decoding=\"async\" loading=\"lazy\" class=\"alignnone size-thumbnail wp-image-1123\" src=\"http:\/\/www.francoisbardier.com\/wp-content\/uploads\/2013\/07\/IMG_8226-150x150.jpg\" alt=\"IMG_8226\" width=\"150\" height=\"150\" \/> <\/a><a href=\"http:\/\/www.francoisbardier.com\/wp-content\/uploads\/2013\/07\/IMG_8766.jpg\"><img decoding=\"async\" loading=\"lazy\" class=\"alignnone size-thumbnail wp-image-1124\" src=\"http:\/\/www.francoisbardier.com\/wp-content\/uploads\/2013\/07\/IMG_8766-150x150.jpg\" alt=\"IMG_8766\" width=\"150\" height=\"150\" \/><\/a> <a href=\"http:\/\/www.francoisbardier.com\/wp-content\/uploads\/2013\/07\/IMG_8721.jpg\"><img decoding=\"async\" loading=\"lazy\" class=\"alignnone size-thumbnail wp-image-1125\" src=\"http:\/\/www.francoisbardier.com\/wp-content\/uploads\/2013\/07\/IMG_8721-150x150.jpg\" alt=\"IMG_8721\" width=\"150\" height=\"150\" \/><\/a><\/p>\n<p><a href=\"http:\/\/www.francoisbardier.com\/wp-content\/uploads\/2013\/07\/IMG_8743.jpg\"><img decoding=\"async\" loading=\"lazy\" class=\"alignnone size-thumbnail wp-image-1126\" src=\"http:\/\/www.francoisbardier.com\/wp-content\/uploads\/2013\/07\/IMG_8743-150x150.jpg\" alt=\"IMG_8743\" width=\"150\" height=\"150\" \/><\/a><\/p>\n","protected":false},"excerpt":{"rendered":"<p>Petit r\u00e9cit d&rsquo;un atelier de cin\u00e9ma d&rsquo;animation \u00e0 la biblioth\u00e8que du 3eme arrondissement de Lyon propos\u00e9 durant les vacances de f\u00e9vrier 2013 et co-anim\u00e9 avec la m\u00e9diatrice culturelle Evelyne Hemidy. Cet atelier a \u00e9t\u00e9 men\u00e9 aupr\u00e8s de 5 adolescents durant 5 apr\u00e8s-midi autour de la technique d&rsquo;animation de l\u00e9gos et de jouets ainsi que l&rsquo;utilisation &hellip; <a href=\"https:\/\/www.francoisbardier.com\/?page_id=948\" class=\"more-link\">Continuer la lecture de <span class=\"screen-reader-text\">Atelier biblioth\u00e8que 3eme &#8211; F\u00e9vrier 2013<\/span>  <span class=\"meta-nav\">&rarr;<\/span><\/a><\/p>\n","protected":false},"author":2,"featured_media":0,"parent":58,"menu_order":0,"comment_status":"closed","ping_status":"open","template":"","meta":[],"_links":{"self":[{"href":"https:\/\/www.francoisbardier.com\/index.php?rest_route=\/wp\/v2\/pages\/948"}],"collection":[{"href":"https:\/\/www.francoisbardier.com\/index.php?rest_route=\/wp\/v2\/pages"}],"about":[{"href":"https:\/\/www.francoisbardier.com\/index.php?rest_route=\/wp\/v2\/types\/page"}],"author":[{"embeddable":true,"href":"https:\/\/www.francoisbardier.com\/index.php?rest_route=\/wp\/v2\/users\/2"}],"replies":[{"embeddable":true,"href":"https:\/\/www.francoisbardier.com\/index.php?rest_route=%2Fwp%2Fv2%2Fcomments&post=948"}],"version-history":[{"count":11,"href":"https:\/\/www.francoisbardier.com\/index.php?rest_route=\/wp\/v2\/pages\/948\/revisions"}],"predecessor-version":[{"id":1930,"href":"https:\/\/www.francoisbardier.com\/index.php?rest_route=\/wp\/v2\/pages\/948\/revisions\/1930"}],"up":[{"embeddable":true,"href":"https:\/\/www.francoisbardier.com\/index.php?rest_route=\/wp\/v2\/pages\/58"}],"wp:attachment":[{"href":"https:\/\/www.francoisbardier.com\/index.php?rest_route=%2Fwp%2Fv2%2Fmedia&parent=948"}],"curies":[{"name":"wp","href":"https:\/\/api.w.org\/{rel}","templated":true}]}}