{"id":85,"date":"2011-06-12T14:01:58","date_gmt":"2011-06-12T14:01:58","guid":{"rendered":"http:\/\/www.francoisbardier.com\/?page_id=85"},"modified":"2026-02-17T16:16:01","modified_gmt":"2026-02-17T16:16:01","slug":"c-v","status":"publish","type":"page","link":"https:\/\/www.francoisbardier.com\/?page_id=85","title":{"rendered":"Parcours"},"content":{"rendered":"<p><strong>ETUDES:<\/strong><\/p>\n<p><strong>2025:<\/strong> Entr\u00e9e en master \u00ab\u00a0Psychologie psychopathologie clinique psychanalytique\u00a0\u00bb.<\/p>\n<p><strong>2025:<\/strong> Obtention de la licence de psychologie \u00e0 l\u2019universit\u00e9 Lyon 2<\/p>\n<p><strong>2019:<\/strong> Formation initiation \u00e0 l\u2019analyse de la pratique &#8211; Universit\u00e9 Lyon 2.<\/p>\n<p><strong>Depuis 2011 :<\/strong> Inscrit en licence de psychologie sous le r\u00e9gime de la Formation par la pratique (FPP) \u00e0 l&rsquo;universit\u00e9 Lyon 2 en vue de l&rsquo;obtention du master de psychologie.<\/p>\n<p><strong>2007-2009 :<\/strong> Dipl\u00f4me universitaire \u00ab Soin psychique, cr\u00e9ativit\u00e9 et expression artistique \u00bb \u00e0 l&rsquo;universit\u00e9 Lyon 2, institut de psychologie.<\/p>\n<p><strong>1998-2002 :<\/strong> \u00c9cole d\u2019arts graphiques \u00c9mile COHL (Lyon) \u2013 Dipl\u00f4me de dessinateur- concepteur &#8211; sp\u00e9cialisation infographie. Reconnu par l\u2019\u00c9tat. \u00c9quivalence en maitrise Niveau II.<\/p>\n<p><strong>EXPERIENCE PROFESSIONNELLE:<\/strong><\/p>\n<p><strong> Animation &#8211; Cours :<\/strong><\/p>\n<p>Interventions en cin\u00e9ma d&rsquo;animation en \u00e9coles, lyc\u00e9e, IME, biblioth\u00e8ques.<\/p>\n<p><strong>Depuis 2024:<\/strong> Atscaf du Rhone &#8211; Atelier d\u2019arts plastiques.<\/p>\n<p><strong>Depuis 2019:<\/strong> Ateliers de cin\u00e9ma d&rsquo;animation dans le cadre du festival BD&rsquo;cines: Ecole Jean Jaur\u00e8s, IME l&rsquo;oiseau blanc.<\/p>\n<p><strong>2010-2013 :<\/strong> Animation d&rsquo;un atelier p\u00e9riscolaire en cin\u00e9ma d&rsquo;animation aupr\u00e8s d\u2019\u00e9l\u00e8ves du coll\u00e8ge Raoul Dufy (Lyon).<\/p>\n<p><strong>2009-2013:<\/strong> Animation d&rsquo;ateliers d&rsquo;initiation \u00e0 l&rsquo;informatique aupr\u00e8s d&rsquo;adultes et de personnes \u00e2g\u00e9es \u00e0 la Maison pour tous-Salle des Rancy (Lyon).<\/p>\n<p><strong>2009-2011 :<\/strong> Animation d&rsquo;un atelier informatique-multim\u00e9dia \u00e0 l&rsquo;\u00e9cole primaire Lumi\u00e8re (Lyon) dans le cadre d&rsquo;ateliers p\u00e9riscolaires.<\/p>\n<p><strong>2007-2013:<\/strong> Animation d&rsquo;un atelier \u00ab Dessin-Bande dessin\u00e9e \u00bb \u00e0 la maison pour tous\u2013 salle des Rancy (Lyon) aupr\u00e8s d\u2019enfants et d\u2019adolescents.<\/p>\n<p><strong>Depuis 2007:<\/strong> Animation d&rsquo;un atelier cin\u00e9ma d\u2019animation \u00e0 la maison pour tous\u2013salle des Rancy (Lyon) aupr\u00e8s d\u2019adultes.<\/p>\n<p><strong>2007-2008 :<\/strong> Animation d&rsquo;un atelier cin\u00e9ma d\u2019animation \u00e0 la maison pour tous\u2013salle des Rancy (Lyon) aupr\u00e8s d\u2019enfants.<\/p>\n<p><strong>2005- 2009:<\/strong> Intervenant en animation 2D pour l&rsquo;\u00e9cole d&rsquo;arts appliqu\u00e9s Bellecour (Lyon) aupr\u00e8s d\u2019\u00e9tudiants en infographie-3D (Bachelor infographie &#8211; ESIA 3D).<\/p>\n<p><strong>2009:<\/strong> Intervenant en dessin, croquis et formation \u00e0 Adobe Flash \u00e0 l&rsquo;\u00e9cole Factory (Villeurbanne).<\/p>\n<p><strong>2003-2007:<\/strong> Animation d\u2019un atelier de cin\u00e9ma d\u2019animation pour adolescents au centre L\u00e9o Lagrange de Villeurbanne.<\/p>\n<p><strong>2006:<\/strong> Intervenant-formateur en arts plastiques pour l\u2019Institut du Travail Social de Caluire et l&rsquo;association \u00ab Recherches et promotion \u00bb (Lyon) aupr\u00e8s d&rsquo;assistantes m\u00e9dico-psychologiques (AMP) en formation.<\/p>\n<p><strong> Ann\u00e9e scolaire 2004-2005:<\/strong> Animation d\u2019ateliers d\u2019expression artistique \u00e0 l&rsquo;\u00e9cole maternelle Painlev\u00e9 (Lyon) aupr\u00e8s d&rsquo;enfants pr\u00e9sentant des troubles du comportement.<\/p>\n<p><strong>2003:<\/strong> Conception des d\u00e9cors de la f\u00eate de quartier de la Guilloti\u00e8re (Lyon) avec les enfants des centres de loisirs du 3eme arrondissement et les personnes primo-arrivantes de l&rsquo;ASSFAM (L&rsquo;Association service social familial migrants).<\/p>\n<p><strong> Art-th\u00e9rapie \u2013 Ateliers \u00e0 m\u00e9diation:<\/strong><\/p>\n<p><strong>\u00c9tablissements pour personnes \u00e2g\u00e9es en Ehpad, accueil de jour et unit\u00e9 prot\u00e9g\u00e9e Alzheimer:<\/strong><\/p>\n<p>&#8211; Depuis 2024: Accueil des buers (Villeurbanne) Accueil de jour et ehpad.<br \/>\n&#8211; Depuis 2020: ACPPA &#8211; Les Aliz\u00e9s (Saint Priest). Ehpad et unit\u00e9 de vie prot\u00e9g\u00e9e.<br \/>\n&#8211; Depuis 2020: Emeis croix Rousse (Lyon)<br \/>\n&#8211; 2021-2023: Omeris 6e (Lyon). Ehpad.<br \/>\n&#8211; 2018-2019: R\u00e9sidence Cardinal Maurin (Oullins). Ehpad.<br \/>\n&#8211; 2013-2019: Omeris part dieu (Lyon). Ehpad et unit\u00e9 de vie prot\u00e9g\u00e9e.<br \/>\n&#8211; 2012-2020: Accueil de jour A-loisirs (Villeurbanne)<br \/>\n&#8211; 2008: Les hibiscus (Lyon). Ehpad. Stage de 1ere ann\u00e9e du DUSCOPCEA.<\/p>\n<p><strong>Handicap mental et psychique en foyer, accueil de jour, \u00e9tablissement psychiatrique:<\/strong><\/p>\n<p>&#8211; Depuis 2025: Espace groupal contenant, h\u00f4pital de jour, ARHM (Lyon).<br \/>\n&#8211; Depuis 2010: Association pour adultes et jeunes handicap\u00e9s (APAJH) Foyer de vie et accueil de<br \/>\njour (Villeurbanne).<br \/>\n&#8211; 2009: H\u00f4pital psychiatrique Saint Jean de Dieu. Unit\u00e9s fontaine et roseau et Cl\u00e9 de sol. Stage de<br \/>\n2e ann\u00e9e du DUSOPCEA.<\/p>\n<p><strong>Personnes en r\u00e9insertion ou en difficult\u00e9 sociale:<\/strong><\/p>\n<p>2023-2024: Centre de r\u00e9tention administrative:<br \/>\n&#8211; F\u00e9d\u00e9ration des oeuvres la\u00efques (2023-2024) &#8211; CRA de Saint Exup\u00e9ry.<\/p>\n<p>&#8211; 2023: Epicerie solidaire &#8211; Panier des Gones &#8211; CCAS du Rh\u00f4ne.<br \/>\n&#8211; 2012-2013: Maison relais &#8211; ASLIM du Rh\u00f4ne.<\/p>\n<p><strong>Depuis 2010 :<\/strong> Co-cr\u00e9ation de l&rsquo;association \u00ab\u00a0Arts-Lyon m\u00e9diation\u00a0\u00bb, collectif professionnel interdisciplinaire autour des m\u00e9diations (http:\/\/mediationslyon.wordpress.com\/).<\/p>\n<p><strong>Travail plastique et graphique:<\/strong><\/p>\n<p><strong>2023:<\/strong> Exposition de peinture-collage \u00e0 l&rsquo;espace Rancy part-Dieu (Lyon).<\/p>\n<p><strong>Depuis 2005:<\/strong> Travail personnel et recherches en arts plastiques, graphiques et art- th\u00e9rapie (Peinture, modelage, land-art, dessin, bande dessin\u00e9e, cin\u00e9ma d&rsquo;animation&#8230;Etc&#8230;).<\/p>\n<p><strong>Novembre 2006:<\/strong> Participation a\u0300 une exposition collective d\u2019arts plastiques \u00e0 la galerie associative \u00ab l\u2019interstice \u00bb (Lyon). Exposition de peintures.<\/p>\n<p><strong>Graphisme et d\u2019illustration:<\/strong><\/p>\n<p><strong>2017:<\/strong> R\u00e9alisation de la BD du livre-disque de Jean-Baptiste \u00ab\u00a0Veujoz: Itin\u00e9raire bis\u00a0\u00bb.<\/p>\n<p><strong>2002:<\/strong> Illustrations pour le livre: \u00ab D\u00e9motiver \u00e0\u00a0 coup s\u00fbr \u00bb aux \u00e9ditions d&rsquo;organisation&#8230;). Depuis 2002: D\u00e9veloppement de projets personnels en bande dessin\u00e9e et illustration.<\/p>\n<p><strong>2004:<\/strong> Mise en couleur de Bande-Dessin\u00e9e (Technique : infographie) pour le tome 5 de la s\u00e9rie \u00ab La compagnie des Glaces \u00bb aux \u00e9ditions Dargaud. 2002-2004: Divers travaux de graphisme et d\u2019illustration pour BPI consultants (plaquettes, communication interne).<\/p>\n<p><strong>2005-2006<\/strong>: R\u00e9alisation des sites Internet de \u00ab l\u2019Institut des Juristes en Droit Social \u00bb et de \u00ab L\u2019orchestre du Buisson Compagnie \u00bb.<\/p>\n","protected":false},"excerpt":{"rendered":"<p>ETUDES: 2025: Entr\u00e9e en master \u00ab\u00a0Psychologie psychopathologie clinique psychanalytique\u00a0\u00bb. 2025: Obtention de la licence de psychologie \u00e0 l\u2019universit\u00e9 Lyon 2 2019: Formation initiation \u00e0 l\u2019analyse de la pratique &#8211; Universit\u00e9 Lyon 2. Depuis 2011 : Inscrit en licence de psychologie sous le r\u00e9gime de la Formation par la pratique (FPP) \u00e0 l&rsquo;universit\u00e9 Lyon 2 en &hellip; <a href=\"https:\/\/www.francoisbardier.com\/?page_id=85\" class=\"more-link\">Continuer la lecture de <span class=\"screen-reader-text\">Parcours<\/span>  <span class=\"meta-nav\">&rarr;<\/span><\/a><\/p>\n","protected":false},"author":2,"featured_media":0,"parent":0,"menu_order":0,"comment_status":"closed","ping_status":"open","template":"","meta":[],"_links":{"self":[{"href":"https:\/\/www.francoisbardier.com\/index.php?rest_route=\/wp\/v2\/pages\/85"}],"collection":[{"href":"https:\/\/www.francoisbardier.com\/index.php?rest_route=\/wp\/v2\/pages"}],"about":[{"href":"https:\/\/www.francoisbardier.com\/index.php?rest_route=\/wp\/v2\/types\/page"}],"author":[{"embeddable":true,"href":"https:\/\/www.francoisbardier.com\/index.php?rest_route=\/wp\/v2\/users\/2"}],"replies":[{"embeddable":true,"href":"https:\/\/www.francoisbardier.com\/index.php?rest_route=%2Fwp%2Fv2%2Fcomments&post=85"}],"version-history":[{"count":42,"href":"https:\/\/www.francoisbardier.com\/index.php?rest_route=\/wp\/v2\/pages\/85\/revisions"}],"predecessor-version":[{"id":1989,"href":"https:\/\/www.francoisbardier.com\/index.php?rest_route=\/wp\/v2\/pages\/85\/revisions\/1989"}],"wp:attachment":[{"href":"https:\/\/www.francoisbardier.com\/index.php?rest_route=%2Fwp%2Fv2%2Fmedia&parent=85"}],"curies":[{"name":"wp","href":"https:\/\/api.w.org\/{rel}","templated":true}]}}