{"id":629,"date":"2012-12-19T10:32:34","date_gmt":"2012-12-19T10:32:34","guid":{"rendered":"http:\/\/www.francoisbardier.com\/?page_id=629"},"modified":"2021-09-19T07:27:51","modified_gmt":"2021-09-19T07:27:51","slug":"archives","status":"publish","type":"page","link":"https:\/\/www.francoisbardier.com\/?page_id=629","title":{"rendered":"Archives&#8230;"},"content":{"rendered":"<p>Voici quelques petits films r\u00e9alis\u00e9s durant mes \u00e9tudes \u00e0 l&rsquo;\u00e9cole Emile Cohl&#8230; Souvenirs, souvenirs&#8230;!<\/p>\n<p><strong>\u00ab\u00a0Il ne faut pas vendre la peau de l&rsquo;ours\u00a0\u00bb (2001):<\/strong><\/p>\n<p>Film r\u00e9alis\u00e9 en 2eme ann\u00e9e avec Frederik Salsedo, aujourd&rsquo;hui devenu auteur de BD (\u00ab\u00a0Ratafia\u00a0\u00bb avec Nicolas Pothier, \u00ab\u00a0Nous ne serons jamais des h\u00e9ros\u00a0\u00bb avec Olivier Jouvray).<\/p>\n<p>Le film est en p\u00e2te \u00e0 modeler sur un d\u00e9cor en papier mach\u00e9 construit par nos soins (Aid\u00e9s par G\u00e9rald Pr\u00e9aux).<\/p>\n<p id=\"player1\" style=\"display:none\"><a href=\"http:\/\/www.macromedia.com\/go\/getflashplayer\">Get the latest Flash Player<\/a> to see this player.<\/p>\n<noscript><p>[Javascript required to view Flash movie, please turn it on and refresh this page]<\/p><\/noscript>\n\n<script type=\"text\/javascript\">\n\tdocument.getElementById(\"player1\").style.display = \"\";\n\t\n\tvar s1 = new SWFObject(\"http:\/\/www.francoisbardier.com\/wp-content\/plugins\/flv-embed\/flvplayer.swf\",\"player1\",\"500\",\"400\",\"7\");\n\ts1.addParam(\"wmode\",\"transparent\");\n\ts1.addParam(\"allowscriptaccess\",\"always\");\n\ts1.addParam(\"allowfullscreen\",\"true\");\n\ts1.addVariable(\"height\",\"400\");\n\ts1.addVariable(\"width\",\"500\"); \n\ts1.addVariable(\"file\",\"\/wp-content\/uploads\/2012\/12\/film-ours.flv\");\n\ts1.addVariable(\"link\",\"\/wp-content\/uploads\/2012\/12\/film-ours.flv\");\n\ts1.write(\"player1\");\n<\/script>\n<p><strong>\u00ab\u00a0Le spectacle est permanent\u00a0\u00bb (2002):<\/strong><\/p>\n<p>Projet de dipl\u00f4me en animation traditionnelle (Dessin anim\u00e9, enfin un peu anim\u00e9 !) et en compositing (Sur after effects).<\/p>\n<p>L&rsquo;histoire est une adaptation d&rsquo;une nouvelle de Roland Topor \u00ab\u00a0Le spectacle est permanent\u00a0\u00bb.<\/p>\n<p id=\"player2\" style=\"display:none\"><a href=\"http:\/\/www.macromedia.com\/go\/getflashplayer\">Get the latest Flash Player<\/a> to see this player.<\/p>\n<noscript><p>[Javascript required to view Flash movie, please turn it on and refresh this page]<\/p><\/noscript>\n\n<script type=\"text\/javascript\">\n\tdocument.getElementById(\"player2\").style.display = \"\";\n\t\n\tvar s2 = new SWFObject(\"http:\/\/www.francoisbardier.com\/wp-content\/plugins\/flv-embed\/flvplayer.swf\",\"player2\",\"500\",\"400\",\"7\");\n\ts2.addParam(\"wmode\",\"transparent\");\n\ts2.addParam(\"allowscriptaccess\",\"always\");\n\ts2.addParam(\"allowfullscreen\",\"true\");\n\ts2.addVariable(\"height\",\"400\");\n\ts2.addVariable(\"width\",\"500\"); \n\ts2.addVariable(\"file\",\"\/wp-content\/uploads\/2012\/12\/Le-spectacle-est-permanent.flv\");\n\ts2.addVariable(\"link\",\"\/wp-content\/uploads\/2012\/12\/Le-spectacle-est-permanent.flv\");\n\ts2.write(\"player2\");\n<\/script>\n","protected":false},"excerpt":{"rendered":"<p>Voici quelques petits films r\u00e9alis\u00e9s durant mes \u00e9tudes \u00e0 l&rsquo;\u00e9cole Emile Cohl&#8230; Souvenirs, souvenirs&#8230;! \u00ab\u00a0Il ne faut pas vendre la peau de l&rsquo;ours\u00a0\u00bb (2001): Film r\u00e9alis\u00e9 en 2eme ann\u00e9e avec Frederik Salsedo, aujourd&rsquo;hui devenu auteur de BD (\u00ab\u00a0Ratafia\u00a0\u00bb avec Nicolas Pothier, \u00ab\u00a0Nous ne serons jamais des h\u00e9ros\u00a0\u00bb avec Olivier Jouvray). Le film est en p\u00e2te &hellip; <a href=\"https:\/\/www.francoisbardier.com\/?page_id=629\" class=\"more-link\">Continuer la lecture de <span class=\"screen-reader-text\">Archives&#8230;<\/span>  <span class=\"meta-nav\">&rarr;<\/span><\/a><\/p>\n","protected":false},"author":2,"featured_media":0,"parent":0,"menu_order":0,"comment_status":"closed","ping_status":"open","template":"","meta":[],"_links":{"self":[{"href":"https:\/\/www.francoisbardier.com\/index.php?rest_route=\/wp\/v2\/pages\/629"}],"collection":[{"href":"https:\/\/www.francoisbardier.com\/index.php?rest_route=\/wp\/v2\/pages"}],"about":[{"href":"https:\/\/www.francoisbardier.com\/index.php?rest_route=\/wp\/v2\/types\/page"}],"author":[{"embeddable":true,"href":"https:\/\/www.francoisbardier.com\/index.php?rest_route=\/wp\/v2\/users\/2"}],"replies":[{"embeddable":true,"href":"https:\/\/www.francoisbardier.com\/index.php?rest_route=%2Fwp%2Fv2%2Fcomments&post=629"}],"version-history":[{"count":9,"href":"https:\/\/www.francoisbardier.com\/index.php?rest_route=\/wp\/v2\/pages\/629\/revisions"}],"predecessor-version":[{"id":1818,"href":"https:\/\/www.francoisbardier.com\/index.php?rest_route=\/wp\/v2\/pages\/629\/revisions\/1818"}],"wp:attachment":[{"href":"https:\/\/www.francoisbardier.com\/index.php?rest_route=%2Fwp%2Fv2%2Fmedia&parent=629"}],"curies":[{"name":"wp","href":"https:\/\/api.w.org\/{rel}","templated":true}]}}