{"id":33,"date":"2011-06-06T19:18:20","date_gmt":"2011-06-06T19:18:20","guid":{"rendered":"http:\/\/www.francoisbardier.com\/?page_id=33"},"modified":"2021-09-19T07:27:51","modified_gmt":"2021-09-19T07:27:51","slug":"le-principe-des-ateliers-a-mediation","status":"publish","type":"page","link":"https:\/\/www.francoisbardier.com\/?page_id=33","title":{"rendered":"A propos des ateliers \u00e0 m\u00e9diation"},"content":{"rendered":"<p>Les ateliers \u00e0 m\u00e9diations sont comme leur nom l&rsquo;indique des ateliers qui utilisent une m\u00e9diation dans une vis\u00e9e: Cr\u00e9er du lien social, favoriser le soin relationnel et psychique, aider des personnes en insertion, etc&#8230;<\/p>\n<p>Les objectifs d\u00e9pendent du public vis\u00e9, de la structure qui h\u00e9berge l&rsquo;atelier, des objectifs de ses animateurs&#8230;Ect&#8230;<\/p>\n<p><a href=\"http:\/\/www.francoisbardier.com\/wp-content\/uploads\/2011\/06\/Table-4.jpg\"><img decoding=\"async\" loading=\"lazy\" class=\"alignnone size-thumbnail wp-image-335\" src=\"http:\/\/www.francoisbardier.com\/wp-content\/uploads\/2012\/02\/CIMG0100-150x150.jpg\" alt=\"CIMG0100\" width=\"150\" height=\"150\" \/>\u00a0<\/a><a href=\"http:\/\/www.francoisbardier.com\/wp-content\/uploads\/2014\/09\/IMG_7094_resultat.jpg\"><img decoding=\"async\" loading=\"lazy\" class=\"alignnone size-thumbnail wp-image-1356\" src=\"http:\/\/www.francoisbardier.com\/wp-content\/uploads\/2014\/09\/IMG_7094_resultat-150x150.jpg\" alt=\"\" width=\"150\" height=\"150\" srcset=\"https:\/\/www.francoisbardier.com\/wp-content\/uploads\/2014\/09\/IMG_7094_resultat-150x150.jpg 150w, https:\/\/www.francoisbardier.com\/wp-content\/uploads\/2014\/09\/IMG_7094_resultat-230x230.jpg 230w\" sizes=\"(max-width: 150px) 100vw, 150px\" \/><\/a><\/p>\n<p>&nbsp;<\/p>\n<p><img decoding=\"async\" loading=\"lazy\" class=\"alignnone size-thumbnail wp-image-1283\" src=\"http:\/\/www.francoisbardier.com\/wp-content\/uploads\/2011\/06\/Mains-1_resultat-150x150.jpg\" alt=\"Mains - 1_resultat\" width=\"150\" height=\"150\" srcset=\"https:\/\/www.francoisbardier.com\/wp-content\/uploads\/2011\/06\/Mains-1_resultat-150x150.jpg 150w, https:\/\/www.francoisbardier.com\/wp-content\/uploads\/2011\/06\/Mains-1_resultat-230x230.jpg 230w\" sizes=\"(max-width: 150px) 100vw, 150px\" \/>\u00a0 <img decoding=\"async\" loading=\"lazy\" class=\"alignnone wp-image-105 size-thumbnail\" title=\"Table 4\" src=\"http:\/\/www.francoisbardier.com\/wp-content\/uploads\/2011\/06\/Table-4-150x150.jpg\" alt=\"\" width=\"150\" height=\"150\" \/><\/p>\n<p><strong>Ateliers \u00e0 m\u00e9diation th\u00e9rapeutiques et r\u00e9f\u00e9rences th\u00e9oriques:<\/strong><\/p>\n<p>De part ma formation (Dipl\u00f4me universitaire \u00ab\u00a0soin psychique cr\u00e9ativit\u00e9 et expression artistique\u00a0\u00bb, Universit\u00e9 lyon 2), mes r\u00e9f\u00e9rences th\u00e9oriques sont celles de la psychanalyse notamment la psychanalyse de groupe s&rsquo;adaptant aux ateliers \u00e0 m\u00e9diations comme celles th\u00e9oris\u00e9es par Didier Anzieu, Ren\u00e9 Roussillon, Ren\u00e9 Ka\u00e8s, Claudine Vacheret ou Anne Brun (L&rsquo;\u00e9cole Lyonnaise) et avant eux D.W.Winnicott, Marion Milner&#8230;<\/p>\n<p>Je continue d&rsquo;ailleurs \u00e0 me former \u00e0 l&rsquo;institut de psychologie de l&rsquo;universit\u00e9 Lyon 2 dans le cadre du r\u00e9gime de formation par la pratique (FPP).<\/p>\n<p><strong>Le d\u00e9roulement des ateliers \u00e0 m\u00e9diation:<\/strong><\/p>\n<p>Les ateliers commencent par un <strong>temps d&rsquo;accueil<\/strong> ritualis\u00e9 qui permet \u00e0 chacun d&rsquo;entrer dans l&rsquo;espace-temps de l&rsquo;atelier. Certains aspects de l&rsquo;atelier y sont rappell\u00e9s (R\u00e8gles, d\u00e9roulement, ect&#8230;) et la consigne propos\u00e9e est enonc\u00e9e.<\/p>\n<p>Les participants \u00e0 l&rsquo;atelier sont alors invit\u00e9s, par l&rsquo;animateur\/trice ou les co-animateurs\/trices \u00e0 s&#8217;emparer du m\u00e9dium propos\u00e9 (peinture, terre, papier, ect&#8230;) pour cr\u00e9er, l&rsquo;utiliser, en exp\u00e9rimenter les propri\u00e9t\u00e9s (Sensorielles, visuelles, tactiles, plastiques ect&#8230;) et peut-\u00eatre partager cette exp\u00e9rience avec les autres. C&rsquo;est le <strong>temps de production.<\/strong><\/p>\n<p>Une fois le temps de production termin\u00e9, et parfois apr\u00e8s une petite pause, les participants sont invit\u00e9s, toujours de mani\u00e8re libre et non obligatoire, \u00e0 exprimer ce qu&rsquo;ils ont envie autour de leur production, de ce qu&rsquo;elle leur donne \u00e0 imaginer, ressentir, et\/ou comment ils ont v\u00e9cu la s\u00e9ance. C&rsquo;est \u00e9galement l&rsquo;occasion d&rsquo;un \u00e9change avec le groupe, les autres participants. C&rsquo;est le <strong>temps de parole.<\/strong><\/p>\n<p>Les oeuvres cr\u00e9ees lors de ces ateliers peuvent \u00eatre compar\u00e9es \u00e0 des objets transitionnels tels que les a d\u00e9finit D.W.Winnicott. Ils peuvent \u00eatre l&rsquo;expression plus ou moins consciente de ce qui habite la personne qui l&rsquo;a cr\u00e9ee et dont la mat\u00e9rialisation lui permet d&rsquo;avancer dans son cheminement.<br \/>\n<strong><br \/>\nLes effets th\u00e9rapeutiques des ateliers \u00e0 m\u00e9diation:<\/strong><\/p>\n<p>Les effets th\u00e9rapeutiques des ateliers \u00e0 m\u00e9diations sont produits par diff\u00e9rents processus:<\/p>\n<p>&#8211; La symbolisation primaire: C&rsquo;est l&rsquo;effet de s&rsquo;exprimer \u00e0 travers le m\u00e9dium. Les cr\u00e9ations produites renvoient \u00e0 des besoins d&rsquo;exprimer certaines probl\u00e8matiques, ressentis, qui, mis \u00e0 l&rsquo;ext\u00e9rieur peuvent \u00eatre vus, mat\u00e9rialis\u00e9s, int\u00e9gr\u00e9s par la personne.<\/p>\n<p>&#8211; La symbolisation secondaire: C&rsquo;est le fait de s&rsquo;exprimer par la parole, de mettre des mots sur les ressentis, sur ce que nous fait imaginer, \u00e9prouver, ressentir la situation d&rsquo;atelier, les productions cr\u00e9es, les siennes et celles des autres.<\/p>\n<p>&#8211; Les aspects th\u00e9rapeutique du groupe (Tels qu&rsquo;ils ont \u00e9t\u00e9 th\u00e9oris\u00e9s entre autres par Didier Anzieu et Ren\u00e9 Ka\u00e8s): Transfert sur le groupe, diffraction du transfert, constitution de l&rsquo;enveloppe groupale, r\u00e9activation des groupes internes, mytho-poe\u00eftique de groupe&#8230;<\/p>\n<p>&#8211; Les effets de transfert sur le ou les animateur\/trice(s).<\/p>\n<p>Ces diff\u00e9rents aspects d&rsquo;un atelier qui ont un effet th\u00e9rapeutique s&rsquo;articulent entre eux et permettent \u00e0 chaque participant de vivre un parcours transitionnel de transformation psychique. Ce parcours, durant lequel ses probl\u00e9matiques pourront se rejouer, dans le cadre de l&rsquo;atelier verra la personne \u00e9voluer dans son rapport au monde, \u00e0 elle m\u00eame, aux autres, \u00e0 sa vie etc&#8230;<\/p>\n<p>Les ateliers \u00e0 m\u00e9diation sont utilis\u00e9s dans les structures m\u00e9dico-sociales, les maisons de retraite, les h\u00f4pitaux ect&#8230;<\/p>\n<p><strong>Les diff\u00e9rentes m\u00e9diations:<\/strong><\/p>\n<p>Les m\u00e9diations peuvent \u00eatre multiples et tr\u00e8s diff\u00e9rentes: Artistiques avec les arts plastiques (Modelage, collage, peinture&#8230;), la photo, la vid\u00e9o et les arts corporels (Th\u00e9atre, danse, tissu&#8230;), mais on peut \u00e9galement utiliser le jeu, le sport comme m\u00e9diation&#8230;<\/p>\n<p>Il est \u00e9galement possible d&rsquo;utiliser de nouvelles m\u00e9diations ou d&rsquo;en inventer ou r\u00e9inventer en s&rsquo;inspirant de ce qui existe d\u00e9j\u00e0: Par exemple le st\u00e9nop\u00e9, le photogramme&#8230;Ect&#8230;<\/p>\n<p>L&rsquo;important est de trouver la m\u00e9diation qui convient au public qui va participer aux ateliers et qui r\u00e9pond aux objectifs qu&rsquo;on a pr\u00e9vu pour celui-ci.<\/p>\n<p>Pour ma part, j&rsquo;utilise essentiellement les arts plastiques comme m\u00e9diation: collage, dessin, peinture, modelage (argile), p\u00e2te \u00e0 modeler, bande dessin\u00e9e, mais aussi cin\u00e9ma d&rsquo;animation et vid\u00e9o. Des arts visuels en g\u00e9n\u00e9ral.<\/p>\n<p><a href=\"http:\/\/www.francoisbardier.com\/wp-content\/uploads\/2011\/06\/Rasim-peint-2.jpg\"><img decoding=\"async\" loading=\"lazy\" class=\"aligncenter size-full wp-image-106\" title=\"Peinture\" src=\"http:\/\/www.francoisbardier.com\/wp-content\/uploads\/2011\/06\/Rasim-peint-2.jpg\" alt=\"\" width=\"800\" height=\"533\" srcset=\"https:\/\/www.francoisbardier.com\/wp-content\/uploads\/2011\/06\/Rasim-peint-2.jpg 800w, https:\/\/www.francoisbardier.com\/wp-content\/uploads\/2011\/06\/Rasim-peint-2-300x199.jpg 300w\" sizes=\"(max-width: 800px) 100vw, 800px\" \/><\/a><strong>Publics vis\u00e9s:<\/strong><\/p>\n<p>Les publics peuvent \u00eatre \u00e9galement vari\u00e9s: Personnes ag\u00e9es, personnes souffrant de d\u00e9ficience mentale, personnes en difficult\u00e9 psychique, enfants, ados ect&#8230;<\/p>\n<p>Parall\u00e8lement \u00e0 cette pratique, je participe aux activit\u00e9s de l&rsquo;association \u00ab\u00a0Arts Lyon m\u00e9diations\u00a0\u00bb autour des m\u00e9diations artistiques, culturelles, th\u00e9rapeutiques: <a title=\"http:\/\/mediationslyon.wordpress.com\/\" href=\"http:\/\/mediationslyon.wordpress.com\/\">http:\/\/mediationslyon.wordpress.com<\/a><\/p>\n<p>&nbsp;<\/p>\n<p>&nbsp;<\/p>\n","protected":false},"excerpt":{"rendered":"<p>Les ateliers \u00e0 m\u00e9diations sont comme leur nom l&rsquo;indique des ateliers qui utilisent une m\u00e9diation dans une vis\u00e9e: Cr\u00e9er du lien social, favoriser le soin relationnel et psychique, aider des personnes en insertion, etc&#8230; Les objectifs d\u00e9pendent du public vis\u00e9, de la structure qui h\u00e9berge l&rsquo;atelier, des objectifs de ses animateurs&#8230;Ect&#8230; \u00a0 &nbsp; \u00a0 Ateliers &hellip; <a href=\"https:\/\/www.francoisbardier.com\/?page_id=33\" class=\"more-link\">Continuer la lecture de <span class=\"screen-reader-text\">A propos des ateliers \u00e0 m\u00e9diation<\/span>  <span class=\"meta-nav\">&rarr;<\/span><\/a><\/p>\n","protected":false},"author":2,"featured_media":0,"parent":11,"menu_order":0,"comment_status":"closed","ping_status":"open","template":"","meta":[],"_links":{"self":[{"href":"https:\/\/www.francoisbardier.com\/index.php?rest_route=\/wp\/v2\/pages\/33"}],"collection":[{"href":"https:\/\/www.francoisbardier.com\/index.php?rest_route=\/wp\/v2\/pages"}],"about":[{"href":"https:\/\/www.francoisbardier.com\/index.php?rest_route=\/wp\/v2\/types\/page"}],"author":[{"embeddable":true,"href":"https:\/\/www.francoisbardier.com\/index.php?rest_route=\/wp\/v2\/users\/2"}],"replies":[{"embeddable":true,"href":"https:\/\/www.francoisbardier.com\/index.php?rest_route=%2Fwp%2Fv2%2Fcomments&post=33"}],"version-history":[{"count":40,"href":"https:\/\/www.francoisbardier.com\/index.php?rest_route=\/wp\/v2\/pages\/33\/revisions"}],"predecessor-version":[{"id":1852,"href":"https:\/\/www.francoisbardier.com\/index.php?rest_route=\/wp\/v2\/pages\/33\/revisions\/1852"}],"up":[{"embeddable":true,"href":"https:\/\/www.francoisbardier.com\/index.php?rest_route=\/wp\/v2\/pages\/11"}],"wp:attachment":[{"href":"https:\/\/www.francoisbardier.com\/index.php?rest_route=%2Fwp%2Fv2%2Fmedia&parent=33"}],"curies":[{"name":"wp","href":"https:\/\/api.w.org\/{rel}","templated":true}]}}