{"id":279,"date":"2011-07-27T20:37:32","date_gmt":"2011-07-27T20:37:32","guid":{"rendered":"http:\/\/www.francoisbardier.com\/?page_id=279"},"modified":"2021-09-19T07:27:51","modified_gmt":"2021-09-19T07:27:51","slug":"terre-argile","status":"publish","type":"page","link":"https:\/\/www.francoisbardier.com\/?page_id=279","title":{"rendered":"Terre-argile"},"content":{"rendered":"<p>L&rsquo;argile est fr\u00e9quemment utilis\u00e9e en m\u00e9diation artistique et th\u00e9rapeutique.<\/p>\n<p>Elle implique une relation tactile, sensuelle au m\u00e9dium, une confrontation corporelle qui peut \u00eatre v\u00e9cue de mani\u00e8re plus ou moins agr\u00e9able.<\/p>\n<p><a href=\"http:\/\/www.francoisbardier.com\/wp-content\/uploads\/2011\/07\/Serpent-Isabelle.jpg\"><img decoding=\"async\" loading=\"lazy\" class=\"aligncenter size-full wp-image-501\" title=\"Serpent Isabelle\" alt=\"\" src=\"http:\/\/www.francoisbardier.com\/wp-content\/uploads\/2011\/07\/Serpent-Isabelle.jpg\" width=\"800\" height=\"533\" srcset=\"https:\/\/www.francoisbardier.com\/wp-content\/uploads\/2011\/07\/Serpent-Isabelle.jpg 800w, https:\/\/www.francoisbardier.com\/wp-content\/uploads\/2011\/07\/Serpent-Isabelle-300x199.jpg 300w\" sizes=\"(max-width: 800px) 100vw, 800px\" \/><\/a>Les ateliers terre permettent \u00e0 chacun de materialiser un peu de sa vie int\u00e9rieur en volume et permettent parfois aussi \u00e0 un th\u00e9atre de terre de voir le jour au gr\u00e8s des \u00e9changes entre les participants et leurs productions.<\/p>\n<p>Ce petit th\u00e9atre peut permettre de mettre en sc\u00e8ne de mani\u00e8re ludique certaines angoisses ou v\u00e9cus du groupe et\/ou des diff\u00e9rents participants.<\/p>\n<p><span style=\"text-decoration: underline;\"><strong>Bibliographie:<\/strong><\/span><\/p>\n<p><strong>\u00ab\u00a0Argile vivante\u00a0\u00bb<\/strong> de Guy Lafarge &#8211; Editions de l&rsquo;art cru<\/p>\n<p>\u00ab\u00a0<strong>Modelage et psychose : de la mati\u00e8re brute \u00e0 sa mise en forme : sensorialit\u00e9, travail de l\u2019archa\u00efque et symbolisation\u00a0\u00bb<\/strong> de B\u00e9atrice Rey &#8211; Th\u00e8se de doctorat sous la direction de Bernard Chouvier &#8211; Universit\u00e9 Lyon 2.<\/p>\n<p>T\u00e9l\u00e9chargeable \u00e0 cette adresse: <a href=\"theses.univ-lyon2.fr\/documents\/getpart.php?id=2199&amp;action=pdf\u200e\"><cite>theses.univ-lyon2.fr\/documents\/getpart.php?id=2199&amp;action=pdf<\/cite>\u200e<\/a><\/p>\n","protected":false},"excerpt":{"rendered":"<p>L&rsquo;argile est fr\u00e9quemment utilis\u00e9e en m\u00e9diation artistique et th\u00e9rapeutique. Elle implique une relation tactile, sensuelle au m\u00e9dium, une confrontation corporelle qui peut \u00eatre v\u00e9cue de mani\u00e8re plus ou moins agr\u00e9able. Les ateliers terre permettent \u00e0 chacun de materialiser un peu de sa vie int\u00e9rieur en volume et permettent parfois aussi \u00e0 un th\u00e9atre de terre &hellip; <a href=\"https:\/\/www.francoisbardier.com\/?page_id=279\" class=\"more-link\">Continuer la lecture de <span class=\"screen-reader-text\">Terre-argile<\/span>  <span class=\"meta-nav\">&rarr;<\/span><\/a><\/p>\n","protected":false},"author":2,"featured_media":0,"parent":11,"menu_order":0,"comment_status":"closed","ping_status":"open","template":"","meta":[],"_links":{"self":[{"href":"https:\/\/www.francoisbardier.com\/index.php?rest_route=\/wp\/v2\/pages\/279"}],"collection":[{"href":"https:\/\/www.francoisbardier.com\/index.php?rest_route=\/wp\/v2\/pages"}],"about":[{"href":"https:\/\/www.francoisbardier.com\/index.php?rest_route=\/wp\/v2\/types\/page"}],"author":[{"embeddable":true,"href":"https:\/\/www.francoisbardier.com\/index.php?rest_route=\/wp\/v2\/users\/2"}],"replies":[{"embeddable":true,"href":"https:\/\/www.francoisbardier.com\/index.php?rest_route=%2Fwp%2Fv2%2Fcomments&post=279"}],"version-history":[{"count":7,"href":"https:\/\/www.francoisbardier.com\/index.php?rest_route=\/wp\/v2\/pages\/279\/revisions"}],"predecessor-version":[{"id":1183,"href":"https:\/\/www.francoisbardier.com\/index.php?rest_route=\/wp\/v2\/pages\/279\/revisions\/1183"}],"up":[{"embeddable":true,"href":"https:\/\/www.francoisbardier.com\/index.php?rest_route=\/wp\/v2\/pages\/11"}],"wp:attachment":[{"href":"https:\/\/www.francoisbardier.com\/index.php?rest_route=%2Fwp%2Fv2%2Fmedia&parent=279"}],"curies":[{"name":"wp","href":"https:\/\/api.w.org\/{rel}","templated":true}]}}