{"id":1843,"date":"2022-08-04T18:50:23","date_gmt":"2022-08-04T18:50:23","guid":{"rendered":"http:\/\/www.francoisbardier.com\/?page_id=1843"},"modified":"2026-02-17T17:51:44","modified_gmt":"2026-02-17T17:51:44","slug":"supervision","status":"publish","type":"page","link":"https:\/\/www.francoisbardier.com\/?page_id=1843","title":{"rendered":"Supervision"},"content":{"rendered":"\n<p>Je propose des suivis en supervision pour les art-th\u00e9rapeutes mais aussi  pour des th\u00e9rapeutes exer\u00e7ant dans d&rsquo;autres domaines.<\/p>\n\n\n\n<p>Je peux vous faire b\u00e9n\u00e9ficier de mon exp\u00e9rience de plus de 15 ans dans le domaine, de mon parcours  en psychologie (Actuellement en master psychologie -Psychopathologie clinique psychanalytique \u00e0 l&rsquo;universit\u00e9 Lyon 2) ainsi que de ma pratique d&rsquo;enseignant dans des formations aux m\u00e9diations th\u00e9rapeutiques.<\/p>\n\n\n\n<p> Je vous propose un accompagnement r\u00e9flexif autour de vos v\u00e9cus, interrogations professionnelles en prenant en compte les aspects art-th\u00e9rapeutiques, psychologiques, groupaux, institutionnels mais aussi soci\u00e9taux.<\/p>\n\n\n\n<p>La supervision peut aussi \u00eatre l&rsquo;occasion de travailler le contre-transfert, l&rsquo;\u00e9cho des situations sur son v\u00e9cu et son histoire et de faire des liens jusqu&rsquo;\u00e0 pr\u00e9sent inconscients et ainsi renforcer sa conscience de ce qui se rejoue dans sa pratique professionnelle.<\/p>\n\n\n\n<p>Ceci aupr\u00e8s des personnes que l&rsquo;on accompagne mais aussi en lien avec sa place dans l\u2019institution, les relations avec les coll\u00e8gues. <\/p>\n\n\n\n<p>Cela permet aussi de voir o\u00f9 l&rsquo;on en est dans son parcours professionnel et comment on l&rsquo;envisage pour les ann\u00e9es \u00e0 suivre.<\/p>\n\n\n\n<p>Le suivi se fait \u00e0 mon atelier, \u00e0 Villeurbanne dans un contexte confidentiel. Les modalit\u00e9s sont \u00e0 d\u00e9terminer ensemble en fonction de vos pr\u00e9f\u00e9rences et contraintes.<\/p>\n","protected":false},"excerpt":{"rendered":"<p>Je propose des suivis en supervision pour les art-th\u00e9rapeutes mais aussi pour des th\u00e9rapeutes exer\u00e7ant dans d&rsquo;autres domaines. Je peux vous faire b\u00e9n\u00e9ficier de mon exp\u00e9rience de plus de 15 ans dans le domaine, de mon parcours en psychologie (Actuellement en master psychologie -Psychopathologie clinique psychanalytique \u00e0 l&rsquo;universit\u00e9 Lyon 2) ainsi que de ma pratique &hellip; <a href=\"https:\/\/www.francoisbardier.com\/?page_id=1843\" class=\"more-link\">Continuer la lecture de <span class=\"screen-reader-text\">Supervision<\/span>  <span class=\"meta-nav\">&rarr;<\/span><\/a><\/p>\n","protected":false},"author":2,"featured_media":0,"parent":0,"menu_order":0,"comment_status":"closed","ping_status":"closed","template":"","meta":[],"_links":{"self":[{"href":"https:\/\/www.francoisbardier.com\/index.php?rest_route=\/wp\/v2\/pages\/1843"}],"collection":[{"href":"https:\/\/www.francoisbardier.com\/index.php?rest_route=\/wp\/v2\/pages"}],"about":[{"href":"https:\/\/www.francoisbardier.com\/index.php?rest_route=\/wp\/v2\/types\/page"}],"author":[{"embeddable":true,"href":"https:\/\/www.francoisbardier.com\/index.php?rest_route=\/wp\/v2\/users\/2"}],"replies":[{"embeddable":true,"href":"https:\/\/www.francoisbardier.com\/index.php?rest_route=%2Fwp%2Fv2%2Fcomments&post=1843"}],"version-history":[{"count":6,"href":"https:\/\/www.francoisbardier.com\/index.php?rest_route=\/wp\/v2\/pages\/1843\/revisions"}],"predecessor-version":[{"id":2034,"href":"https:\/\/www.francoisbardier.com\/index.php?rest_route=\/wp\/v2\/pages\/1843\/revisions\/2034"}],"wp:attachment":[{"href":"https:\/\/www.francoisbardier.com\/index.php?rest_route=%2Fwp%2Fv2%2Fmedia&parent=1843"}],"curies":[{"name":"wp","href":"https:\/\/api.w.org\/{rel}","templated":true}]}}