{"id":158,"date":"2011-06-13T16:02:01","date_gmt":"2011-06-13T16:02:01","guid":{"rendered":"http:\/\/www.francoisbardier.com\/?page_id=158"},"modified":"2021-09-19T07:27:51","modified_gmt":"2021-09-19T07:27:51","slug":"ateliers-dessin-bd-ados","status":"publish","type":"page","link":"https:\/\/www.francoisbardier.com\/?page_id=158","title":{"rendered":"Ateliers dessin-BD ados"},"content":{"rendered":"<p>J&rsquo;ai anim\u00e9 un atelier \u00ab\u00a0dessin-BD\u00a0\u00bb \u00e0 la maison des Rancy aupr\u00e8s d&rsquo;adolescents entre 12 et 17 ans entre 2007 et 2013. Cet atelier a \u00e9t\u00e9 ensuite repris par <a href=\"http:\/\/imagineeditionjeunesse.blogspot.fr\/2013\/04\/alexandra-lolivrel-dit-batlex.html\">Alexandra Lolivrel<\/a>.<\/p>\n<p>Voici un petit descriptif de cet atelier qui peut aussi se transposer dans d&rsquo;autres contextes si la demande m&rsquo;en est faite.<\/p>\n<p>Dans cet atelier, les ados apprennent les r\u00e8gles de la narration en bande dessin\u00e9e et s&rsquo;entrainent \u00e0 cet art complexe et exigeant \u00e0 travers divers exercices. Exercices de bande dessin\u00e9e mais aussi croquis, dessin d&rsquo;objet, \u00e9tude documentaire&#8230;<\/p>\n<p>La plupart des exercices sont individuels mais il nous arrive de faire des exercices de BD collectives ou en bin\u00f4me.<\/p>\n<p style=\"text-align: center;\"><a href=\"http:\/\/www.francoisbardier.com\/wp-content\/uploads\/2011\/06\/CIMG0062.jpg\"><img decoding=\"async\" loading=\"lazy\" title=\"CIMG0062\" src=\"http:\/\/www.francoisbardier.com\/wp-content\/uploads\/2011\/06\/CIMG0062-1024x768.jpg\" alt=\"\" width=\"640\" height=\"480\" \/><\/a><\/p>\n<p style=\"text-align: center;\"><strong>Exercice de strip sur un projet de bande dessin\u00e9e collective (2009-2010)<br \/>\n<\/strong><\/p>\n<p><a href=\"http:\/\/www.francoisbardier.com\/wp-content\/uploads\/2011\/06\/IMG_5693.jpg\"><img decoding=\"async\" loading=\"lazy\" class=\"aligncenter size-full wp-image-426\" title=\"IMG_5693\" src=\"http:\/\/www.francoisbardier.com\/wp-content\/uploads\/2011\/06\/IMG_5693.jpg\" alt=\"\" width=\"800\" height=\"533\" srcset=\"https:\/\/www.francoisbardier.com\/wp-content\/uploads\/2011\/06\/IMG_5693.jpg 800w, https:\/\/www.francoisbardier.com\/wp-content\/uploads\/2011\/06\/IMG_5693-300x199.jpg 300w\" sizes=\"(max-width: 800px) 100vw, 800px\" \/><\/a><\/p>\n<p style=\"text-align: center;\"><a href=\"http:\/\/www.francoisbardier.com\/wp-content\/uploads\/2011\/06\/IMG_5692.jpg\"><img decoding=\"async\" loading=\"lazy\" class=\"aligncenter size-full wp-image-430\" title=\"IMG_5692\" src=\"http:\/\/www.francoisbardier.com\/wp-content\/uploads\/2011\/06\/IMG_5692.jpg\" alt=\"\" width=\"800\" height=\"533\" srcset=\"https:\/\/www.francoisbardier.com\/wp-content\/uploads\/2011\/06\/IMG_5692.jpg 800w, https:\/\/www.francoisbardier.com\/wp-content\/uploads\/2011\/06\/IMG_5692-300x199.jpg 300w\" sizes=\"(max-width: 800px) 100vw, 800px\" \/><\/a><strong>Exercice de Bande dessin\u00e9e \u00ab\u00a0Blanc sur noir\u00a0\u00bb (2011-2012)<br \/>\n<\/strong><\/p>\n<p style=\"text-align: center;\"><a href=\"http:\/\/www.francoisbardier.com\/wp-content\/uploads\/2011\/06\/IMG_5694.jpg\"><img decoding=\"async\" loading=\"lazy\" class=\"size-full wp-image-428 aligncenter\" title=\"Etude documentaire\" src=\"http:\/\/www.francoisbardier.com\/wp-content\/uploads\/2011\/06\/IMG_5694.jpg\" alt=\"\" width=\"800\" height=\"533\" srcset=\"https:\/\/www.francoisbardier.com\/wp-content\/uploads\/2011\/06\/IMG_5694.jpg 800w, https:\/\/www.francoisbardier.com\/wp-content\/uploads\/2011\/06\/IMG_5694-300x199.jpg 300w\" sizes=\"(max-width: 800px) 100vw, 800px\" \/><\/a><strong>Exercice d&rsquo;\u00e9tude documentaire: Dessin d&rsquo;observation \u00e0 partir d&rsquo;objets dispos\u00e9s devant soi (2011-2012)<br \/>\n<\/strong><\/p>\n<p style=\"text-align: left;\">Nous avons cr\u00e9\u00e9 un blog o\u00f9 leurs \u0153uvres sont expos\u00e9es: <a href=\"https:\/\/globulles.wordpress.com\/\">https:\/\/globulles.wordpress.com\/<\/a><\/p>\n","protected":false},"excerpt":{"rendered":"<p>J&rsquo;ai anim\u00e9 un atelier \u00ab\u00a0dessin-BD\u00a0\u00bb \u00e0 la maison des Rancy aupr\u00e8s d&rsquo;adolescents entre 12 et 17 ans entre 2007 et 2013. Cet atelier a \u00e9t\u00e9 ensuite repris par Alexandra Lolivrel. Voici un petit descriptif de cet atelier qui peut aussi se transposer dans d&rsquo;autres contextes si la demande m&rsquo;en est faite. Dans cet atelier, les &hellip; <a href=\"https:\/\/www.francoisbardier.com\/?page_id=158\" class=\"more-link\">Continuer la lecture de <span class=\"screen-reader-text\">Ateliers dessin-BD ados<\/span>  <span class=\"meta-nav\">&rarr;<\/span><\/a><\/p>\n","protected":false},"author":2,"featured_media":0,"parent":17,"menu_order":0,"comment_status":"closed","ping_status":"open","template":"","meta":[],"_links":{"self":[{"href":"https:\/\/www.francoisbardier.com\/index.php?rest_route=\/wp\/v2\/pages\/158"}],"collection":[{"href":"https:\/\/www.francoisbardier.com\/index.php?rest_route=\/wp\/v2\/pages"}],"about":[{"href":"https:\/\/www.francoisbardier.com\/index.php?rest_route=\/wp\/v2\/types\/page"}],"author":[{"embeddable":true,"href":"https:\/\/www.francoisbardier.com\/index.php?rest_route=\/wp\/v2\/users\/2"}],"replies":[{"embeddable":true,"href":"https:\/\/www.francoisbardier.com\/index.php?rest_route=%2Fwp%2Fv2%2Fcomments&post=158"}],"version-history":[{"count":13,"href":"https:\/\/www.francoisbardier.com\/index.php?rest_route=\/wp\/v2\/pages\/158\/revisions"}],"predecessor-version":[{"id":1446,"href":"https:\/\/www.francoisbardier.com\/index.php?rest_route=\/wp\/v2\/pages\/158\/revisions\/1446"}],"up":[{"embeddable":true,"href":"https:\/\/www.francoisbardier.com\/index.php?rest_route=\/wp\/v2\/pages\/17"}],"wp:attachment":[{"href":"https:\/\/www.francoisbardier.com\/index.php?rest_route=%2Fwp%2Fv2%2Fmedia&parent=158"}],"curies":[{"name":"wp","href":"https:\/\/api.w.org\/{rel}","templated":true}]}}