{"id":1530,"date":"2016-05-01T19:41:17","date_gmt":"2016-05-01T19:41:17","guid":{"rendered":"http:\/\/www.francoisbardier.com\/?page_id=1530"},"modified":"2021-09-19T07:28:06","modified_gmt":"2021-09-19T07:28:06","slug":"les-mediations-utilisees","status":"publish","type":"page","link":"https:\/\/www.francoisbardier.com\/?page_id=1530","title":{"rendered":"Les m\u00e9diations utilis\u00e9es"},"content":{"rendered":"<p>Les diff\u00e9rentes m\u00e9diations avec lesquelles je travaille sont les suivantes:<\/p>\n<p><strong>Arts plastiques:<\/strong><\/p>\n<ul>\n<li><strong>Le collage:<\/strong><\/li>\n<\/ul>\n<p><a href=\"http:\/\/www.francoisbardier.com\/wp-content\/uploads\/2017\/12\/Franc\u0327ois-1.jpg\"><img decoding=\"async\" loading=\"lazy\" class=\"alignnone wp-image-1668 size-medium\" src=\"http:\/\/www.francoisbardier.com\/wp-content\/uploads\/2017\/12\/Franc\u0327ois-1-300x200.jpg\" alt=\"\" width=\"300\" height=\"200\" srcset=\"https:\/\/www.francoisbardier.com\/wp-content\/uploads\/2017\/12\/Franc\u0327ois-1-300x200.jpg 300w, https:\/\/www.francoisbardier.com\/wp-content\/uploads\/2017\/12\/Franc\u0327ois-1-768x512.jpg 768w, https:\/\/www.francoisbardier.com\/wp-content\/uploads\/2017\/12\/Franc\u0327ois-1.jpg 800w\" sizes=\"(max-width: 300px) 100vw, 300px\" \/><\/a><\/p>\n<ul>\n<li><strong>La peinture:<\/strong><\/li>\n<\/ul>\n<p>J&rsquo;utilise l&rsquo;acrylique ou l&rsquo;aquarelle comme m\u00e9diation.<\/p>\n<p><a href=\"http:\/\/www.francoisbardier.com\/wp-content\/uploads\/2017\/12\/Rasim-peint-2.jpg\"><img decoding=\"async\" loading=\"lazy\" class=\"alignnone wp-image-1664 size-medium\" src=\"http:\/\/www.francoisbardier.com\/wp-content\/uploads\/2017\/12\/Rasim-peint-2-300x200.jpg\" alt=\"\" width=\"300\" height=\"200\" srcset=\"https:\/\/www.francoisbardier.com\/wp-content\/uploads\/2017\/12\/Rasim-peint-2-300x200.jpg 300w, https:\/\/www.francoisbardier.com\/wp-content\/uploads\/2017\/12\/Rasim-peint-2-768x512.jpg 768w, https:\/\/www.francoisbardier.com\/wp-content\/uploads\/2017\/12\/Rasim-peint-2.jpg 800w\" sizes=\"(max-width: 300px) 100vw, 300px\" \/><\/a><\/p>\n<ul>\n<li><strong>Le modelage:<\/strong><\/li>\n<\/ul>\n<p>J&rsquo;utilise la terre-argile ainsi que la p\u00e2te \u00e0 modeler.<\/p>\n<p><strong>La terre<\/strong> est un m\u00e9dium propice \u00e0 laisser s&rsquo;exprimer ce qu&rsquo;il y a de plus archa\u00efque au fond de nous, propices aux associations mythologiques et pr\u00e9historiques&#8230;<\/p>\n<p><a href=\"http:\/\/art-therapielyon.fr\/wp-content\/uploads\/2015\/05\/Forme-contenante.jpg\" rel=\"attachment wp-att-107\">\u00a0<\/a><a href=\"http:\/\/www.francoisbardier.com\/wp-content\/uploads\/2017\/12\/SJD-Cle\u0301-de-sol-14-05-09-Franc\u0327ois-01.jpg\"><img decoding=\"async\" loading=\"lazy\" class=\"alignnone wp-image-1665 size-medium\" src=\"http:\/\/www.francoisbardier.com\/wp-content\/uploads\/2017\/12\/SJD-Cle\u0301-de-sol-14-05-09-Franc\u0327ois-01-300x225.jpg\" alt=\"\" width=\"300\" height=\"225\" srcset=\"https:\/\/www.francoisbardier.com\/wp-content\/uploads\/2017\/12\/SJD-Cle\u0301-de-sol-14-05-09-Franc\u0327ois-01-300x225.jpg 300w, https:\/\/www.francoisbardier.com\/wp-content\/uploads\/2017\/12\/SJD-Cle\u0301-de-sol-14-05-09-Franc\u0327ois-01-768x576.jpg 768w, https:\/\/www.francoisbardier.com\/wp-content\/uploads\/2017\/12\/SJD-Cle\u0301-de-sol-14-05-09-Franc\u0327ois-01-1024x768.jpg 1024w\" sizes=\"(max-width: 300px) 100vw, 300px\" \/><\/a><\/p>\n<p><strong>La p\u00e2te \u00e0 modeler<\/strong> est plus grasse et moins sensuelle que la terre mais riche en couleurs. Elle a un aspect enfantin et ludique propice aux jeux en groupe.<\/p>\n<p><a href=\"http:\/\/www.francoisbardier.com\/wp-content\/uploads\/2017\/12\/Table-atelier-pa\u0302te-a\u0300-modeler-4.jpg\"><img decoding=\"async\" loading=\"lazy\" class=\"alignnone wp-image-1669 size-medium\" src=\"http:\/\/www.francoisbardier.com\/wp-content\/uploads\/2017\/12\/Table-atelier-pa\u0302te-a\u0300-modeler-4-300x200.jpg\" alt=\"\" width=\"300\" height=\"200\" srcset=\"https:\/\/www.francoisbardier.com\/wp-content\/uploads\/2017\/12\/Table-atelier-pa\u0302te-a\u0300-modeler-4-300x200.jpg 300w, https:\/\/www.francoisbardier.com\/wp-content\/uploads\/2017\/12\/Table-atelier-pa\u0302te-a\u0300-modeler-4-768x512.jpg 768w, https:\/\/www.francoisbardier.com\/wp-content\/uploads\/2017\/12\/Table-atelier-pa\u0302te-a\u0300-modeler-4.jpg 800w\" sizes=\"(max-width: 300px) 100vw, 300px\" \/><\/a><\/p>\n<ul>\n<li><strong>Les assemblages en volume:<\/strong><\/li>\n<\/ul>\n<p>R\u00e9alis\u00e9s \u00e0 partir de mat\u00e9riaux de r\u00e9cup\u00e9ration glan\u00e9s \u00e7a et l\u00e0 dans la vie quotidienne, les assemblages peuvent \u00eatre des personnages, mi-totems mi-marionnettes que nous pouvons ensuite faire parler, en interactions avec d&rsquo;autres dans le cadre d&rsquo;ateliers en groupe.<\/p>\n<p><a href=\"http:\/\/www.francoisbardier.com\/wp-content\/uploads\/2017\/12\/IMG_3834.jpg\"><img decoding=\"async\" loading=\"lazy\" class=\"alignnone wp-image-1670 size-medium\" src=\"http:\/\/www.francoisbardier.com\/wp-content\/uploads\/2017\/12\/IMG_3834-e1513331685709-225x300.jpg\" alt=\"\" width=\"225\" height=\"300\" srcset=\"https:\/\/www.francoisbardier.com\/wp-content\/uploads\/2017\/12\/IMG_3834-e1513331685709-225x300.jpg 225w, https:\/\/www.francoisbardier.com\/wp-content\/uploads\/2017\/12\/IMG_3834-e1513331685709-768x1024.jpg 768w\" sizes=\"(max-width: 225px) 100vw, 225px\" \/><\/a><\/p>\n<p><strong>Audio-visuel:<\/strong><\/p>\n<ul>\n<li><strong>Le cin\u00e9ma d&rsquo;animation:<\/strong><\/li>\n<\/ul>\n<p>Le cin\u00e9ma d&rsquo;animation est un m\u00e9dium multiforme, entre vid\u00e9o et arts plastiques, il se d\u00e9cline sous diff\u00e9rentes techniques (Objets anim\u00e9s, papiers d\u00e9coup\u00e9s, sable anim\u00e9, p\u00e2te \u00e0 modeler&#8230;), chacune ayant son int\u00e9r\u00eat quand \u00e0 ses possibilit\u00e9s de symbolisation et d&rsquo;effets psychiques.<\/p>\n<p><a href=\"http:\/\/art-therapielyon.fr\/wp-content\/uploads\/2015\/05\/IMG_47131-474x342.jpg\" rel=\"attachment wp-att-110\">\u00a0<\/a><a href=\"http:\/\/www.francoisbardier.com\/wp-content\/uploads\/2013\/06\/IMG_0051.jpg\"><img decoding=\"async\" loading=\"lazy\" class=\"alignnone wp-image-1311 size-medium\" src=\"http:\/\/www.francoisbardier.com\/wp-content\/uploads\/2013\/06\/IMG_0051-300x199.jpg\" alt=\"\" width=\"300\" height=\"199\" srcset=\"https:\/\/www.francoisbardier.com\/wp-content\/uploads\/2013\/06\/IMG_0051-300x199.jpg 300w, https:\/\/www.francoisbardier.com\/wp-content\/uploads\/2013\/06\/IMG_0051.jpg 800w\" sizes=\"(max-width: 300px) 100vw, 300px\" \/><\/a><\/p>\n<ul>\n<li><strong>La photo:<\/strong><\/li>\n<\/ul>\n<p>Associ\u00e9e au collage, au cin\u00e9ma d&rsquo;animation ou tout simplement utilis\u00e9e pour elle m\u00eame, la photo est une m\u00e9diation permettant de capturer le r\u00e9el tout en le recadrant \u00e0 sa guise. Elle peut \u00eatre tr\u00e8s cr\u00e9ative et un outil int\u00e9ressant pour la symbolisation.<\/p>\n<ul>\n<li><strong>La vid\u00e9o:<\/strong><\/li>\n<\/ul>\n<p>La vid\u00e9o est une m\u00e9diation tr\u00e8s interessante, propice \u00e0 la capture de la r\u00e9alit\u00e9 \u00e0 travers notre propre prisme. Elle peut \u00eatre ensuite modifi\u00e9e, r\u00e9agenc\u00e9e \u00e0 travers le montage et le travail avec la musique et les sons.<\/p>\n","protected":false},"excerpt":{"rendered":"<p>Les diff\u00e9rentes m\u00e9diations avec lesquelles je travaille sont les suivantes: Arts plastiques: Le collage: La peinture: J&rsquo;utilise l&rsquo;acrylique ou l&rsquo;aquarelle comme m\u00e9diation. Le modelage: J&rsquo;utilise la terre-argile ainsi que la p\u00e2te \u00e0 modeler. La terre est un m\u00e9dium propice \u00e0 laisser s&rsquo;exprimer ce qu&rsquo;il y a de plus archa\u00efque au fond de nous, propices aux &hellip; <a href=\"https:\/\/www.francoisbardier.com\/?page_id=1530\" class=\"more-link\">Continuer la lecture de <span class=\"screen-reader-text\">Les m\u00e9diations utilis\u00e9es<\/span>  <span class=\"meta-nav\">&rarr;<\/span><\/a><\/p>\n","protected":false},"author":2,"featured_media":0,"parent":0,"menu_order":0,"comment_status":"closed","ping_status":"closed","template":"","meta":[],"_links":{"self":[{"href":"https:\/\/www.francoisbardier.com\/index.php?rest_route=\/wp\/v2\/pages\/1530"}],"collection":[{"href":"https:\/\/www.francoisbardier.com\/index.php?rest_route=\/wp\/v2\/pages"}],"about":[{"href":"https:\/\/www.francoisbardier.com\/index.php?rest_route=\/wp\/v2\/types\/page"}],"author":[{"embeddable":true,"href":"https:\/\/www.francoisbardier.com\/index.php?rest_route=\/wp\/v2\/users\/2"}],"replies":[{"embeddable":true,"href":"https:\/\/www.francoisbardier.com\/index.php?rest_route=%2Fwp%2Fv2%2Fcomments&post=1530"}],"version-history":[{"count":5,"href":"https:\/\/www.francoisbardier.com\/index.php?rest_route=\/wp\/v2\/pages\/1530\/revisions"}],"predecessor-version":[{"id":1671,"href":"https:\/\/www.francoisbardier.com\/index.php?rest_route=\/wp\/v2\/pages\/1530\/revisions\/1671"}],"wp:attachment":[{"href":"https:\/\/www.francoisbardier.com\/index.php?rest_route=%2Fwp%2Fv2%2Fmedia&parent=1530"}],"curies":[{"name":"wp","href":"https:\/\/api.w.org\/{rel}","templated":true}]}}