{"id":13,"date":"2011-06-05T21:32:12","date_gmt":"2011-06-05T21:32:12","guid":{"rendered":"http:\/\/www.francoisbardier.com\/?page_id=13"},"modified":"2025-10-02T16:04:47","modified_gmt":"2025-10-02T16:04:47","slug":"ateliers-de-cinema-danimation","status":"publish","type":"page","link":"https:\/\/www.francoisbardier.com\/?page_id=13","title":{"rendered":"Ateliers de cin\u00e9ma d&rsquo;animation"},"content":{"rendered":"<p><img decoding=\"async\" loading=\"lazy\" class=\"alignnone size-medium wp-image-1914\" src=\"http:\/\/www.francoisbardier.com\/wp-content\/uploads\/2025\/10\/2023-10-09-21.37.22-300x169.jpg\" alt=\"\" width=\"300\" height=\"169\" srcset=\"https:\/\/www.francoisbardier.com\/wp-content\/uploads\/2025\/10\/2023-10-09-21.37.22-300x169.jpg 300w, https:\/\/www.francoisbardier.com\/wp-content\/uploads\/2025\/10\/2023-10-09-21.37.22-1024x576.jpg 1024w, https:\/\/www.francoisbardier.com\/wp-content\/uploads\/2025\/10\/2023-10-09-21.37.22-768x432.jpg 768w, https:\/\/www.francoisbardier.com\/wp-content\/uploads\/2025\/10\/2023-10-09-21.37.22-1536x864.jpg 1536w, https:\/\/www.francoisbardier.com\/wp-content\/uploads\/2025\/10\/2023-10-09-21.37.22-2048x1152.jpg 2048w\" sizes=\"(max-width: 300px) 100vw, 300px\" \/><\/p>\n<p>J&rsquo;anime des ateliers de cin\u00e9ma d&rsquo;animation, principalement \u00e0 la maison des Rancy (MJC du 3eme arondissement de Lyon) dans une salle sp\u00e9cialement am\u00e9nag\u00e9e mais aussi ponctuellement dans des \u00e9coles, des lyc\u00e9es, des biblioth\u00e8ques.<br \/>\nJ&rsquo;interviens \u00e9galement en tant que formateur dans cette technique et poursuis des recherches concernant l&rsquo;utilisation du cin\u00e9ma d&rsquo;animation en tant que m\u00e9diation th\u00e9rapeutique.<\/p>\n<p><strong>Approche p\u00e9dagogique:<\/strong><\/p>\n<p>Ma d\u00e9marche est celle de permettre \u00e0 n&rsquo;importe quelle personne d&rsquo;exp\u00e9rimenter l&rsquo;une ou l&rsquo;autre technique d&rsquo;animation qui ne n\u00e9cessite aucune comp\u00e9tence particuli\u00e8re (Papier d\u00e9coup\u00e9, animation d&rsquo;objets, pixilation, sable anim\u00e9, peinture anim\u00e9 etc&#8230;). Pour cela j&rsquo;utilise un dispositif simple (Banc titre ou prise de vue \u00e0 l&rsquo;appareil photo sur pied) facilement abordable. Je peux proposer une mise en situation en cr\u00e9ativit\u00e9 spontan\u00e9e ou par petits projets plus anticip\u00e9s, de mani\u00e8re individuelle ou en groupe.<\/p>\n<p><img decoding=\"async\" loading=\"lazy\" class=\"alignnone  wp-image-1917\" src=\"http:\/\/www.francoisbardier.com\/wp-content\/uploads\/2025\/10\/2025-06-16-21.03.53-300x225.jpg\" alt=\"\" width=\"224\" height=\"168\" srcset=\"https:\/\/www.francoisbardier.com\/wp-content\/uploads\/2025\/10\/2025-06-16-21.03.53-300x225.jpg 300w, https:\/\/www.francoisbardier.com\/wp-content\/uploads\/2025\/10\/2025-06-16-21.03.53-1024x768.jpg 1024w, https:\/\/www.francoisbardier.com\/wp-content\/uploads\/2025\/10\/2025-06-16-21.03.53-768x576.jpg 768w, https:\/\/www.francoisbardier.com\/wp-content\/uploads\/2025\/10\/2025-06-16-21.03.53-1536x1152.jpg 1536w, https:\/\/www.francoisbardier.com\/wp-content\/uploads\/2025\/10\/2025-06-16-21.03.53-2048x1536.jpg 2048w\" sizes=\"(max-width: 224px) 100vw, 224px\" \/><\/p>\n<p>Le cin\u00e9ma d&rsquo;animation est une pratique artistique tr\u00e8s riche associant approche plastique, graphique, apprentissage du langage cin\u00e9matographique, utilisation des nouvelles technologies. C&rsquo;est aussi une pratique tr\u00e8s ludique permettant d&rsquo;explorer sa propre cr\u00e9ativit\u00e9, individuellement ou associ\u00e9e \u00e0 celle d&rsquo;autres personnes. En groupe, elle permet l&rsquo;exp\u00e9rimentation du travail coop\u00e9ratif de cr\u00e9ation.<\/p>\n<p><strong>Modalit\u00e9s d&rsquo;interventions:<\/strong><\/p>\n<p>Je peux intervenir dans toute structure pour des ateliers d&rsquo;initiation ponctuels sur telle ou telle technique (Animation d&rsquo;objets, papier d\u00e9coup\u00e9, pixilation,\u00a0 sable anim\u00e9 ect&#8230;) ou pour des projets plus longs selon une r\u00e9gularit\u00e9 \u00e0 fixer, avec une configuration mat\u00e9rielle minimale.<\/p>\n<p>Je peux \u00e9galement vous accueillir dans la salle toute \u00e9quip\u00e9e de la MJC des Rancy, moyennant la location de la salle et la mise en place d&rsquo;une convention avec celle-ci.<\/p>\n<p><strong>Ateliers adultes:<\/strong><\/p>\n<p>A la maison des Rancy, j&rsquo;anime un atelier hebdomadaire destin\u00e9 aux adultes, tous les lundi soirs de 20h00 \u00e0 21h30 sur toute l&rsquo;ann\u00e9e.<\/p>\n<p><img decoding=\"async\" loading=\"lazy\" class=\"alignnone  wp-image-1919\" src=\"http:\/\/www.francoisbardier.com\/wp-content\/uploads\/2025\/10\/2023-01-18-09.18.53-1.webp\" alt=\"\" width=\"167\" height=\"167\" \/><\/p>\n<p>Les participants exp\u00e9rimentent diff\u00e9rentes techniques avec lesquelles ils r\u00e9alisent ensuite des petits projets, des petits courts m\u00e9trages visibles sur la chaine you tube de l&rsquo;atelier: https:\/\/www.youtube.com\/@Rancynemadanimation<\/p>\n<p>Le blog de l&rsquo;atelier: https:\/\/rancynemadanimation.wordpress.com\/<\/p>\n<p>Le compte instagram de l&rsquo;atelier: https:\/\/www.instagram.com\/rancynemadanimation\/<\/p>\n<p>Pour plus de d\u00e9tails sur les ateliers adultes, allez sur <a href=\"http:\/\/www.francoisbardier.com\/?page_id=55\">la page d\u00e9di\u00e9e<\/a><\/p>\n<p><strong>Ateliers ados:<\/strong><\/p>\n<p>J&rsquo;anime \u00e9galement un atelier p\u00e9riscolaire avec les \u00e9l\u00e8ves du coll\u00e8ge Raoul Dufy qui viennent pratiquer le cin\u00e9ma d&rsquo;animation \u00e0 la MJC. Ils exp\u00e9rimentent une technique avec laquelle il r\u00e9alisent un projet sur l&rsquo;ann\u00e9e. Ce projet est pr\u00e9sent\u00e9 \u00e0 la fin de l&rsquo;ann\u00e9e lors de l\u2019\u00e9v\u00e9nement \u00ab\u00a0baskets sur tapis rouge\u00a0\u00bb o\u00f9 sont pr\u00e9sent\u00e9s \u00e9galement des films r\u00e9alis\u00e9s dans d&rsquo;autres MJC.<\/p>\n<p><a href=\"http:\/\/www.francoisbardier.com\/wp-content\/uploads\/2011\/06\/IMG_4381.jpg\"><img decoding=\"async\" loading=\"lazy\" class=\"size-thumbnail wp-image-541 alignnone\" title=\"IMG_4381\" src=\"http:\/\/www.francoisbardier.com\/wp-content\/uploads\/2011\/06\/IMG_4381-150x150.jpg\" alt=\"\" width=\"150\" height=\"150\" \/><\/a><a href=\"http:\/\/www.francoisbardier.com\/wp-content\/uploads\/2011\/06\/IMG_4713.jpg\"> <img decoding=\"async\" loading=\"lazy\" class=\"alignnone size-thumbnail wp-image-542\" title=\"IMG_4713\" src=\"http:\/\/www.francoisbardier.com\/wp-content\/uploads\/2011\/06\/IMG_4713-150x150.jpg\" alt=\"\" width=\"150\" height=\"150\" \/><\/a><\/p>\n<p>Vous pouvez en suivre les travaux sur le site de l&rsquo;espace public num\u00e9rique des Rancy: <a href=\"http:\/\/epn.salledesrancy.com\/cinema-danimation\/atelier-de-cinema-danimation-periscolaire-avec-les-eleves-du-college-raoul-dufy\/\">http:\/\/epn.salledesrancy.com\/cinema-danimation\/atelier-de-cinema-danimation-periscolaire-avec-les-eleves-du-college-raoul-dufy\/<\/a><\/p>\n<p>Pour plus de d\u00e9tails sur les ateliers ados, allez sur <a href=\"http:\/\/www.francoisbardier.com\/?page_id=58\">la page d\u00e9di\u00e9e<\/a><\/p>\n<p><strong>Ateliers enfants:<\/strong><\/p>\n<p>J&rsquo;anime aussi des ateliers avec des enfants, en \u00e9cole, en m\u00e9diath\u00e8que, en IME.<\/p>\n<p>Pour plus de d\u00e9tails sur les ateliers enfants, allez sur <a href=\"http:\/\/www.francoisbardier.com\/?page_id=60\">la page d\u00e9di\u00e9e.<\/a><\/p>\n","protected":false},"excerpt":{"rendered":"<p>J&rsquo;anime des ateliers de cin\u00e9ma d&rsquo;animation, principalement \u00e0 la maison des Rancy (MJC du 3eme arondissement de Lyon) dans une salle sp\u00e9cialement am\u00e9nag\u00e9e mais aussi ponctuellement dans des \u00e9coles, des lyc\u00e9es, des biblioth\u00e8ques. J&rsquo;interviens \u00e9galement en tant que formateur dans cette technique et poursuis des recherches concernant l&rsquo;utilisation du cin\u00e9ma d&rsquo;animation en tant que m\u00e9diation &hellip; <a href=\"https:\/\/www.francoisbardier.com\/?page_id=13\" class=\"more-link\">Continuer la lecture de <span class=\"screen-reader-text\">Ateliers de cin\u00e9ma d&rsquo;animation<\/span>  <span class=\"meta-nav\">&rarr;<\/span><\/a><\/p>\n","protected":false},"author":2,"featured_media":0,"parent":15,"menu_order":0,"comment_status":"closed","ping_status":"open","template":"","meta":[],"_links":{"self":[{"href":"https:\/\/www.francoisbardier.com\/index.php?rest_route=\/wp\/v2\/pages\/13"}],"collection":[{"href":"https:\/\/www.francoisbardier.com\/index.php?rest_route=\/wp\/v2\/pages"}],"about":[{"href":"https:\/\/www.francoisbardier.com\/index.php?rest_route=\/wp\/v2\/types\/page"}],"author":[{"embeddable":true,"href":"https:\/\/www.francoisbardier.com\/index.php?rest_route=\/wp\/v2\/users\/2"}],"replies":[{"embeddable":true,"href":"https:\/\/www.francoisbardier.com\/index.php?rest_route=%2Fwp%2Fv2%2Fcomments&post=13"}],"version-history":[{"count":78,"href":"https:\/\/www.francoisbardier.com\/index.php?rest_route=\/wp\/v2\/pages\/13\/revisions"}],"predecessor-version":[{"id":1924,"href":"https:\/\/www.francoisbardier.com\/index.php?rest_route=\/wp\/v2\/pages\/13\/revisions\/1924"}],"up":[{"embeddable":true,"href":"https:\/\/www.francoisbardier.com\/index.php?rest_route=\/wp\/v2\/pages\/15"}],"wp:attachment":[{"href":"https:\/\/www.francoisbardier.com\/index.php?rest_route=%2Fwp%2Fv2%2Fmedia&parent=13"}],"curies":[{"name":"wp","href":"https:\/\/api.w.org\/{rel}","templated":true}]}}