{"id":906,"date":"2013-05-29T21:12:01","date_gmt":"2013-05-29T21:12:01","guid":{"rendered":"http:\/\/www.francoisbardier.com\/?page_id=906"},"modified":"2021-09-19T07:27:51","modified_gmt":"2021-09-19T07:27:51","slug":"atelier-a-loisirs","status":"publish","type":"page","link":"http:\/\/www.francoisbardier.com\/?page_id=906","title":{"rendered":"Atelier accueil de jour alzheimer"},"content":{"rendered":"<p>J&rsquo;anime depuis septembre 2012, un atelier \u00e0 m\u00e9diation artistique \u00e0 vis\u00e9e th\u00e9rapeutique (Art-th\u00e9rapie) dans un accueil de jour pour personnes en d\u00e9but d&rsquo;\u00e9volution de la maladie d&rsquo;Alzheimer.<\/p>\n<p>Les m\u00e9diations utilis\u00e9es sont le dessin, la peinture, le collage, la terre et la p\u00e2te \u00e0 modeler.<\/p>\n<p><img decoding=\"async\" loading=\"lazy\" class=\"size-medium wp-image-916 alignnone\" src=\"http:\/\/www.francoisbardier.com\/wp-content\/uploads\/2013\/05\/Forme-contenante1-300x199.jpg\" alt=\"Forme contenante\" width=\"300\" height=\"199\" srcset=\"http:\/\/www.francoisbardier.com\/wp-content\/uploads\/2013\/05\/Forme-contenante1-300x199.jpg 300w, http:\/\/www.francoisbardier.com\/wp-content\/uploads\/2013\/05\/Forme-contenante1.jpg 800w\" sizes=\"(max-width: 300px) 100vw, 300px\" \/><\/p>\n<p><a href=\"http:\/\/www.francoisbardier.com\/wp-content\/uploads\/2013\/05\/Ensemble-2.jpg\"><img decoding=\"async\" loading=\"lazy\" class=\"size-medium wp-image-919 alignnone\" src=\"http:\/\/www.francoisbardier.com\/wp-content\/uploads\/2013\/05\/Ensemble-2-300x199.jpg\" alt=\"Ensemble 2\" width=\"300\" height=\"199\" srcset=\"http:\/\/www.francoisbardier.com\/wp-content\/uploads\/2013\/05\/Ensemble-2-300x199.jpg 300w, http:\/\/www.francoisbardier.com\/wp-content\/uploads\/2013\/05\/Ensemble-2.jpg 800w\" sizes=\"(max-width: 300px) 100vw, 300px\" \/><\/a><\/p>\n","protected":false},"excerpt":{"rendered":"<p>J&rsquo;anime depuis septembre 2012, un atelier \u00e0 m\u00e9diation artistique \u00e0 vis\u00e9e th\u00e9rapeutique (Art-th\u00e9rapie) dans un accueil de jour pour personnes en d\u00e9but d&rsquo;\u00e9volution de la maladie d&rsquo;Alzheimer. Les m\u00e9diations utilis\u00e9es sont le dessin, la peinture, le collage, la terre et la p\u00e2te \u00e0 modeler.<\/p>\n","protected":false},"author":2,"featured_media":0,"parent":11,"menu_order":0,"comment_status":"closed","ping_status":"open","template":"","meta":[],"_links":{"self":[{"href":"http:\/\/www.francoisbardier.com\/index.php?rest_route=\/wp\/v2\/pages\/906"}],"collection":[{"href":"http:\/\/www.francoisbardier.com\/index.php?rest_route=\/wp\/v2\/pages"}],"about":[{"href":"http:\/\/www.francoisbardier.com\/index.php?rest_route=\/wp\/v2\/types\/page"}],"author":[{"embeddable":true,"href":"http:\/\/www.francoisbardier.com\/index.php?rest_route=\/wp\/v2\/users\/2"}],"replies":[{"embeddable":true,"href":"http:\/\/www.francoisbardier.com\/index.php?rest_route=%2Fwp%2Fv2%2Fcomments&post=906"}],"version-history":[{"count":11,"href":"http:\/\/www.francoisbardier.com\/index.php?rest_route=\/wp\/v2\/pages\/906\/revisions"}],"predecessor-version":[{"id":1554,"href":"http:\/\/www.francoisbardier.com\/index.php?rest_route=\/wp\/v2\/pages\/906\/revisions\/1554"}],"up":[{"embeddable":true,"href":"http:\/\/www.francoisbardier.com\/index.php?rest_route=\/wp\/v2\/pages\/11"}],"wp:attachment":[{"href":"http:\/\/www.francoisbardier.com\/index.php?rest_route=%2Fwp%2Fv2%2Fmedia&parent=906"}],"curies":[{"name":"wp","href":"https:\/\/api.w.org\/{rel}","templated":true}]}}