{"id":55,"date":"2011-06-06T20:32:41","date_gmt":"2011-06-06T20:32:41","guid":{"rendered":"http:\/\/www.francoisbardier.com\/?page_id=55"},"modified":"2026-02-17T18:18:38","modified_gmt":"2026-02-17T18:18:38","slug":"ateliers-adultes","status":"publish","type":"page","link":"http:\/\/www.francoisbardier.com\/?page_id=55","title":{"rendered":"Ateliers adultes"},"content":{"rendered":"<p><strong><span style=\"text-decoration: underline;\">Atelier adultes de la maison des Rancy<\/span>:<\/strong><\/p>\n<p><a href=\"http:\/\/www.francoisbardier.com\/wp-content\/uploads\/2026\/02\/2026-01-05-21.31.12-scaled.jpg\"><img decoding=\"async\" loading=\"lazy\" class=\"alignnone size-large wp-image-1958\" src=\"http:\/\/www.francoisbardier.com\/wp-content\/uploads\/2026\/02\/2026-01-05-21.31.12-1024x768.jpg\" alt=\"\" width=\"474\" height=\"356\" srcset=\"http:\/\/www.francoisbardier.com\/wp-content\/uploads\/2026\/02\/2026-01-05-21.31.12-1024x768.jpg 1024w, http:\/\/www.francoisbardier.com\/wp-content\/uploads\/2026\/02\/2026-01-05-21.31.12-300x225.jpg 300w, http:\/\/www.francoisbardier.com\/wp-content\/uploads\/2026\/02\/2026-01-05-21.31.12-768x576.jpg 768w, http:\/\/www.francoisbardier.com\/wp-content\/uploads\/2026\/02\/2026-01-05-21.31.12-1536x1152.jpg 1536w, http:\/\/www.francoisbardier.com\/wp-content\/uploads\/2026\/02\/2026-01-05-21.31.12-2048x1536.jpg 2048w\" sizes=\"(max-width: 474px) 100vw, 474px\" \/><\/a><\/p>\n<p>J&rsquo;anime un atelier de cin\u00e9ma d&rsquo;animation pour adultes ouvert \u00e0 tous \u00e0 partir de 16 ans, \u00e0 la maison des rancy (249 rue Vend\u00f4me), tous les lundi soirs entre 20h00 et 21h45.<\/p>\n<p>Les participants commencent par aborder diff\u00e9rentes techniques d&rsquo;animation simples: animation d&rsquo;objets, papier d\u00e9coup\u00e9, tissu anim\u00e9, ect&#8230; \u00e0 travers des petites exp\u00e9rimentations puis des petits films plus construits.<\/p>\n<p>Au fur et \u00e0 mesure des ann\u00e9es ils continuent \u00e0 explorer diff\u00e9rentes techniques (Volume, p\u00e2te \u00e0 modeler, pixillation, sable, silhouettes, peinture anim\u00e9e ect&#8230;) et am\u00e9liorent leur technique et leur approche (Narration, rythme, montage vid\u00e9o et son&#8230;).<\/p>\n<p>Des projets de plus en plus \u00e9labor\u00e9s sont cr\u00e9\u00e9s comme sur ces exemples:<\/p>\n<p><iframe loading=\"lazy\" title=\"Film collectif: &quot;Skeleto&quot; (2024-2025)\" width=\"474\" height=\"267\" src=\"https:\/\/www.youtube.com\/embed\/WjYKGnRwDHU?feature=oembed\" frameborder=\"0\" allow=\"accelerometer; autoplay; clipboard-write; encrypted-media; gyroscope; picture-in-picture; web-share\" referrerpolicy=\"strict-origin-when-cross-origin\" allowfullscreen><\/iframe><\/p>\n<p><iframe loading=\"lazy\" title=\"Nathalie &quot;Kingscreamsomme&quot; (2025)\" width=\"474\" height=\"356\" src=\"https:\/\/www.youtube.com\/embed\/50We_j3aFsM?feature=oembed\" frameborder=\"0\" allow=\"accelerometer; autoplay; clipboard-write; encrypted-media; gyroscope; picture-in-picture; web-share\" referrerpolicy=\"strict-origin-when-cross-origin\" allowfullscreen><\/iframe><\/p>\n<p><a href=\"http:\/\/www.francoisbardier.com\/wp-content\/uploads\/2011\/06\/IMG_6130.jpg\"><img decoding=\"async\" loading=\"lazy\" class=\"alignnone size-thumbnail wp-image-143\" src=\"http:\/\/www.francoisbardier.com\/wp-content\/uploads\/2011\/06\/IMG_6130-150x150.jpg\" alt=\"Banc titre - Nina\" width=\"150\" height=\"150\" \/><\/a> <a href=\"http:\/\/www.francoisbardier.com\/wp-content\/uploads\/2011\/06\/IMG_2449.jpg\"><img decoding=\"async\" loading=\"lazy\" class=\"alignnone  wp-image-675\" src=\"http:\/\/www.francoisbardier.com\/wp-content\/uploads\/2011\/06\/IMG_2449-150x150.jpg\" alt=\"IMG_2449\" width=\"150\" height=\"150\" \/><\/a><\/p>\n<p><strong>Pour nous suivre:<\/strong><\/p>\n<p><strong>instagram:<\/strong> https:\/\/www.instagram.com\/rancynemadanimation\/<\/p>\n<p><strong>Chaine you tube:<\/strong> https:\/\/www.youtube.com\/@Rancynemadanimation<\/p>\n<p><strong>Le blog:<\/strong> https:\/\/rancynemadanimation.wordpress.com\/<\/p>\n<p><a href=\"http:\/\/www.francoisbardier.com\/wp-content\/uploads\/2026\/02\/2025-12-08-21.18.46-scaled.jpg\"><img decoding=\"async\" loading=\"lazy\" class=\"alignnone size-large wp-image-1949\" src=\"http:\/\/www.francoisbardier.com\/wp-content\/uploads\/2026\/02\/2025-12-08-21.18.46-1024x768.jpg\" alt=\"\" width=\"474\" height=\"356\" srcset=\"http:\/\/www.francoisbardier.com\/wp-content\/uploads\/2026\/02\/2025-12-08-21.18.46-1024x768.jpg 1024w, http:\/\/www.francoisbardier.com\/wp-content\/uploads\/2026\/02\/2025-12-08-21.18.46-300x225.jpg 300w, http:\/\/www.francoisbardier.com\/wp-content\/uploads\/2026\/02\/2025-12-08-21.18.46-768x576.jpg 768w, http:\/\/www.francoisbardier.com\/wp-content\/uploads\/2026\/02\/2025-12-08-21.18.46-1536x1152.jpg 1536w, http:\/\/www.francoisbardier.com\/wp-content\/uploads\/2026\/02\/2025-12-08-21.18.46-2048x1536.jpg 2048w\" sizes=\"(max-width: 474px) 100vw, 474px\" \/><\/a><\/p>\n","protected":false},"excerpt":{"rendered":"<p>Atelier adultes de la maison des Rancy: J&rsquo;anime un atelier de cin\u00e9ma d&rsquo;animation pour adultes ouvert \u00e0 tous \u00e0 partir de 16 ans, \u00e0 la maison des rancy (249 rue Vend\u00f4me), tous les lundi soirs entre 20h00 et 21h45. Les participants commencent par aborder diff\u00e9rentes techniques d&rsquo;animation simples: animation d&rsquo;objets, papier d\u00e9coup\u00e9, tissu anim\u00e9, ect&#8230; &hellip; <a href=\"http:\/\/www.francoisbardier.com\/?page_id=55\" class=\"more-link\">Continuer la lecture de <span class=\"screen-reader-text\">Ateliers adultes<\/span>  <span class=\"meta-nav\">&rarr;<\/span><\/a><\/p>\n","protected":false},"author":2,"featured_media":0,"parent":13,"menu_order":0,"comment_status":"closed","ping_status":"open","template":"","meta":[],"_links":{"self":[{"href":"http:\/\/www.francoisbardier.com\/index.php?rest_route=\/wp\/v2\/pages\/55"}],"collection":[{"href":"http:\/\/www.francoisbardier.com\/index.php?rest_route=\/wp\/v2\/pages"}],"about":[{"href":"http:\/\/www.francoisbardier.com\/index.php?rest_route=\/wp\/v2\/types\/page"}],"author":[{"embeddable":true,"href":"http:\/\/www.francoisbardier.com\/index.php?rest_route=\/wp\/v2\/users\/2"}],"replies":[{"embeddable":true,"href":"http:\/\/www.francoisbardier.com\/index.php?rest_route=%2Fwp%2Fv2%2Fcomments&post=55"}],"version-history":[{"count":25,"href":"http:\/\/www.francoisbardier.com\/index.php?rest_route=\/wp\/v2\/pages\/55\/revisions"}],"predecessor-version":[{"id":2041,"href":"http:\/\/www.francoisbardier.com\/index.php?rest_route=\/wp\/v2\/pages\/55\/revisions\/2041"}],"up":[{"embeddable":true,"href":"http:\/\/www.francoisbardier.com\/index.php?rest_route=\/wp\/v2\/pages\/13"}],"wp:attachment":[{"href":"http:\/\/www.francoisbardier.com\/index.php?rest_route=%2Fwp%2Fv2%2Fmedia&parent=55"}],"curies":[{"name":"wp","href":"https:\/\/api.w.org\/{rel}","templated":true}]}}