{"id":52,"date":"2011-06-06T20:31:24","date_gmt":"2011-06-06T20:31:24","guid":{"rendered":"http:\/\/www.francoisbardier.com\/?page_id=52"},"modified":"2021-09-19T07:28:05","modified_gmt":"2021-09-19T07:28:05","slug":"bande-dessinee","status":"publish","type":"page","link":"http:\/\/www.francoisbardier.com\/?page_id=52","title":{"rendered":"Bande dessin\u00e9e"},"content":{"rendered":"<p><strong><span style=\"text-decoration: underline;\">Projet Scarabass:<\/span><\/strong><\/p>\n<p>Un vieux projet de BD (2004) que j&rsquo;ai toujours dans mes cartons !<\/p>\n<p>Voici une petite recherche graphique et les trois premi\u00e8res planches d&rsquo;un projet d&rsquo;album:<\/p>\n<p><a href=\"http:\/\/www.francoisbardier.com\/wp-content\/uploads\/2011\/06\/copie-1-recherche-scarabass-31-03-05-001-b.jpg\"><img decoding=\"async\" loading=\"lazy\" class=\"alignnone size-full wp-image-619\" alt=\"copie-1-recherche-scarabass-31-03-05-001-b\" src=\"http:\/\/www.francoisbardier.com\/wp-content\/uploads\/2011\/06\/copie-1-recherche-scarabass-31-03-05-001-b.jpg\" width=\"600\" height=\"446\" srcset=\"http:\/\/www.francoisbardier.com\/wp-content\/uploads\/2011\/06\/copie-1-recherche-scarabass-31-03-05-001-b.jpg 600w, http:\/\/www.francoisbardier.com\/wp-content\/uploads\/2011\/06\/copie-1-recherche-scarabass-31-03-05-001-b-300x223.jpg 300w\" sizes=\"(max-width: 600px) 100vw, 600px\" \/><\/a><\/p>\n<p><a href=\"http:\/\/www.francoisbardier.com\/wp-content\/uploads\/2011\/06\/scarabass-tome1-planche001-blog.jpg\"><img decoding=\"async\" loading=\"lazy\" class=\"alignnone size-full wp-image-620\" alt=\"scarabass-tome1-planche001-blog\" src=\"http:\/\/www.francoisbardier.com\/wp-content\/uploads\/2011\/06\/scarabass-tome1-planche001-blog.jpg\" width=\"595\" height=\"842\" srcset=\"http:\/\/www.francoisbardier.com\/wp-content\/uploads\/2011\/06\/scarabass-tome1-planche001-blog.jpg 595w, http:\/\/www.francoisbardier.com\/wp-content\/uploads\/2011\/06\/scarabass-tome1-planche001-blog-211x300.jpg 211w\" sizes=\"(max-width: 595px) 100vw, 595px\" \/><\/a><\/p>\n<p><a href=\"http:\/\/www.francoisbardier.com\/wp-content\/uploads\/2011\/06\/scarabass-tome1-planche002-blog.jpg\"><img decoding=\"async\" loading=\"lazy\" class=\"alignnone size-full wp-image-621\" alt=\"scarabass-tome1-planche002-blog\" src=\"http:\/\/www.francoisbardier.com\/wp-content\/uploads\/2011\/06\/scarabass-tome1-planche002-blog.jpg\" width=\"596\" height=\"842\" srcset=\"http:\/\/www.francoisbardier.com\/wp-content\/uploads\/2011\/06\/scarabass-tome1-planche002-blog.jpg 596w, http:\/\/www.francoisbardier.com\/wp-content\/uploads\/2011\/06\/scarabass-tome1-planche002-blog-212x300.jpg 212w\" sizes=\"(max-width: 596px) 100vw, 596px\" \/><\/a><\/p>\n<p><a href=\"http:\/\/www.francoisbardier.com\/wp-content\/uploads\/2011\/06\/scarabass-tome1-planche003.jpg\"><img decoding=\"async\" loading=\"lazy\" class=\"alignnone size-full wp-image-622\" alt=\"scarabass-tome1-planche003\" src=\"http:\/\/www.francoisbardier.com\/wp-content\/uploads\/2011\/06\/scarabass-tome1-planche003.jpg\" width=\"595\" height=\"842\" srcset=\"http:\/\/www.francoisbardier.com\/wp-content\/uploads\/2011\/06\/scarabass-tome1-planche003.jpg 595w, http:\/\/www.francoisbardier.com\/wp-content\/uploads\/2011\/06\/scarabass-tome1-planche003-211x300.jpg 211w\" sizes=\"(max-width: 595px) 100vw, 595px\" \/><\/a><\/p>\n<p>Des planches avec le premier style pr\u00e9ssenti pour cette s\u00e9rie:<\/p>\n<p><a href=\"http:\/\/www.francoisbardier.com\/wp-content\/uploads\/2011\/06\/scarabass-planche-exemple-1.jpg\"><img decoding=\"async\" loading=\"lazy\" class=\"alignnone size-full wp-image-724\" alt=\"scarabass-planche-exemple-1\" src=\"http:\/\/www.francoisbardier.com\/wp-content\/uploads\/2011\/06\/scarabass-planche-exemple-1.jpg\" width=\"600\" height=\"848\" srcset=\"http:\/\/www.francoisbardier.com\/wp-content\/uploads\/2011\/06\/scarabass-planche-exemple-1.jpg 600w, http:\/\/www.francoisbardier.com\/wp-content\/uploads\/2011\/06\/scarabass-planche-exemple-1-212x300.jpg 212w\" sizes=\"(max-width: 600px) 100vw, 600px\" \/><\/a><\/p>\n<p><a href=\"http:\/\/www.francoisbardier.com\/wp-content\/uploads\/2011\/06\/scarabass-01.jpg\"><img decoding=\"async\" loading=\"lazy\" class=\"alignnone size-full wp-image-722\" alt=\"scarabass-01\" src=\"http:\/\/www.francoisbardier.com\/wp-content\/uploads\/2011\/06\/scarabass-01.jpg\" width=\"463\" height=\"651\" srcset=\"http:\/\/www.francoisbardier.com\/wp-content\/uploads\/2011\/06\/scarabass-01.jpg 463w, http:\/\/www.francoisbardier.com\/wp-content\/uploads\/2011\/06\/scarabass-01-213x300.jpg 213w\" sizes=\"(max-width: 463px) 100vw, 463px\" \/><\/a><\/p>\n<p>Recherches pour le projet de BD \u00ab\u00a0Un no\u00ebl dans les \u00e9gouts\u00a0\u00bb avec Caroline Romanet:<\/p>\n<p><a href=\"http:\/\/www.francoisbardier.com\/wp-content\/uploads\/2011\/06\/noelegoux.jpg\"><img decoding=\"async\" loading=\"lazy\" class=\"alignnone size-full wp-image-725\" alt=\"noelegoux\" src=\"http:\/\/www.francoisbardier.com\/wp-content\/uploads\/2011\/06\/noelegoux.jpg\" width=\"707\" height=\"500\" srcset=\"http:\/\/www.francoisbardier.com\/wp-content\/uploads\/2011\/06\/noelegoux.jpg 707w, http:\/\/www.francoisbardier.com\/wp-content\/uploads\/2011\/06\/noelegoux-300x212.jpg 300w\" sizes=\"(max-width: 707px) 100vw, 707px\" \/><\/a><\/p>\n","protected":false},"excerpt":{"rendered":"<p>Projet Scarabass: Un vieux projet de BD (2004) que j&rsquo;ai toujours dans mes cartons ! Voici une petite recherche graphique et les trois premi\u00e8res planches d&rsquo;un projet d&rsquo;album: Des planches avec le premier style pr\u00e9ssenti pour cette s\u00e9rie: Recherches pour le projet de BD \u00ab\u00a0Un no\u00ebl dans les \u00e9gouts\u00a0\u00bb avec Caroline Romanet:<\/p>\n","protected":false},"author":2,"featured_media":0,"parent":43,"menu_order":0,"comment_status":"closed","ping_status":"open","template":"","meta":[],"_links":{"self":[{"href":"http:\/\/www.francoisbardier.com\/index.php?rest_route=\/wp\/v2\/pages\/52"}],"collection":[{"href":"http:\/\/www.francoisbardier.com\/index.php?rest_route=\/wp\/v2\/pages"}],"about":[{"href":"http:\/\/www.francoisbardier.com\/index.php?rest_route=\/wp\/v2\/types\/page"}],"author":[{"embeddable":true,"href":"http:\/\/www.francoisbardier.com\/index.php?rest_route=\/wp\/v2\/users\/2"}],"replies":[{"embeddable":true,"href":"http:\/\/www.francoisbardier.com\/index.php?rest_route=%2Fwp%2Fv2%2Fcomments&post=52"}],"version-history":[{"count":11,"href":"http:\/\/www.francoisbardier.com\/index.php?rest_route=\/wp\/v2\/pages\/52\/revisions"}],"predecessor-version":[{"id":1822,"href":"http:\/\/www.francoisbardier.com\/index.php?rest_route=\/wp\/v2\/pages\/52\/revisions\/1822"}],"up":[{"embeddable":true,"href":"http:\/\/www.francoisbardier.com\/index.php?rest_route=\/wp\/v2\/pages\/43"}],"wp:attachment":[{"href":"http:\/\/www.francoisbardier.com\/index.php?rest_route=%2Fwp%2Fv2%2Fmedia&parent=52"}],"curies":[{"name":"wp","href":"https:\/\/api.w.org\/{rel}","templated":true}]}}