{"id":281,"date":"2011-07-27T20:37:43","date_gmt":"2011-07-27T20:37:43","guid":{"rendered":"http:\/\/www.francoisbardier.com\/?page_id=281"},"modified":"2021-09-19T07:28:06","modified_gmt":"2021-09-19T07:28:06","slug":"peinture","status":"publish","type":"page","link":"http:\/\/www.francoisbardier.com\/?page_id=281","title":{"rendered":"La peinture comme m\u00e9diation"},"content":{"rendered":"<p><a href=\"http:\/\/www.francoisbardier.com\/wp-content\/uploads\/2011\/07\/Franc\u0327ois-4-La-montagne-sacre\u0301e-du-jeu-vide\u0301o.jpg\"><img decoding=\"async\" loading=\"lazy\" class=\"aligncenter size-full wp-image-472\" title=\"Franc\u0327ois - 4 - La montagne sacre\u0301e du jeu vide\u0301o\" src=\"http:\/\/www.francoisbardier.com\/wp-content\/uploads\/2011\/07\/Franc\u0327ois-4-La-montagne-sacre\u0301e-du-jeu-vide\u0301o.jpg\" alt=\"\" width=\"800\" height=\"533\" srcset=\"http:\/\/www.francoisbardier.com\/wp-content\/uploads\/2011\/07\/Franc\u0327ois-4-La-montagne-sacre\u0301e-du-jeu-vide\u0301o.jpg 800w, http:\/\/www.francoisbardier.com\/wp-content\/uploads\/2011\/07\/Franc\u0327ois-4-La-montagne-sacre\u0301e-du-jeu-vide\u0301o-300x199.jpg 300w\" sizes=\"(max-width: 800px) 100vw, 800px\" \/><\/a>J&rsquo;utilise la peinture dans mes diff\u00e9rents ateliers. Il me semble qu&rsquo;elle permet aussi bien de symboliser beaucoup de choses mais \u00e9galement procure un plaisir et une certaine d\u00e9tente dans le processus de cr\u00e9ation.<\/p>\n","protected":false},"excerpt":{"rendered":"<p>J&rsquo;utilise la peinture dans mes diff\u00e9rents ateliers. Il me semble qu&rsquo;elle permet aussi bien de symboliser beaucoup de choses mais \u00e9galement procure un plaisir et une certaine d\u00e9tente dans le processus de cr\u00e9ation.<\/p>\n","protected":false},"author":2,"featured_media":0,"parent":0,"menu_order":0,"comment_status":"closed","ping_status":"open","template":"","meta":[],"_links":{"self":[{"href":"http:\/\/www.francoisbardier.com\/index.php?rest_route=\/wp\/v2\/pages\/281"}],"collection":[{"href":"http:\/\/www.francoisbardier.com\/index.php?rest_route=\/wp\/v2\/pages"}],"about":[{"href":"http:\/\/www.francoisbardier.com\/index.php?rest_route=\/wp\/v2\/types\/page"}],"author":[{"embeddable":true,"href":"http:\/\/www.francoisbardier.com\/index.php?rest_route=\/wp\/v2\/users\/2"}],"replies":[{"embeddable":true,"href":"http:\/\/www.francoisbardier.com\/index.php?rest_route=%2Fwp%2Fv2%2Fcomments&post=281"}],"version-history":[{"count":6,"href":"http:\/\/www.francoisbardier.com\/index.php?rest_route=\/wp\/v2\/pages\/281\/revisions"}],"predecessor-version":[{"id":1825,"href":"http:\/\/www.francoisbardier.com\/index.php?rest_route=\/wp\/v2\/pages\/281\/revisions\/1825"}],"wp:attachment":[{"href":"http:\/\/www.francoisbardier.com\/index.php?rest_route=%2Fwp%2Fv2%2Fmedia&parent=281"}],"curies":[{"name":"wp","href":"https:\/\/api.w.org\/{rel}","templated":true}]}}