{"id":188,"date":"2011-06-20T20:19:55","date_gmt":"2011-06-20T20:19:55","guid":{"rendered":"http:\/\/www.francoisbardier.com\/?page_id=188"},"modified":"2021-09-19T07:27:51","modified_gmt":"2021-09-19T07:27:51","slug":"atelier-college-raoul-dufy","status":"publish","type":"page","link":"http:\/\/www.francoisbardier.com\/?page_id=188","title":{"rendered":"Atelier cin\u00e9ma d&rsquo;animation avec les coll\u00e8giens de Raoul dufy"},"content":{"rendered":"<p>J&rsquo;ai anim\u00e9 entre 2010 et\u00a0 2013 un atelier \u00e0 la maison des Rancy avec la professeur d&rsquo;arts plastiques du coll\u00e8ge Raoul Dufy pour des \u00e9l\u00e8ves de ce coll\u00e8ge. Les \u00e9l\u00e8ves venaient tous les jeudi apr\u00e8s midi, pendant deux heures<\/p>\n<p><a href=\"http:\/\/www.francoisbardier.com\/wp-content\/uploads\/2011\/06\/IMG_4397.jpg\"><img decoding=\"async\" loading=\"lazy\" class=\"alignnone size-thumbnail wp-image-1439\" src=\"http:\/\/www.francoisbardier.com\/wp-content\/uploads\/2011\/06\/IMG_4397-150x150.jpg\" alt=\"IMG_4397\" width=\"150\" height=\"150\" srcset=\"http:\/\/www.francoisbardier.com\/wp-content\/uploads\/2011\/06\/IMG_4397-150x150.jpg 150w, http:\/\/www.francoisbardier.com\/wp-content\/uploads\/2011\/06\/IMG_4397-230x230.jpg 230w\" sizes=\"(max-width: 150px) 100vw, 150px\" \/><\/a><a href=\"http:\/\/www.francoisbardier.com\/wp-content\/uploads\/2011\/06\/IMG_6235.jpg\">\u00a0<\/a><a href=\"http:\/\/www.francoisbardier.com\/wp-content\/uploads\/2011\/06\/IMG_6235.jpg\"><img decoding=\"async\" loading=\"lazy\" class=\"alignnone size-thumbnail wp-image-1444\" src=\"http:\/\/www.francoisbardier.com\/wp-content\/uploads\/2011\/06\/IMG_6235-150x150.jpg\" alt=\"IMG_6235\" width=\"150\" height=\"150\" srcset=\"http:\/\/www.francoisbardier.com\/wp-content\/uploads\/2011\/06\/IMG_6235-150x150.jpg 150w, http:\/\/www.francoisbardier.com\/wp-content\/uploads\/2011\/06\/IMG_6235-230x230.jpg 230w\" sizes=\"(max-width: 150px) 100vw, 150px\" \/><\/a> <a href=\"http:\/\/www.francoisbardier.com\/wp-content\/uploads\/2011\/06\/IMG_47131.jpg\"><img decoding=\"async\" loading=\"lazy\" class=\"alignnone size-thumbnail wp-image-1440\" src=\"http:\/\/www.francoisbardier.com\/wp-content\/uploads\/2011\/06\/IMG_47131-150x150.jpg\" alt=\"IMG_4713\" width=\"150\" height=\"150\" srcset=\"http:\/\/www.francoisbardier.com\/wp-content\/uploads\/2011\/06\/IMG_47131-150x150.jpg 150w, http:\/\/www.francoisbardier.com\/wp-content\/uploads\/2011\/06\/IMG_47131-230x230.jpg 230w\" sizes=\"(max-width: 150px) 100vw, 150px\" \/><\/a><\/p>\n<p><a href=\"http:\/\/www.francoisbardier.com\/wp-content\/uploads\/2011\/06\/IMG_3723.jpg\">\u00a0<\/a><a href=\"http:\/\/www.francoisbardier.com\/wp-content\/uploads\/2011\/06\/IMG_3723.jpg\"><img decoding=\"async\" loading=\"lazy\" class=\"alignnone size-thumbnail wp-image-1441\" src=\"http:\/\/www.francoisbardier.com\/wp-content\/uploads\/2011\/06\/IMG_3723-150x150.jpg\" alt=\"IMG_3723\" width=\"150\" height=\"150\" srcset=\"http:\/\/www.francoisbardier.com\/wp-content\/uploads\/2011\/06\/IMG_3723-150x150.jpg 150w, http:\/\/www.francoisbardier.com\/wp-content\/uploads\/2011\/06\/IMG_3723-230x230.jpg 230w\" sizes=\"(max-width: 150px) 100vw, 150px\" \/><\/a> <a href=\"http:\/\/www.francoisbardier.com\/wp-content\/uploads\/2011\/06\/IMG_6314.jpg\"><img decoding=\"async\" loading=\"lazy\" class=\"alignnone size-thumbnail wp-image-1443\" src=\"http:\/\/www.francoisbardier.com\/wp-content\/uploads\/2011\/06\/IMG_6314-150x150.jpg\" alt=\"IMG_6314\" width=\"150\" height=\"150\" srcset=\"http:\/\/www.francoisbardier.com\/wp-content\/uploads\/2011\/06\/IMG_6314-150x150.jpg 150w, http:\/\/www.francoisbardier.com\/wp-content\/uploads\/2011\/06\/IMG_6314-230x230.jpg 230w\" sizes=\"(max-width: 150px) 100vw, 150px\" \/><\/a><a href=\"http:\/\/www.francoisbardier.com\/wp-content\/uploads\/2011\/06\/IMG_3726.jpg\"> <img decoding=\"async\" loading=\"lazy\" class=\"alignnone size-thumbnail wp-image-1442\" src=\"http:\/\/www.francoisbardier.com\/wp-content\/uploads\/2011\/06\/IMG_3726-150x150.jpg\" alt=\"IMG_3726\" width=\"150\" height=\"150\" srcset=\"http:\/\/www.francoisbardier.com\/wp-content\/uploads\/2011\/06\/IMG_3726-150x150.jpg 150w, http:\/\/www.francoisbardier.com\/wp-content\/uploads\/2011\/06\/IMG_3726-230x230.jpg 230w\" sizes=\"(max-width: 150px) 100vw, 150px\" \/><\/a><a href=\"http:\/\/www.francoisbardier.com\/wp-content\/uploads\/2011\/06\/IMG_3726.jpg\"><br \/>\n<\/a><\/p>\n<p>Vous pouvez retrouver le journal de bord de cet atelier sur le site de l&rsquo;espace public de la MJC des Rancy:<\/p>\n<p><a href=\"http:\/\/epn.salledesrancy.com\/painleve-saison-2013-2014\/atelier-de-cinema-danimation-periscolaire-avec-les-eleves-du-college-raoul-dufy\/raoul-dufy-saison-2010-2011\/\">Saison 2010-2011<\/a><\/p>\n<p><a href=\"http:\/\/epn.salledesrancy.com\/painleve-saison-2013-2014\/atelier-de-cinema-danimation-periscolaire-avec-les-eleves-du-college-raoul-dufy\/saison-2011-2012\/\">Saison 2011-2012<\/a><\/p>\n<p><a href=\"http:\/\/epn.salledesrancy.com\/raoul-dufy-saison-2012-2013\/\">Saison 2012-2013<\/a><\/p>\n<p>&nbsp;<\/p>\n","protected":false},"excerpt":{"rendered":"<p>J&rsquo;ai anim\u00e9 entre 2010 et\u00a0 2013 un atelier \u00e0 la maison des Rancy avec la professeur d&rsquo;arts plastiques du coll\u00e8ge Raoul Dufy pour des \u00e9l\u00e8ves de ce coll\u00e8ge. Les \u00e9l\u00e8ves venaient tous les jeudi apr\u00e8s midi, pendant deux heures \u00a0 \u00a0 Vous pouvez retrouver le journal de bord de cet atelier sur le site de &hellip; <a href=\"http:\/\/www.francoisbardier.com\/?page_id=188\" class=\"more-link\">Continuer la lecture de <span class=\"screen-reader-text\">Atelier cin\u00e9ma d&rsquo;animation avec les coll\u00e8giens de Raoul dufy<\/span>  <span class=\"meta-nav\">&rarr;<\/span><\/a><\/p>\n","protected":false},"author":2,"featured_media":0,"parent":58,"menu_order":0,"comment_status":"closed","ping_status":"open","template":"","meta":[],"_links":{"self":[{"href":"http:\/\/www.francoisbardier.com\/index.php?rest_route=\/wp\/v2\/pages\/188"}],"collection":[{"href":"http:\/\/www.francoisbardier.com\/index.php?rest_route=\/wp\/v2\/pages"}],"about":[{"href":"http:\/\/www.francoisbardier.com\/index.php?rest_route=\/wp\/v2\/types\/page"}],"author":[{"embeddable":true,"href":"http:\/\/www.francoisbardier.com\/index.php?rest_route=\/wp\/v2\/users\/2"}],"replies":[{"embeddable":true,"href":"http:\/\/www.francoisbardier.com\/index.php?rest_route=%2Fwp%2Fv2%2Fcomments&post=188"}],"version-history":[{"count":24,"href":"http:\/\/www.francoisbardier.com\/index.php?rest_route=\/wp\/v2\/pages\/188\/revisions"}],"predecessor-version":[{"id":1445,"href":"http:\/\/www.francoisbardier.com\/index.php?rest_route=\/wp\/v2\/pages\/188\/revisions\/1445"}],"up":[{"embeddable":true,"href":"http:\/\/www.francoisbardier.com\/index.php?rest_route=\/wp\/v2\/pages\/58"}],"wp:attachment":[{"href":"http:\/\/www.francoisbardier.com\/index.php?rest_route=%2Fwp%2Fv2%2Fmedia&parent=188"}],"curies":[{"name":"wp","href":"https:\/\/api.w.org\/{rel}","templated":true}]}}