{"id":156,"date":"2011-06-13T15:18:57","date_gmt":"2011-06-13T15:18:57","guid":{"rendered":"http:\/\/www.francoisbardier.com\/?page_id=156"},"modified":"2021-09-19T07:27:51","modified_gmt":"2021-09-19T07:27:51","slug":"ateliers-dessin-bd-enfants","status":"publish","type":"page","link":"http:\/\/www.francoisbardier.com\/?page_id=156","title":{"rendered":"Ateliers dessin-BD enfants"},"content":{"rendered":"<p>J&rsquo;ai anim\u00e9, pendant 5 ans, tous les mercredi apr\u00e8s-midi des ateliers intitul\u00e9s \u00ab\u00a0Dessin-Bande dessin\u00e9e\u00a0\u00bb \u00e0 la maison des Rancy (Lyon 3eme) pour les enfants de 8 \u00e0 12 ans<\/p>\n<p><a href=\"http:\/\/www.francoisbardier.com\/wp-content\/uploads\/2011\/06\/IMG_9975.jpg\"><img decoding=\"async\" loading=\"lazy\" class=\"aligncenter size-full wp-image-449\" title=\"IMG_9975\" src=\"http:\/\/www.francoisbardier.com\/wp-content\/uploads\/2011\/06\/IMG_9975.jpg\" alt=\"\" width=\"800\" height=\"533\" srcset=\"http:\/\/www.francoisbardier.com\/wp-content\/uploads\/2011\/06\/IMG_9975.jpg 800w, http:\/\/www.francoisbardier.com\/wp-content\/uploads\/2011\/06\/IMG_9975-300x199.jpg 300w\" sizes=\"(max-width: 800px) 100vw, 800px\" \/><\/a><\/p>\n<p>Dans ces ateliers les enfants explorent diff\u00e9rents m\u00e9diums: crayon, crayons de couleur, pastel, aquarelle, encre de chine, encres de couleur, acrylique, collage, fusain ect&#8230;<\/p>\n<p>Des exercices de bande dessin\u00e9e sont donn\u00e9s autour la plupart du temps d&rsquo;un th\u00e8me, d&rsquo;une combinaison de contraintes ou de plusieurs \u00e9l\u00e8ments que les enfants doivent inclure dans leur BD (Par exemple: Le p\u00e8re no\u00ebl et un animal, en noir et blanc avec juste la couleur rouge autoris\u00e9e).<\/p>\n<p>Des exercices de dessin sont aussi donn\u00e9s: dessin d&rsquo;objet, drap\u00e9, portrait, mod\u00e8le vivant ect&#8230;<\/p>\n<p>A la fin de l&rsquo;ann\u00e9e, ceux qui le souhaitent peuvent exposer leurs productions lors du festival de la MJC.<\/p>\n<p><strong>Exemples de BD r\u00e9alis\u00e9es sur le th\u00e8me du \u00ab\u00a0tour du monde\u00a0\u00bb:<\/strong><\/p>\n<p><a href=\"http:\/\/www.francoisbardier.com\/wp-content\/uploads\/2011\/06\/Marceau-BD-tour-du-monde.jpg\"><img decoding=\"async\" loading=\"lazy\" class=\" wp-image-462 alignnone\" title=\"Marceau - BD tour du monde\" src=\"http:\/\/www.francoisbardier.com\/wp-content\/uploads\/2011\/06\/Marceau-BD-tour-du-monde-859x1024.jpg\" alt=\"\" width=\"150\" height=\"150\" \/><\/a><a href=\"http:\/\/www.francoisbardier.com\/wp-content\/uploads\/2011\/06\/Albin-BD-tour-du-monde-4-janvier-2011.jpg\"> <img decoding=\"async\" loading=\"lazy\" class=\" wp-image-439 alignnone\" title=\"Albin - BD tour du monde - 4 janvier 2011\" src=\"http:\/\/www.francoisbardier.com\/wp-content\/uploads\/2011\/06\/Albin-BD-tour-du-monde-4-janvier-2011-837x1024.jpg\" alt=\"\" width=\"150\" height=\"150\" \/><\/a><a href=\"http:\/\/www.francoisbardier.com\/wp-content\/uploads\/2011\/06\/Neil-Rayanne-BD-tour-du-monde-2.jpg\"> <img decoding=\"async\" loading=\"lazy\" class=\" wp-image-464 alignnone\" title=\"Neil-Rayanne - BD tour du monde - 2\" src=\"http:\/\/www.francoisbardier.com\/wp-content\/uploads\/2011\/06\/Neil-Rayanne-BD-tour-du-monde-2-747x1024.jpg\" alt=\"\" width=\"150\" height=\"150\" \/><\/a><\/p>\n<p><strong>\u00a0<strong>Dessin libre<\/strong>:<\/strong><\/p>\n<p><a href=\"http:\/\/www.francoisbardier.com\/wp-content\/uploads\/2011\/06\/Thimothe\u0301e-Bateau-pirate.jpg\"><img decoding=\"async\" loading=\"lazy\" class=\" wp-image-438 alignnone\" title=\"Thimothe\u0301e - Bateau-pirate\" src=\"http:\/\/www.francoisbardier.com\/wp-content\/uploads\/2011\/06\/Thimothe\u0301e-Bateau-pirate-1024x682.jpg\" alt=\"\" width=\"150\" height=\"150\" \/><\/a><\/p>\n<p><strong>Dessin libre au fusain et \u00e0 quatre mains<\/strong>:<\/p>\n<p><a href=\"http:\/\/www.francoisbardier.com\/wp-content\/uploads\/2011\/06\/IMG_9969.jpg\"><img decoding=\"async\" loading=\"lazy\" class=\"alignnone\" title=\"IMG_9969\" src=\"http:\/\/www.francoisbardier.com\/wp-content\/uploads\/2011\/06\/IMG_9969.jpg\" alt=\"\" width=\"150\" height=\"150\" \/><\/a><\/p>\n<p style=\"text-align: left;\"><strong><strong>Exercice de drap\u00e9<\/strong>:<\/strong><\/p>\n<p><a href=\"http:\/\/www.francoisbardier.com\/wp-content\/uploads\/2011\/06\/IMG_7825.jpg\"><img decoding=\"async\" loading=\"lazy\" class=\" wp-image-441 alignnone\" title=\"Drap\u00e9\" src=\"http:\/\/www.francoisbardier.com\/wp-content\/uploads\/2011\/06\/IMG_7825-1024x682.jpg\" alt=\"\" width=\"150\" height=\"150\" \/><\/a><a href=\"http:\/\/www.francoisbardier.com\/wp-content\/uploads\/2011\/06\/Agathe-Drapeau.jpg\"> <img decoding=\"async\" loading=\"lazy\" class=\" wp-image-447 alignnone\" title=\"Agathe - Drapeau\" src=\"http:\/\/www.francoisbardier.com\/wp-content\/uploads\/2011\/06\/Agathe-Drapeau-1024x682.jpg\" alt=\"\" width=\"150\" height=\"150\" \/><\/a><\/p>\n<p><strong>Exercice d&rsquo;\u00e9tude documentaire d&rsquo;apr\u00e8s une composition avec des objets<\/strong>:<\/p>\n<p><a href=\"http:\/\/www.francoisbardier.com\/wp-content\/uploads\/2011\/06\/IMG_78301.jpg\"><img decoding=\"async\" loading=\"lazy\" class=\" wp-image-443 alignnone\" title=\"IMG_7830\" src=\"http:\/\/www.francoisbardier.com\/wp-content\/uploads\/2011\/06\/IMG_78301-1024x682.jpg\" alt=\"\" width=\"150\" height=\"150\" \/><\/a><a href=\"http:\/\/www.francoisbardier.com\/wp-content\/uploads\/2011\/06\/IMG_7832.jpg\"> <img decoding=\"async\" loading=\"lazy\" class=\" wp-image-445 alignnone\" title=\"IMG_7832\" src=\"http:\/\/www.francoisbardier.com\/wp-content\/uploads\/2011\/06\/IMG_7832-1024x682.jpg\" alt=\"\" width=\"150\" height=\"150\" \/><\/a><\/p>\n<p style=\"text-align: left;\"><strong>Exposition de fin d&rsquo;ann\u00e9e 2010-2011<\/strong>:<\/p>\n<p>\u00a0<a href=\"http:\/\/www.francoisbardier.com\/wp-content\/uploads\/2011\/06\/IMG_0146.jpg\"><img decoding=\"async\" loading=\"lazy\" class=\" wp-image-454 alignnone\" title=\"Expo 2010-2011\" src=\"http:\/\/www.francoisbardier.com\/wp-content\/uploads\/2011\/06\/IMG_0146.jpg\" alt=\"\" width=\"150\" height=\"150\" \/><\/a><a href=\"http:\/\/www.francoisbardier.com\/wp-content\/uploads\/2011\/06\/IMG_01701.jpg\"> <img decoding=\"async\" loading=\"lazy\" class=\" wp-image-460 alignnone\" title=\"IMG_0170\" src=\"http:\/\/www.francoisbardier.com\/wp-content\/uploads\/2011\/06\/IMG_01701.jpg\" alt=\"\" width=\"150\" height=\"150\" \/><\/a><a href=\"http:\/\/www.francoisbardier.com\/wp-content\/uploads\/2011\/06\/IMG_0166.jpg\"> <img decoding=\"async\" loading=\"lazy\" class=\" wp-image-455 alignnone\" title=\"IMG_0166\" src=\"http:\/\/www.francoisbardier.com\/wp-content\/uploads\/2011\/06\/IMG_0166.jpg\" alt=\"\" width=\"150\" height=\"150\" \/><\/a><a href=\"http:\/\/www.francoisbardier.com\/wp-content\/uploads\/2011\/06\/IMG_01671.jpg\"> <img decoding=\"async\" loading=\"lazy\" class=\" wp-image-457 alignnone\" title=\"IMG_0167\" src=\"http:\/\/www.francoisbardier.com\/wp-content\/uploads\/2011\/06\/IMG_01671.jpg\" alt=\"\" width=\"150\" height=\"150\" \/><\/a><\/p>\n","protected":false},"excerpt":{"rendered":"<p>J&rsquo;ai anim\u00e9, pendant 5 ans, tous les mercredi apr\u00e8s-midi des ateliers intitul\u00e9s \u00ab\u00a0Dessin-Bande dessin\u00e9e\u00a0\u00bb \u00e0 la maison des Rancy (Lyon 3eme) pour les enfants de 8 \u00e0 12 ans Dans ces ateliers les enfants explorent diff\u00e9rents m\u00e9diums: crayon, crayons de couleur, pastel, aquarelle, encre de chine, encres de couleur, acrylique, collage, fusain ect&#8230; Des exercices &hellip; <a href=\"http:\/\/www.francoisbardier.com\/?page_id=156\" class=\"more-link\">Continuer la lecture de <span class=\"screen-reader-text\">Ateliers dessin-BD enfants<\/span>  <span class=\"meta-nav\">&rarr;<\/span><\/a><\/p>\n","protected":false},"author":2,"featured_media":0,"parent":17,"menu_order":0,"comment_status":"closed","ping_status":"open","template":"","meta":[],"_links":{"self":[{"href":"http:\/\/www.francoisbardier.com\/index.php?rest_route=\/wp\/v2\/pages\/156"}],"collection":[{"href":"http:\/\/www.francoisbardier.com\/index.php?rest_route=\/wp\/v2\/pages"}],"about":[{"href":"http:\/\/www.francoisbardier.com\/index.php?rest_route=\/wp\/v2\/types\/page"}],"author":[{"embeddable":true,"href":"http:\/\/www.francoisbardier.com\/index.php?rest_route=\/wp\/v2\/users\/2"}],"replies":[{"embeddable":true,"href":"http:\/\/www.francoisbardier.com\/index.php?rest_route=%2Fwp%2Fv2%2Fcomments&post=156"}],"version-history":[{"count":26,"href":"http:\/\/www.francoisbardier.com\/index.php?rest_route=\/wp\/v2\/pages\/156\/revisions"}],"predecessor-version":[{"id":1230,"href":"http:\/\/www.francoisbardier.com\/index.php?rest_route=\/wp\/v2\/pages\/156\/revisions\/1230"}],"up":[{"embeddable":true,"href":"http:\/\/www.francoisbardier.com\/index.php?rest_route=\/wp\/v2\/pages\/17"}],"wp:attachment":[{"href":"http:\/\/www.francoisbardier.com\/index.php?rest_route=%2Fwp%2Fv2%2Fmedia&parent=156"}],"curies":[{"name":"wp","href":"https:\/\/api.w.org\/{rel}","templated":true}]}}