{"id":15,"date":"2011-06-05T21:32:27","date_gmt":"2011-06-05T21:32:27","guid":{"rendered":"http:\/\/www.francoisbardier.com\/?page_id=15"},"modified":"2021-09-19T07:28:05","modified_gmt":"2021-09-19T07:28:05","slug":"ateliers-de-creation","status":"publish","type":"page","link":"http:\/\/www.francoisbardier.com\/?page_id=15","title":{"rendered":"Ateliers de cr\u00e9ation"},"content":{"rendered":"<p>J&rsquo;anime r\u00e9guli\u00e8rement des ateliers de cr\u00e9ation dans diff\u00e9rentes disciplines: Arts plastiques, cin\u00e9ma d&rsquo;animation, bande dessin\u00e9e, en MJC, biblioth\u00e8ques&#8230;ect&#8230;<\/p>\n<p>A la diff\u00e9rence des ateliers \u00e0 vis\u00e9e th\u00e9rapeutique, ces ateliers n&rsquo;ont pas cet objectif (M\u00eame si ils peuvent parfois en avoir les effets !). Ils sont des espaces d&rsquo;expression, d&rsquo;apprentissage de techniques artistiques, parfois de travail en \u00e9quipe mais aussi de d\u00e9veloppement de son style personnel.<\/p>\n<p>Cliquez sur les images pour explorer ces diff\u00e9rents ateliers:<\/p>\n<figure id=\"attachment_675\" aria-describedby=\"caption-attachment-675\" style=\"width: 150px\" class=\"wp-caption alignleft\"><a href=\"http:\/\/www.francoisbardier.com\/?page_id=13\"><img decoding=\"async\" loading=\"lazy\" class=\"size-thumbnail wp-image-675    \" title=\"Ateliers de cin\u00e9ma d'animation - Adultes\" src=\"http:\/\/www.francoisbardier.com\/wp-content\/uploads\/2011\/06\/IMG_2449-150x150.jpg\" alt=\"IMG_2449\" width=\"150\" height=\"150\" \/><\/a><figcaption id=\"caption-attachment-675\" class=\"wp-caption-text\">Ateliers de cin\u00e9ma d&rsquo;animation adultes<\/figcaption><\/figure>\n<figure id=\"attachment_194\" aria-describedby=\"caption-attachment-194\" style=\"width: 150px\" class=\"wp-caption alignleft\"><a href=\"http:\/\/www.francoisbardier.com\/?page_id=58\"><img decoding=\"async\" loading=\"lazy\" class=\"size-thumbnail wp-image-194\" src=\"http:\/\/www.francoisbardier.com\/wp-content\/uploads\/2011\/06\/IMG_6019-150x150.jpg\" alt=\"Ateliers de cin\u00e9ma d'animation - Ados\" width=\"150\" height=\"150\" \/><\/a><figcaption id=\"caption-attachment-194\" class=\"wp-caption-text\">Ateliers de cin\u00e9ma d&rsquo;animation &#8211; Ados<\/figcaption><\/figure>\n<figure id=\"attachment_449\" aria-describedby=\"caption-attachment-449\" style=\"width: 150px\" class=\"wp-caption alignleft\"><a href=\"http:\/\/www.francoisbardier.com\/?page_id=17\"><img decoding=\"async\" loading=\"lazy\" class=\"size-thumbnail wp-image-449  \" title=\"Ateliers de bande dessin\u00e9e enfants\" src=\"http:\/\/www.francoisbardier.com\/wp-content\/uploads\/2011\/06\/IMG_9975-150x150.jpg\" alt=\"IMG_9975\" width=\"150\" height=\"150\" \/><\/a><figcaption id=\"caption-attachment-449\" class=\"wp-caption-text\">Ateliers de bande dessin\u00e9e &#8211; Enfants<\/figcaption><\/figure>\n<figure id=\"attachment_426\" aria-describedby=\"caption-attachment-426\" style=\"width: 150px\" class=\"wp-caption alignleft\"><a href=\"http:\/\/www.francoisbardier.com\/?page_id=156 \"><img decoding=\"async\" loading=\"lazy\" class=\"size-thumbnail wp-image-426\" src=\"http:\/\/www.francoisbardier.com\/wp-content\/uploads\/2011\/06\/IMG_5693-150x150.jpg\" alt=\"Ateliers de BD - Ados\" width=\"150\" height=\"150\" \/><\/a><figcaption id=\"caption-attachment-426\" class=\"wp-caption-text\">Ateliers de BD &#8211; Ados<\/figcaption><\/figure>\n","protected":false},"excerpt":{"rendered":"<p>J&rsquo;anime r\u00e9guli\u00e8rement des ateliers de cr\u00e9ation dans diff\u00e9rentes disciplines: Arts plastiques, cin\u00e9ma d&rsquo;animation, bande dessin\u00e9e, en MJC, biblioth\u00e8ques&#8230;ect&#8230; A la diff\u00e9rence des ateliers \u00e0 vis\u00e9e th\u00e9rapeutique, ces ateliers n&rsquo;ont pas cet objectif (M\u00eame si ils peuvent parfois en avoir les effets !). Ils sont des espaces d&rsquo;expression, d&rsquo;apprentissage de techniques artistiques, parfois de travail en &hellip; <a href=\"http:\/\/www.francoisbardier.com\/?page_id=15\" class=\"more-link\">Continuer la lecture de <span class=\"screen-reader-text\">Ateliers de cr\u00e9ation<\/span>  <span class=\"meta-nav\">&rarr;<\/span><\/a><\/p>\n","protected":false},"author":2,"featured_media":0,"parent":0,"menu_order":0,"comment_status":"closed","ping_status":"open","template":"","meta":[],"_links":{"self":[{"href":"http:\/\/www.francoisbardier.com\/index.php?rest_route=\/wp\/v2\/pages\/15"}],"collection":[{"href":"http:\/\/www.francoisbardier.com\/index.php?rest_route=\/wp\/v2\/pages"}],"about":[{"href":"http:\/\/www.francoisbardier.com\/index.php?rest_route=\/wp\/v2\/types\/page"}],"author":[{"embeddable":true,"href":"http:\/\/www.francoisbardier.com\/index.php?rest_route=\/wp\/v2\/users\/2"}],"replies":[{"embeddable":true,"href":"http:\/\/www.francoisbardier.com\/index.php?rest_route=%2Fwp%2Fv2%2Fcomments&post=15"}],"version-history":[{"count":8,"href":"http:\/\/www.francoisbardier.com\/index.php?rest_route=\/wp\/v2\/pages\/15\/revisions"}],"predecessor-version":[{"id":1853,"href":"http:\/\/www.francoisbardier.com\/index.php?rest_route=\/wp\/v2\/pages\/15\/revisions\/1853"}],"wp:attachment":[{"href":"http:\/\/www.francoisbardier.com\/index.php?rest_route=%2Fwp%2Fv2%2Fmedia&parent=15"}],"curies":[{"name":"wp","href":"https:\/\/api.w.org\/{rel}","templated":true}]}}