{"id":1338,"date":"2014-09-18T15:11:35","date_gmt":"2014-09-18T15:11:35","guid":{"rendered":"http:\/\/www.francoisbardier.com\/?page_id=1338"},"modified":"2021-09-19T07:28:06","modified_gmt":"2021-09-19T07:28:06","slug":"la-peinture-animee","status":"publish","type":"page","link":"http:\/\/www.francoisbardier.com\/?page_id=1338","title":{"rendered":"La peinture anim\u00e9e"},"content":{"rendered":"<p>Il s&rsquo;agit d&rsquo;animer des images cr\u00e9es \u00e0 partir de peinture.<\/p>\n<p>Cette technique est g\u00e9n\u00e9ralement associ\u00e9e \u00e0 la peinture sur verre, on peint sur une surface en verre et on modifie l&rsquo;image \u00e0 chaque prise \u00e0 l&rsquo;aide de pinceaux et autre ustensiles.<\/p>\n<p>On utilise g\u00e9n\u00e9ralement de la peinture \u00e0 l&rsquo;huile car elle s\u00e8che plus lentement que les autres.<\/p>\n<p>Le maitre dans ce domaine est le cin\u00e9aste russe <a href=\"http:\/\/fr.wikipedia.org\/wiki\/Alexandre_Konstantinovitch_Petrov\">Alexander Petrov<\/a>:<\/p>\n<p>http:\/\/www.youtube.com\/watch?v=ZMoIoiN5aSQ<\/p>\n<p><iframe loading=\"lazy\" title=\"Alexander Petrov - Making of... p1\" width=\"474\" height=\"356\" src=\"https:\/\/www.youtube.com\/embed\/b_kjEJrJc-g?feature=oembed\" frameborder=\"0\" allow=\"accelerometer; autoplay; clipboard-write; encrypted-media; gyroscope; picture-in-picture; web-share\" referrerpolicy=\"strict-origin-when-cross-origin\" allowfullscreen><\/iframe><\/p>\n<p><iframe loading=\"lazy\" title=\"Alexander Petrov - Making of... p2\" width=\"474\" height=\"356\" src=\"https:\/\/www.youtube.com\/embed\/iLTSARufpJE?feature=oembed\" frameborder=\"0\" allow=\"accelerometer; autoplay; clipboard-write; encrypted-media; gyroscope; picture-in-picture; web-share\" referrerpolicy=\"strict-origin-when-cross-origin\" allowfullscreen><\/iframe><\/p>\n<p>En France, la r\u00e9alisatrice <span id=\"eow-title\" class=\"watch-title  \" dir=\"ltr\" title=\"Florence Miailhe Mati\u00e8res \u00e0 r\u00eaver\"><a href=\"http:\/\/fr.wikipedia.org\/wiki\/Florence_Miailhe\">Florence Miailhe<\/a> travaille r\u00e9guli\u00e8rement avec la peinture mais aussi les pastels<\/span>:<\/p>\n<p><iframe loading=\"lazy\" title=\"Florence Miailhe &quot;le film peint&quot;\" width=\"474\" height=\"356\" src=\"https:\/\/www.youtube.com\/embed\/aadXyTzgzzs?feature=oembed\" frameborder=\"0\" allow=\"accelerometer; autoplay; clipboard-write; encrypted-media; gyroscope; picture-in-picture; web-share\" referrerpolicy=\"strict-origin-when-cross-origin\" allowfullscreen><\/iframe><\/p>\n<p>Voir aussi son film \u00ab\u00a0Conte de quartier\u00a0\u00bb sur le site de l&rsquo;ONF: <a href=\"https:\/\/www.onf.ca\/film\/conte_de_quartier\">https:\/\/www.onf.ca\/film\/conte_de_quartier<\/a><\/p>\n<p>http:\/\/www.youtube.com\/watch?v=nwSVP40MlHQ<\/p>\n","protected":false},"excerpt":{"rendered":"<p>Il s&rsquo;agit d&rsquo;animer des images cr\u00e9es \u00e0 partir de peinture. Cette technique est g\u00e9n\u00e9ralement associ\u00e9e \u00e0 la peinture sur verre, on peint sur une surface en verre et on modifie l&rsquo;image \u00e0 chaque prise \u00e0 l&rsquo;aide de pinceaux et autre ustensiles. On utilise g\u00e9n\u00e9ralement de la peinture \u00e0 l&rsquo;huile car elle s\u00e8che plus lentement que &hellip; <a href=\"http:\/\/www.francoisbardier.com\/?page_id=1338\" class=\"more-link\">Continuer la lecture de <span class=\"screen-reader-text\">La peinture anim\u00e9e<\/span>  <span class=\"meta-nav\">&rarr;<\/span><\/a><\/p>\n","protected":false},"author":2,"featured_media":0,"parent":0,"menu_order":0,"comment_status":"closed","ping_status":"open","template":"","meta":[],"_links":{"self":[{"href":"http:\/\/www.francoisbardier.com\/index.php?rest_route=\/wp\/v2\/pages\/1338"}],"collection":[{"href":"http:\/\/www.francoisbardier.com\/index.php?rest_route=\/wp\/v2\/pages"}],"about":[{"href":"http:\/\/www.francoisbardier.com\/index.php?rest_route=\/wp\/v2\/types\/page"}],"author":[{"embeddable":true,"href":"http:\/\/www.francoisbardier.com\/index.php?rest_route=\/wp\/v2\/users\/2"}],"replies":[{"embeddable":true,"href":"http:\/\/www.francoisbardier.com\/index.php?rest_route=%2Fwp%2Fv2%2Fcomments&post=1338"}],"version-history":[{"count":1,"href":"http:\/\/www.francoisbardier.com\/index.php?rest_route=\/wp\/v2\/pages\/1338\/revisions"}],"predecessor-version":[{"id":1340,"href":"http:\/\/www.francoisbardier.com\/index.php?rest_route=\/wp\/v2\/pages\/1338\/revisions\/1340"}],"wp:attachment":[{"href":"http:\/\/www.francoisbardier.com\/index.php?rest_route=%2Fwp%2Fv2%2Fmedia&parent=1338"}],"curies":[{"name":"wp","href":"https:\/\/api.w.org\/{rel}","templated":true}]}}