{"id":1329,"date":"2014-09-18T15:08:56","date_gmt":"2014-09-18T15:08:56","guid":{"rendered":"http:\/\/www.francoisbardier.com\/?page_id=1329"},"modified":"2021-09-19T07:28:06","modified_gmt":"2021-09-19T07:28:06","slug":"la-pixillation","status":"publish","type":"page","link":"http:\/\/www.francoisbardier.com\/?page_id=1329","title":{"rendered":"La pixillation"},"content":{"rendered":"<p>Il s&rsquo;agit d&rsquo;une technique d&rsquo;animation r\u00e9alis\u00e9e \u00e0 partir de personnes r\u00e9elles, film\u00e9es image par image. On utilise donc de vrais \u00ab acteurs \u00bb qui doivent prendre<br \/>\nla pause \u00e0 chaque prise. On utilise aussi g\u00e9n\u00e9ralement des objets qui sont anim\u00e9s en parall\u00e8le aux acteurs.<\/p>\n<p><a href=\"http:\/\/www.francoisbardier.com\/wp-content\/uploads\/2014\/09\/IMG_8795.jpg\"><img decoding=\"async\" loading=\"lazy\" class=\"alignnone size-thumbnail wp-image-1366\" src=\"http:\/\/www.francoisbardier.com\/wp-content\/uploads\/2014\/09\/IMG_8795-150x150.jpg\" alt=\"IMG_8795\" width=\"150\" height=\"150\" srcset=\"http:\/\/www.francoisbardier.com\/wp-content\/uploads\/2014\/09\/IMG_8795-150x150.jpg 150w, http:\/\/www.francoisbardier.com\/wp-content\/uploads\/2014\/09\/IMG_8795-230x230.jpg 230w\" sizes=\"(max-width: 150px) 100vw, 150px\" \/><\/a> <a href=\"http:\/\/www.francoisbardier.com\/wp-content\/uploads\/2014\/09\/CIMG0019.jpg\"><img decoding=\"async\" loading=\"lazy\" class=\"alignnone size-thumbnail wp-image-1367\" src=\"http:\/\/www.francoisbardier.com\/wp-content\/uploads\/2014\/09\/CIMG0019-150x150.jpg\" alt=\"CIMG0019\" width=\"150\" height=\"150\" srcset=\"http:\/\/www.francoisbardier.com\/wp-content\/uploads\/2014\/09\/CIMG0019-150x150.jpg 150w, http:\/\/www.francoisbardier.com\/wp-content\/uploads\/2014\/09\/CIMG0019-230x230.jpg 230w\" sizes=\"(max-width: 150px) 100vw, 150px\" \/><\/a> <a href=\"http:\/\/www.francoisbardier.com\/wp-content\/uploads\/2014\/09\/CIMG0102.jpg\"><img decoding=\"async\" loading=\"lazy\" class=\"alignnone size-thumbnail wp-image-1368\" src=\"http:\/\/www.francoisbardier.com\/wp-content\/uploads\/2014\/09\/CIMG0102-150x150.jpg\" alt=\"CIMG0102\" width=\"150\" height=\"150\" srcset=\"http:\/\/www.francoisbardier.com\/wp-content\/uploads\/2014\/09\/CIMG0102-150x150.jpg 150w, http:\/\/www.francoisbardier.com\/wp-content\/uploads\/2014\/09\/CIMG0102-230x230.jpg 230w\" sizes=\"(max-width: 150px) 100vw, 150px\" \/><\/a><\/p>\n<p><a href=\"http:\/\/www.francoisbardier.com\/wp-content\/uploads\/2014\/09\/P1000962.jpg\"><img decoding=\"async\" loading=\"lazy\" class=\"alignnone size-thumbnail wp-image-1369\" src=\"http:\/\/www.francoisbardier.com\/wp-content\/uploads\/2014\/09\/P1000962-150x150.jpg\" alt=\"P1000962\" width=\"150\" height=\"150\" srcset=\"http:\/\/www.francoisbardier.com\/wp-content\/uploads\/2014\/09\/P1000962-150x150.jpg 150w, http:\/\/www.francoisbardier.com\/wp-content\/uploads\/2014\/09\/P1000962-230x230.jpg 230w\" sizes=\"(max-width: 150px) 100vw, 150px\" \/><\/a> <a href=\"http:\/\/www.francoisbardier.com\/wp-content\/uploads\/2014\/09\/IMG_0183.jpg\"><img decoding=\"async\" loading=\"lazy\" class=\"alignnone size-thumbnail wp-image-1372\" src=\"http:\/\/www.francoisbardier.com\/wp-content\/uploads\/2014\/09\/IMG_0183-150x150.jpg\" alt=\"IMG_0183\" width=\"150\" height=\"150\" srcset=\"http:\/\/www.francoisbardier.com\/wp-content\/uploads\/2014\/09\/IMG_0183-150x150.jpg 150w, http:\/\/www.francoisbardier.com\/wp-content\/uploads\/2014\/09\/IMG_0183-230x230.jpg 230w\" sizes=\"(max-width: 150px) 100vw, 150px\" \/><\/a> <a href=\"http:\/\/www.francoisbardier.com\/wp-content\/uploads\/2014\/09\/IMG_7776.jpg\"><img decoding=\"async\" loading=\"lazy\" class=\"alignnone size-thumbnail wp-image-1376\" src=\"http:\/\/www.francoisbardier.com\/wp-content\/uploads\/2014\/09\/IMG_7776-150x150.jpg\" alt=\"IMG_7776\" width=\"150\" height=\"150\" srcset=\"http:\/\/www.francoisbardier.com\/wp-content\/uploads\/2014\/09\/IMG_7776-150x150.jpg 150w, http:\/\/www.francoisbardier.com\/wp-content\/uploads\/2014\/09\/IMG_7776-230x230.jpg 230w\" sizes=\"(max-width: 150px) 100vw, 150px\" \/><\/a><\/p>\n<p>La le\u00e7on du professeur Kouro sur cette technique:<\/p>\n<span class=\"vvqbox vvqyoutube\" style=\"width:425px;height:344px;\"><span id=\"vvq-1329-youtube-1\"><a href=\"http:\/\/www.youtube.com\/watch?v=yLztQ_0pXvc\"><img src=\"http:\/\/img.youtube.com\/vi\/yLztQ_0pXvc\/0.jpg\" alt=\"Image de pr\u00e9visualisation YouTube\" \/><\/a><\/span><\/span>\n<p>Puis le sp\u00e9cial pixi:<\/p>\n<p><iframe loading=\"lazy\" title=\"La le\u00e7on du Professeur Kouro : Film en pixilation . Avec Linda cerqueda Eric Grillo et Lyonel Kouro\" width=\"474\" height=\"267\" src=\"https:\/\/www.youtube.com\/embed\/dn_vdTFFbvs?start=4&#038;feature=oembed\" frameborder=\"0\" allow=\"accelerometer; autoplay; clipboard-write; encrypted-media; gyroscope; picture-in-picture; web-share\" referrerpolicy=\"strict-origin-when-cross-origin\" allowfullscreen><\/iframe><\/p>\n<p><strong>Historique:<\/strong><\/p>\n<p>Les pr\u00e9mices de la pixillation apparaissent dans les films \u00ab\u00a0The haunted hotel\u00a0\u00bb (1907) de J. Stuart Blackton o\u00f9 des objets sont anim\u00e9s en image par image:<\/p>\n<span class=\"vvqbox vvqyoutube\" style=\"width:425px;height:344px;\"><span id=\"vvq-1329-youtube-2\"><a href=\"http:\/\/www.youtube.com\/watch?v=aTE8gXCb_og\"><img src=\"http:\/\/img.youtube.com\/vi\/aTE8gXCb_og\/0.jpg\" alt=\"Image de pr\u00e9visualisation YouTube\" \/><\/a><\/span><\/span>\n<p>L&rsquo;ann\u00e9e suivante le r\u00e9alisateur Franco-Espagnol Segundo de Chomon r\u00e9alise \u00ab\u00a0The haunted house\u00a0\u00bb qui en est un remake puis\u00a0\u00bb \u00ab\u00a0El hotel electrico\u00a0\u00bb sur le m\u00eame th\u00e8me. L&rsquo;incertitude demeure n\u00e9anmoins sur les dates et sur qui a r\u00e9alis\u00e9 le premier film des deux.<\/p>\n<span class=\"vvqbox vvqyoutube\" style=\"width:425px;height:344px;\"><span id=\"vvq-1329-youtube-3\"><a href=\"http:\/\/www.youtube.com\/watch?v=Zo2EKNRIQlE\"><img src=\"http:\/\/img.youtube.com\/vi\/Zo2EKNRIQlE\/0.jpg\" alt=\"Image de pr\u00e9visualisation YouTube\" \/><\/a><\/span><\/span>\n<span class=\"vvqbox vvqyoutube\" style=\"width:425px;height:344px;\"><span id=\"vvq-1329-youtube-4\"><a href=\"http:\/\/www.youtube.com\/watch?v=cCzru63JBSE\"><img src=\"http:\/\/img.youtube.com\/vi\/cCzru63JBSE\/0.jpg\" alt=\"Image de pr\u00e9visualisation YouTube\" \/><\/a><\/span><\/span>\n<p>1952, le r\u00e9alisateur canadien Norman Mc Larren r\u00e9alise \u00ab\u00a0Neighbours\u00a0\u00bb en pixillation:<\/p>\n<p>\u00ab\u00a0Ch\u00e9rie, \u00f4te tes raquettes\u00a0\u00bb r\u00e9alis\u00e9 par Andr\u00e9 Leduc (Canada, 1975):<\/p>\n<span class=\"vvqbox vvqyoutube\" style=\"width:425px;height:344px;\"><span id=\"vvq-1329-youtube-5\"><a href=\"http:\/\/www.youtube.com\/watch?v=GAgZ1vldMBk\"><img src=\"http:\/\/img.youtube.com\/vi\/GAgZ1vldMBk\/0.jpg\" alt=\"Image de pr\u00e9visualisation YouTube\" \/><\/a><\/span><\/span>\n<p>Les am\u00e9ricains Chuck Menville et Len Jansen r\u00e9alisent \u00e9galement des films mettant en sc\u00e8ne des personnages \u00e0 bord de v\u00e9hicules imaginaires comme dans \u00ab\u00a0Stop, look and listen\u00a0\u00bb et Vicicous circles\u00a0\u00bb:<\/p>\n<span class=\"vvqbox vvqyoutube\" style=\"width:425px;height:344px;\"><span id=\"vvq-1329-youtube-6\"><a href=\"http:\/\/www.youtube.com\/watch?v=yuCgJzt60ic\"><img src=\"http:\/\/img.youtube.com\/vi\/yuCgJzt60ic\/0.jpg\" alt=\"Image de pr\u00e9visualisation YouTube\" \/><\/a><\/span><\/span>\n<span class=\"vvqbox vvqyoutube\" style=\"width:425px;height:344px;\"><span id=\"vvq-1329-youtube-7\"><a href=\"http:\/\/www.youtube.com\/watch?v=V8Jsw6wwW7A\"><img src=\"http:\/\/img.youtube.com\/vi\/V8Jsw6wwW7A\/0.jpg\" alt=\"Image de pr\u00e9visualisation YouTube\" \/><\/a><\/span><\/span>\n<p>Le r\u00e9alisateur Tch\u00e8que Jan Svankmajer utilise r\u00e9guli\u00e8rement la pixillation dans ses films comme dans \u00ab\u00a0Food\u00a0\u00bb (1992):<\/p>\n<p><iframe loading=\"lazy\" title=\"\u042f\u043d \u0428\u0432\u0430\u043d\u043a\u043c\u0430\u0439\u0435\u0440 - \u0415\u0434\u0430 (1992) \/Jan \u0160vankmajer - Food (J\u00eddlo)\" width=\"474\" height=\"356\" src=\"https:\/\/www.youtube.com\/embed\/rPPw1c7lrA0?feature=oembed\" frameborder=\"0\" allow=\"accelerometer; autoplay; clipboard-write; encrypted-media; gyroscope; picture-in-picture; web-share\" referrerpolicy=\"strict-origin-when-cross-origin\" allowfullscreen><\/iframe><\/p>\n<p>Le r\u00e9alisateur Jan Kounen r\u00e9alise \u00ab\u00a0Gis\u00e8le K\u00e9ros\u00e8ne\u00a0\u00bb en 1990.<\/p>\n<p><iframe loading=\"lazy\" title=\"Jan Kounen   Gisele Kerozene (1990)\" width=\"474\" height=\"356\" src=\"https:\/\/www.youtube.com\/embed\/V0XuE9DtBzM?feature=oembed\" frameborder=\"0\" allow=\"accelerometer; autoplay; clipboard-write; encrypted-media; gyroscope; picture-in-picture; web-share\" referrerpolicy=\"strict-origin-when-cross-origin\" allowfullscreen><\/iframe><\/p>\n<p>\u00ab\u00a0Basta Pasta\u00a0\u00bb de Nicolas Hammerschlag:<\/p>\n<span class=\"vvqbox vvqyoutube\" style=\"width:425px;height:344px;\"><span id=\"vvq-1329-youtube-8\"><a href=\"http:\/\/www.youtube.com\/watch?v=G-1pU4sVj7c\"><img src=\"http:\/\/img.youtube.com\/vi\/G-1pU4sVj7c\/0.jpg\" alt=\"Image de pr\u00e9visualisation YouTube\" \/><\/a><\/span><\/span>\n<p style=\"text-align: left;\">Du c\u00f4t\u00e9 des longs m\u00e9trages utilisant la pixillation, on trouve:<\/p>\n<p style=\"text-align: left;\">\u00ab Les secr\u00e8tes aventures de Tom Pouce \u00bb de Dave Borthwick (1996):<\/p>\n<p><iframe loading=\"lazy\" title=\"The Secret Adventures of Tom Thumb directed by Dave Borthwick.\" width=\"474\" height=\"267\" src=\"https:\/\/www.youtube.com\/embed\/ZvDJrBXEsDY?feature=oembed\" frameborder=\"0\" allow=\"accelerometer; autoplay; clipboard-write; encrypted-media; gyroscope; picture-in-picture; web-share\" referrerpolicy=\"strict-origin-when-cross-origin\" allowfullscreen><\/iframe><\/p>\n<p style=\"text-align: left;\">\u00ab The Wizard of Speed and Time \u00bb de Mike Jittlov qui fut d&rsquo;abord un court m\u00e9trage (1979):<\/p>\n<p><iframe loading=\"lazy\" title=\"Mike Jittlov - The Wizard of Speed and Time (1988) Highest quality on the internet!\" width=\"474\" height=\"356\" src=\"https:\/\/www.youtube.com\/embed\/j5a_00YVVkQ?feature=oembed\" frameborder=\"0\" allow=\"accelerometer; autoplay; clipboard-write; encrypted-media; gyroscope; picture-in-picture; web-share\" referrerpolicy=\"strict-origin-when-cross-origin\" allowfullscreen><\/iframe><\/p>\n<p style=\"text-align: left;\">Puis un long m\u00e9trage (1988):<\/p>\n<span class=\"vvqbox vvqyoutube\" style=\"width:425px;height:344px;\"><span id=\"vvq-1329-youtube-9\"><a href=\"http:\/\/www.youtube.com\/watch?v=3ldOTw60Ozg\"><img src=\"http:\/\/img.youtube.com\/vi\/3ldOTw60Ozg\/0.jpg\" alt=\"Image de pr\u00e9visualisation YouTube\" \/><\/a><\/span><\/span>\n<p style=\"text-align: left;\">La pixillation est utilis\u00e9e dans de nombreux clips musicaux:<\/p>\n<p style=\"text-align: left;\">Peter Gabriel: \u00ab\u00a0Sledgehammer\u00a0\u00bb (1986) (Il l&rsquo;utilise aussi dans d&rsquo;autres clips souvent mix\u00e9e avec d&rsquo;autres techniques d&rsquo;animation):<\/p>\n<span class=\"vvqbox vvqyoutube\" style=\"width:425px;height:344px;\"><span id=\"vvq-1329-youtube-10\"><a href=\"http:\/\/www.youtube.com\/watch?v=g93mz_eZ5N4\"><img src=\"http:\/\/img.youtube.com\/vi\/g93mz_eZ5N4\/0.jpg\" alt=\"Image de pr\u00e9visualisation YouTube\" \/><\/a><\/span><\/span>\n<p>DNA: \u00ab\u00a0La serinissima\u00a0\u00bb (1990):<\/p>\n<span class=\"vvqbox vvqyoutube\" style=\"width:425px;height:344px;\"><span id=\"vvq-1329-youtube-11\"><a href=\"http:\/\/www.youtube.com\/watch?v=wGatZyuzGSA\"><img src=\"http:\/\/img.youtube.com\/vi\/wGatZyuzGSA\/0.jpg\" alt=\"Image de pr\u00e9visualisation YouTube\" \/><\/a><\/span><\/span>\n<p>PES: \u00ab\u00a0Human skateboard\u00a0\u00bb:<\/p>\n<p><iframe loading=\"lazy\" title=\"Human Skateboard by PES (Remastered 2016)\" width=\"474\" height=\"267\" src=\"https:\/\/www.youtube.com\/embed\/NtBuUjN7vBY?feature=oembed\" frameborder=\"0\" allow=\"accelerometer; autoplay; clipboard-write; encrypted-media; gyroscope; picture-in-picture; web-share\" referrerpolicy=\"strict-origin-when-cross-origin\" allowfullscreen><\/iframe><\/p>\n<p style=\"text-align: left;\">Une variante consiste \u00e0 animer des personnages \u00e0 plat par terre.<\/p>\n<p style=\"text-align: left;\">Cette technique a \u00e9t\u00e9 utilis\u00e9e pour la premi\u00e8re fois par Segundo de Chomon dans \u00ab\u00a0Kirikis, acrobates japonais\u00a0\u00bb (1907):<\/p>\n<span class=\"vvqbox vvqyoutube\" style=\"width:425px;height:344px;\"><span id=\"vvq-1329-youtube-12\"><a href=\"http:\/\/www.youtube.com\/watch?v=psfXBHv27vY\"><img src=\"http:\/\/img.youtube.com\/vi\/psfXBHv27vY\/0.jpg\" alt=\"Image de pr\u00e9visualisation YouTube\" \/><\/a><\/span><\/span>\n<p>Elle a \u00e9t\u00e9 reprise r\u00e9guli\u00e8rement depuis quelques ann\u00e9es notamment dans des clips musicaux:<\/p>\n<p>Le clip de \u00ab\u00a0Her morning elegance\u00a0\u00bb r\u00e9alis\u00e9 par Oren Lavie, Yuval &amp; Merav Nathan:<\/p>\n<span class=\"vvqbox vvqyoutube\" style=\"width:425px;height:344px;\"><span id=\"vvq-1329-youtube-13\"><a href=\"http:\/\/www.youtube.com\/watch?v=2_HXUhShhmY\"><img src=\"http:\/\/img.youtube.com\/vi\/2_HXUhShhmY\/0.jpg\" alt=\"Image de pr\u00e9visualisation YouTube\" \/><\/a><\/span><\/span>\n<p>Le clip de Colplay: \u00ab\u00a0Strawberry swing\u00a0\u00bb:<\/p>\n<span class=\"vvqbox vvqyoutube\" style=\"width:425px;height:344px;\"><span id=\"vvq-1329-youtube-14\"><a href=\"http:\/\/www.youtube.com\/watch?v=h3pJZSTQqIg\"><img src=\"http:\/\/img.youtube.com\/vi\/h3pJZSTQqIg\/0.jpg\" alt=\"Image de pr\u00e9visualisation YouTube\" \/><\/a><\/span><\/span>\n<p>\u00ab\u00a0Sorry I&rsquo;m late\u00a0\u00bb de Tomas Mankovsky:<\/p>\n<span class=\"vvqbox vvqyoutube\" style=\"width:425px;height:344px;\"><span id=\"vvq-1329-youtube-15\"><a href=\"http:\/\/www.youtube.com\/watch?v=_wjF9vGGqNE\"><img src=\"http:\/\/img.youtube.com\/vi\/_wjF9vGGqNE\/0.jpg\" alt=\"Image de pr\u00e9visualisation YouTube\" \/><\/a><\/span><\/span>\n<p>Cette technique est aussi reprise dans des publicit\u00e9s comme dans cette campagne pour la marque Target:<\/p>\n<span class=\"vvqbox vvqyoutube\" style=\"width:425px;height:344px;\"><span id=\"vvq-1329-youtube-16\"><a href=\"http:\/\/www.youtube.com\/watch?v=_IVgo9WEUEc\"><img src=\"http:\/\/img.youtube.com\/vi\/_IVgo9WEUEc\/0.jpg\" alt=\"Image de pr\u00e9visualisation YouTube\" \/><\/a><\/span><\/span>\n<span class=\"vvqbox vvqyoutube\" style=\"width:425px;height:344px;\"><span id=\"vvq-1329-youtube-17\"><a href=\"http:\/\/www.youtube.com\/watch?v=g5zUWaESb20\"><img src=\"http:\/\/img.youtube.com\/vi\/g5zUWaESb20\/0.jpg\" alt=\"Image de pr\u00e9visualisation YouTube\" \/><\/a><\/span><\/span>\n<p><strong>\u00a0Exemple de films r\u00e9alis\u00e9s en ateliers:<\/strong><\/p>\n<p>\u00ab\u00a0Un diner presque parfait chez les sorciers\u00a0\u00bb &#8211; Atelier cin\u00e9ma d&rsquo;animation pour adultes, maison des Rancy (Lyon) &#8211; Saison 2009-2010:<\/p>\n<p id=\"player1\" style=\"display:none\"><a href=\"http:\/\/www.macromedia.com\/go\/getflashplayer\">Get the latest Flash Player<\/a> to see this player.<\/p>\n<noscript><p>[Javascript required to view Flash movie, please turn it on and refresh this page]<\/p><\/noscript>\n\n<script type=\"text\/javascript\">\n\tdocument.getElementById(\"player1\").style.display = \"\";\n\t\n\tvar s1 = new SWFObject(\"http:\/\/www.francoisbardier.com\/wp-content\/plugins\/flv-embed\/flvplayer.swf\",\"player1\",\"450\",\"390\",\"7\");\n\ts1.addParam(\"wmode\",\"transparent\");\n\ts1.addParam(\"allowscriptaccess\",\"always\");\n\ts1.addParam(\"allowfullscreen\",\"true\");\n\ts1.addVariable(\"height\",\"390\");\n\ts1.addVariable(\"width\",\"450\"); \n\ts1.addVariable(\"file\",\"\/wp-content\/uploads\/2014\/09\/Un-diner-presque-parfait&#8230;chez-les-sorciers.flv\");\n\ts1.addVariable(\"link\",\"\/wp-content\/uploads\/2014\/09\/Un-diner-presque-parfait&#8230;chez-les-sorciers.flv\");\n\ts1.write(\"player1\");\n<\/script>\n","protected":false},"excerpt":{"rendered":"<p>Il s&rsquo;agit d&rsquo;une technique d&rsquo;animation r\u00e9alis\u00e9e \u00e0 partir de personnes r\u00e9elles, film\u00e9es image par image. On utilise donc de vrais \u00ab acteurs \u00bb qui doivent prendre la pause \u00e0 chaque prise. On utilise aussi g\u00e9n\u00e9ralement des objets qui sont anim\u00e9s en parall\u00e8le aux acteurs. La le\u00e7on du professeur Kouro sur cette technique: Puis le sp\u00e9cial &hellip; <a href=\"http:\/\/www.francoisbardier.com\/?page_id=1329\" class=\"more-link\">Continuer la lecture de <span class=\"screen-reader-text\">La pixillation<\/span>  <span class=\"meta-nav\">&rarr;<\/span><\/a><\/p>\n","protected":false},"author":2,"featured_media":0,"parent":0,"menu_order":0,"comment_status":"closed","ping_status":"open","template":"","meta":[],"_links":{"self":[{"href":"http:\/\/www.francoisbardier.com\/index.php?rest_route=\/wp\/v2\/pages\/1329"}],"collection":[{"href":"http:\/\/www.francoisbardier.com\/index.php?rest_route=\/wp\/v2\/pages"}],"about":[{"href":"http:\/\/www.francoisbardier.com\/index.php?rest_route=\/wp\/v2\/types\/page"}],"author":[{"embeddable":true,"href":"http:\/\/www.francoisbardier.com\/index.php?rest_route=\/wp\/v2\/users\/2"}],"replies":[{"embeddable":true,"href":"http:\/\/www.francoisbardier.com\/index.php?rest_route=%2Fwp%2Fv2%2Fcomments&post=1329"}],"version-history":[{"count":17,"href":"http:\/\/www.francoisbardier.com\/index.php?rest_route=\/wp\/v2\/pages\/1329\/revisions"}],"predecessor-version":[{"id":1792,"href":"http:\/\/www.francoisbardier.com\/index.php?rest_route=\/wp\/v2\/pages\/1329\/revisions\/1792"}],"wp:attachment":[{"href":"http:\/\/www.francoisbardier.com\/index.php?rest_route=%2Fwp%2Fv2%2Fmedia&parent=1329"}],"curies":[{"name":"wp","href":"https:\/\/api.w.org\/{rel}","templated":true}]}}