{"id":1323,"date":"2014-09-18T15:06:36","date_gmt":"2014-09-18T15:06:36","guid":{"rendered":"http:\/\/www.francoisbardier.com\/?page_id=1323"},"modified":"2021-09-19T07:28:06","modified_gmt":"2021-09-19T07:28:06","slug":"lanimation-dobjets","status":"publish","type":"page","link":"http:\/\/www.francoisbardier.com\/?page_id=1323","title":{"rendered":"L&rsquo;animation d&rsquo;objets \u00e0 plat"},"content":{"rendered":"<p><strong>La technique:<\/strong><\/p>\n<p>Comme son nom l&rsquo;indique, il s&rsquo;agit d&rsquo;animer des objets \u00e0 plat, film\u00e9s par dessus au banc-titre (Contrairement \u00e0 l&rsquo;animation d&rsquo;objets en volume).<\/p>\n<p>Ces objets peuvent \u00eatre de taille, de texture ou de mati\u00e8re diff\u00e9rente, on peut aussi animer des objets de la m\u00eame \u00ab\u00a0famille\u00a0\u00bb (Objets en m\u00e9tal, en plastique, ustensiles de cuisine&#8230;) comme le fait PES dans \u00ab\u00a0The deep\u00a0\u00bb par exemple.<\/p>\n<p>Ils peuvent \u00eatre anim\u00e9s pour ce qu&rsquo;ils sont ou d\u00e9tourn\u00e9s de leur fonction premi\u00e8re et m\u00eame assembl\u00e9s pour donner une autre forme.<\/p>\n<p><a href=\"http:\/\/www.francoisbardier.com\/wp-content\/uploads\/2013\/06\/Calque-1_0014.png\"><img decoding=\"async\" loading=\"lazy\" class=\"alignnone wp-image-1305 size-thumbnail\" src=\"http:\/\/www.francoisbardier.com\/wp-content\/uploads\/2013\/06\/Calque-1_0014-150x150.png\" alt=\"Calque 1_0014\" width=\"150\" height=\"150\" srcset=\"http:\/\/www.francoisbardier.com\/wp-content\/uploads\/2013\/06\/Calque-1_0014-150x150.png 150w, http:\/\/www.francoisbardier.com\/wp-content\/uploads\/2013\/06\/Calque-1_0014-230x230.png 230w\" sizes=\"(max-width: 150px) 100vw, 150px\" \/><\/a> <a href=\"http:\/\/www.francoisbardier.com\/wp-content\/uploads\/2013\/06\/Layer-1_0002.png\"><img decoding=\"async\" loading=\"lazy\" class=\"alignnone size-thumbnail wp-image-1306\" src=\"http:\/\/www.francoisbardier.com\/wp-content\/uploads\/2013\/06\/Layer-1_0002-150x150.png\" alt=\"Layer 1_0002\" width=\"150\" height=\"150\" srcset=\"http:\/\/www.francoisbardier.com\/wp-content\/uploads\/2013\/06\/Layer-1_0002-150x150.png 150w, http:\/\/www.francoisbardier.com\/wp-content\/uploads\/2013\/06\/Layer-1_0002-230x230.png 230w\" sizes=\"(max-width: 150px) 100vw, 150px\" \/><\/a> <a href=\"http:\/\/www.francoisbardier.com\/wp-content\/uploads\/2013\/06\/Layer-1_0057.png\"><img decoding=\"async\" loading=\"lazy\" class=\"alignnone size-thumbnail wp-image-1307\" src=\"http:\/\/www.francoisbardier.com\/wp-content\/uploads\/2013\/06\/Layer-1_0057-150x150.png\" alt=\"Layer 1_0057\" width=\"150\" height=\"150\" srcset=\"http:\/\/www.francoisbardier.com\/wp-content\/uploads\/2013\/06\/Layer-1_0057-150x150.png 150w, http:\/\/www.francoisbardier.com\/wp-content\/uploads\/2013\/06\/Layer-1_0057-230x230.png 230w\" sizes=\"(max-width: 150px) 100vw, 150px\" \/><\/a><\/p>\n<p><a href=\"http:\/\/www.francoisbardier.com\/wp-content\/uploads\/2013\/06\/IMG_1981.jpg\"><img decoding=\"async\" loading=\"lazy\" class=\"alignnone size-thumbnail wp-image-1308\" src=\"http:\/\/www.francoisbardier.com\/wp-content\/uploads\/2013\/06\/IMG_1981-150x150.jpg\" alt=\"IMG_1981\" width=\"150\" height=\"150\" srcset=\"http:\/\/www.francoisbardier.com\/wp-content\/uploads\/2013\/06\/IMG_1981-150x150.jpg 150w, http:\/\/www.francoisbardier.com\/wp-content\/uploads\/2013\/06\/IMG_1981-230x230.jpg 230w\" sizes=\"(max-width: 150px) 100vw, 150px\" \/><\/a> <a href=\"http:\/\/www.francoisbardier.com\/wp-content\/uploads\/2013\/06\/IMG_3398.jpg\"><img decoding=\"async\" loading=\"lazy\" class=\"alignnone size-thumbnail wp-image-1309\" src=\"http:\/\/www.francoisbardier.com\/wp-content\/uploads\/2013\/06\/IMG_3398-150x150.jpg\" alt=\"IMG_3398\" width=\"150\" height=\"150\" srcset=\"http:\/\/www.francoisbardier.com\/wp-content\/uploads\/2013\/06\/IMG_3398-150x150.jpg 150w, http:\/\/www.francoisbardier.com\/wp-content\/uploads\/2013\/06\/IMG_3398-230x230.jpg 230w\" sizes=\"(max-width: 150px) 100vw, 150px\" \/><\/a> <a href=\"http:\/\/www.francoisbardier.com\/wp-content\/uploads\/2013\/06\/IMG_0051.jpg\"><img decoding=\"async\" loading=\"lazy\" class=\"alignnone size-thumbnail wp-image-1311\" src=\"http:\/\/www.francoisbardier.com\/wp-content\/uploads\/2013\/06\/IMG_0051-150x150.jpg\" alt=\"IMG_0051\" width=\"150\" height=\"150\" srcset=\"http:\/\/www.francoisbardier.com\/wp-content\/uploads\/2013\/06\/IMG_0051-150x150.jpg 150w, http:\/\/www.francoisbardier.com\/wp-content\/uploads\/2013\/06\/IMG_0051-230x230.jpg 230w\" sizes=\"(max-width: 150px) 100vw, 150px\" \/><\/a><\/p>\n<p style=\"text-align: center;\"><strong>Images extraites d&rsquo;ateliers<\/strong><\/p>\n<p>La le\u00e7on du professeur Kouro correspondant \u00e0 cette technique:<\/p>\n<p><iframe loading=\"lazy\" title=\"Professeur Kouro : Films en animation d&#039;objets . Diff sur ARTE\" width=\"474\" height=\"267\" src=\"https:\/\/www.youtube.com\/embed\/viHDncCu95E?feature=oembed\" frameborder=\"0\" allow=\"accelerometer; autoplay; clipboard-write; encrypted-media; gyroscope; picture-in-picture; web-share\" referrerpolicy=\"strict-origin-when-cross-origin\" allowfullscreen><\/iframe><\/p>\n<p><strong>Historique:<\/strong><\/p>\n<p>Un des premiers films d&rsquo;animation d&rsquo;objets \u00e0 plat est \u00ab\u00a0Les allumettes anim\u00e9es (1908)\u00a0\u00bb du fran\u00e7ais Emile Cohl, il reprendra la technique dans \u00ab\u00a0les allumettes ensorcel\u00e9es\u00a0\u00bb (1913).<\/p>\n<p style=\"text-align: center;\"><a href=\"http:\/\/www.francoisbardier.com\/wp-content\/uploads\/2014\/09\/allumettes-fantaisistes.jpg\"><img decoding=\"async\" loading=\"lazy\" class=\"aligncenter wp-image-1402 size-full\" src=\"http:\/\/www.francoisbardier.com\/wp-content\/uploads\/2014\/09\/allumettes-fantaisistes.jpg\" alt=\"allumettes-fantaisistes\" width=\"557\" height=\"413\" srcset=\"http:\/\/www.francoisbardier.com\/wp-content\/uploads\/2014\/09\/allumettes-fantaisistes.jpg 557w, http:\/\/www.francoisbardier.com\/wp-content\/uploads\/2014\/09\/allumettes-fantaisistes-300x222.jpg 300w\" sizes=\"(max-width: 557px) 100vw, 557px\" \/><\/a><strong>\u00ab\u00a0Les allumettes anim\u00e9es (1908) d&rsquo;Emile Cohl<\/strong><\/p>\n<p><iframe loading=\"lazy\" title=\"Les Allumettes ensorcel\u00e9es (1913)\" width=\"474\" height=\"356\" src=\"https:\/\/www.youtube.com\/embed\/V4wkb-BQsGI?feature=oembed\" frameborder=\"0\" allow=\"accelerometer; autoplay; clipboard-write; encrypted-media; gyroscope; picture-in-picture; web-share\" referrerpolicy=\"strict-origin-when-cross-origin\" allowfullscreen><\/iframe><\/p>\n<p>\u00ab\u00a0Les possibilit\u00e9s du dialogue\u00a0\u00bb du maitre tch\u00e8que de l&rsquo;animation <strong>Jan Svankmaje<\/strong>r est un film utilisant l&rsquo;animation d&rsquo;objets et de nourriture \u00e0 plat dans sa premi\u00e8re partie. Ensuite le film enchaine sur de l&rsquo;animation d&rsquo;argile:<\/p>\n<p><iframe loading=\"lazy\" title=\"Jan Svankmajer\" width=\"474\" height=\"356\" src=\"https:\/\/www.youtube.com\/embed\/578Xm6bgMdQ?feature=oembed\" frameborder=\"0\" allow=\"accelerometer; autoplay; clipboard-write; encrypted-media; gyroscope; picture-in-picture; web-share\" referrerpolicy=\"strict-origin-when-cross-origin\" allowfullscreen><\/iframe><\/p>\n<p style=\"text-align: center;\"><strong>\u00ab\u00a0Les possibilit\u00e9s du dialogue\u00a0\u00bb de Jan Svankmajer<\/strong><\/p>\n<p>ou comme les films de PES, un r\u00e9alisateur am\u00e9ricain pass\u00e9 maitre dans l&rsquo;art de l&rsquo;animation d&rsquo;objets:<\/p>\n<p><iframe loading=\"lazy\" title=\"Game Over by PES\" width=\"474\" height=\"356\" src=\"https:\/\/www.youtube.com\/embed\/Ovvk7T8QUIU?feature=oembed\" frameborder=\"0\" allow=\"accelerometer; autoplay; clipboard-write; encrypted-media; gyroscope; picture-in-picture; web-share\" referrerpolicy=\"strict-origin-when-cross-origin\" allowfullscreen><\/iframe><\/p>\n<p><strong>\u00ab\u00a0Game over\u00a0\u00bb de PES<\/strong><\/p>\n<p>https:\/\/www.youtube.com\/watch?feature=player_embedded&#038;v==7bmpFCwZbwM<\/p>\n<p style=\"text-align: center;\"><strong>\u00ab\u00a0Fireworks\u00a0\u00bb de PES<\/strong><\/p>\n<p><iframe loading=\"lazy\" title=\"The Deep by PES\" width=\"474\" height=\"267\" src=\"https:\/\/www.youtube.com\/embed\/AK18bdUEWSs?feature=oembed\" frameborder=\"0\" allow=\"accelerometer; autoplay; clipboard-write; encrypted-media; gyroscope; picture-in-picture; web-share\" referrerpolicy=\"strict-origin-when-cross-origin\" allowfullscreen><\/iframe><\/p>\n<p style=\"text-align: center;\"><strong>\u00ab\u00a0The deep\u00a0\u00bb de PES<\/strong><\/p>\n<p>Publicit\u00e9 pour Channel r\u00e9alis\u00e9e avec des produits de la marque:<\/p>\n<p><iframe loading=\"lazy\" title=\"Nouvelle publicit\u00e9 Chanel Makeup Studio, en stop motion .mp4\" width=\"474\" height=\"267\" src=\"https:\/\/www.youtube.com\/embed\/xHKUPn0feBg?feature=oembed\" frameborder=\"0\" allow=\"accelerometer; autoplay; clipboard-write; encrypted-media; gyroscope; picture-in-picture; web-share\" referrerpolicy=\"strict-origin-when-cross-origin\" allowfullscreen><\/iframe><\/p>\n<p>Clip du groupe Hudson: \u00ab\u00a0Against the grain\u00a0\u00bb r\u00e9alis\u00e9 avec des crayons de couleur:<\/p>\n<p><iframe loading=\"lazy\" title=\"Hudson and Troop - Against The Grain [OFFICIAL]\" width=\"474\" height=\"267\" src=\"https:\/\/www.youtube.com\/embed\/TuBMXS6vU3o?feature=oembed\" frameborder=\"0\" allow=\"accelerometer; autoplay; clipboard-write; encrypted-media; gyroscope; picture-in-picture; web-share\" referrerpolicy=\"strict-origin-when-cross-origin\" allowfullscreen><\/iframe><\/p>\n<p>et le making of:<\/p>\n<p><iframe loading=\"lazy\" title=\"Hudson and Troop - Against The Grain - behind the scenes\" width=\"474\" height=\"267\" src=\"https:\/\/www.youtube.com\/embed\/-D8aXtHS42g?feature=oembed\" frameborder=\"0\" allow=\"accelerometer; autoplay; clipboard-write; encrypted-media; gyroscope; picture-in-picture; web-share\" referrerpolicy=\"strict-origin-when-cross-origin\" allowfullscreen><\/iframe><\/p>\n<p>Une variante consigne \u00e0 utiliser des bonbons ou des aliments (Comme pr\u00e9c\u00e9demment vu dans \u00ab\u00a0Les possibilit\u00e9s du dialogue\u00a0\u00bb, anim\u00e9s \u00e0 plat:<\/p>\n<p>Candy Jam \u00bb de <strong>Joanna Priestley<\/strong>:<\/p>\n<p><iframe loading=\"lazy\" title=\"Candyjam (1988)\" width=\"474\" height=\"356\" src=\"https:\/\/www.youtube.com\/embed\/OQcUqrKM3mc?feature=oembed\" frameborder=\"0\" allow=\"accelerometer; autoplay; clipboard-write; encrypted-media; gyroscope; picture-in-picture; web-share\" referrerpolicy=\"strict-origin-when-cross-origin\" allowfullscreen><\/iframe><\/p>\n<p>Clip \u00ab\u00a0Slegehammer\u00a0\u00bb du chanteur Peter Gabriel r\u00e9alis\u00e9 par Stephen R Johnson et les studios Aardman.<\/p>\n<p><iframe loading=\"lazy\" title=\"Peter Gabriel - Sledgehammer (HD version)\" width=\"474\" height=\"267\" src=\"https:\/\/www.youtube.com\/embed\/OJWJE0x7T4Q?feature=oembed\" frameborder=\"0\" allow=\"accelerometer; autoplay; clipboard-write; encrypted-media; gyroscope; picture-in-picture; web-share\" referrerpolicy=\"strict-origin-when-cross-origin\" allowfullscreen><\/iframe><\/p>\n<p>Kina Grannis: \u00ab\u00a0In your arms\u00a0\u00bb: M\u00e9lange d&rsquo;animation de bonbons et de pixillation:<\/p>\n<p><iframe loading=\"lazy\" title=\"In Your Arms - Kina Grannis (Official Music Video) Stop Motion Animation\" width=\"474\" height=\"267\" src=\"https:\/\/www.youtube.com\/embed\/IOu0DuxFAT0?feature=oembed\" frameborder=\"0\" allow=\"accelerometer; autoplay; clipboard-write; encrypted-media; gyroscope; picture-in-picture; web-share\" referrerpolicy=\"strict-origin-when-cross-origin\" allowfullscreen><\/iframe><\/p>\n<p><iframe loading=\"lazy\" title=\"ELEMENTOS | CREACION\" src=\"https:\/\/player.vimeo.com\/video\/30606208?dnt=1&amp;app_id=122963\" width=\"474\" height=\"266\" frameborder=\"0\" allow=\"autoplay; fullscreen; picture-in-picture; clipboard-write; encrypted-media; web-share\" referrerpolicy=\"strict-origin-when-cross-origin\"><\/iframe><\/p>\n<p>&nbsp;<\/p>\n","protected":false},"excerpt":{"rendered":"<p>La technique: Comme son nom l&rsquo;indique, il s&rsquo;agit d&rsquo;animer des objets \u00e0 plat, film\u00e9s par dessus au banc-titre (Contrairement \u00e0 l&rsquo;animation d&rsquo;objets en volume). Ces objets peuvent \u00eatre de taille, de texture ou de mati\u00e8re diff\u00e9rente, on peut aussi animer des objets de la m\u00eame \u00ab\u00a0famille\u00a0\u00bb (Objets en m\u00e9tal, en plastique, ustensiles de cuisine&#8230;) comme &hellip; <a href=\"http:\/\/www.francoisbardier.com\/?page_id=1323\" class=\"more-link\">Continuer la lecture de <span class=\"screen-reader-text\">L&rsquo;animation d&rsquo;objets \u00e0 plat<\/span>  <span class=\"meta-nav\">&rarr;<\/span><\/a><\/p>\n","protected":false},"author":2,"featured_media":0,"parent":0,"menu_order":0,"comment_status":"closed","ping_status":"open","template":"","meta":[],"_links":{"self":[{"href":"http:\/\/www.francoisbardier.com\/index.php?rest_route=\/wp\/v2\/pages\/1323"}],"collection":[{"href":"http:\/\/www.francoisbardier.com\/index.php?rest_route=\/wp\/v2\/pages"}],"about":[{"href":"http:\/\/www.francoisbardier.com\/index.php?rest_route=\/wp\/v2\/types\/page"}],"author":[{"embeddable":true,"href":"http:\/\/www.francoisbardier.com\/index.php?rest_route=\/wp\/v2\/users\/2"}],"replies":[{"embeddable":true,"href":"http:\/\/www.francoisbardier.com\/index.php?rest_route=%2Fwp%2Fv2%2Fcomments&post=1323"}],"version-history":[{"count":37,"href":"http:\/\/www.francoisbardier.com\/index.php?rest_route=\/wp\/v2\/pages\/1323\/revisions"}],"predecessor-version":[{"id":1727,"href":"http:\/\/www.francoisbardier.com\/index.php?rest_route=\/wp\/v2\/pages\/1323\/revisions\/1727"}],"wp:attachment":[{"href":"http:\/\/www.francoisbardier.com\/index.php?rest_route=%2Fwp%2Fv2%2Fmedia&parent=1323"}],"curies":[{"name":"wp","href":"https:\/\/api.w.org\/{rel}","templated":true}]}}