{"id":11,"date":"2011-06-05T21:31:51","date_gmt":"2011-06-05T21:31:51","guid":{"rendered":"http:\/\/www.francoisbardier.com\/?page_id=11"},"modified":"2026-02-16T20:19:24","modified_gmt":"2026-02-16T20:19:24","slug":"ateliers-a-mediation-art-therapie","status":"publish","type":"page","link":"http:\/\/www.francoisbardier.com\/?page_id=11","title":{"rendered":"Ateliers \u00e0 m\u00e9diation artistique &#8211; Art th\u00e9rapie"},"content":{"rendered":"<p>J&rsquo;anime des ateliers \u00e0 m\u00e9diation artistique depuis plus de 15 ans.<\/p>\n<p>Ma carri\u00e8re d&rsquo;animateur de ce type d&rsquo;atelier \u00e0 commenc\u00e9 avec une premi\u00e8re exp\u00e9rience aupr\u00e8s d&rsquo;enfants en maternelle qui avaient \u00e9t\u00e9 consid\u00e9r\u00e9s comme un peu \u00ab\u00a0agit\u00e9s\u00a0\u00bb.<\/p>\n<p>Me semblant un peu d\u00e9muni malgr\u00e9 mon bagage artistique et malgr\u00e9 le fait que je me rends compte que les m\u00e9diations artistiques ont un vrai inter\u00eat, je pars me former \u00e0\u00a0 l&rsquo;institut de psychologie de l&rsquo;universit\u00e9 Lyon 2 dans le cadre du dipl\u00f4me universitaire <a href=\"http:\/\/psycho.univ-lyon2.fr\/rubrique-296-Diplome-Universitaire-SOin-Psychique-Creativite-et-Expression-Artistique-DUSOPCEA.html\">\u00ab\u00a0Soin psychique, cr\u00e9ativit\u00e9 et expression artistique\u00a0\u00bb (DUSOPCEA).<\/a><\/p>\n<p>Je fais mes stages en maison de retraite, dans un foyer pour handicap\u00e9s mentaux et en psychiatrie au d\u00e9partement des \u00ab\u00a0psychoses d\u00e9ficitaires\u00a0\u00bb, en unit\u00e9 d&rsquo;hospitalisation compl\u00e8te et en accueil de jour.<\/p>\n<p>Ces exp\u00e9riences sont tr\u00e8s marquantes et tr\u00e8s formatrices.<\/p>\n<p>Depuis, j&rsquo;anime des ateliers \u00e0 m\u00e9diation artistique \u00e0 vis\u00e9e th\u00e9rapeutique appel\u00e9s commun\u00e9ment \u00ab\u00a0Art-th\u00e9rapie\u00a0\u00bb aupr\u00e8s de diff\u00e9rents publics.<\/p>\n<p>Je continue \u00e9galement \u00e0 me former en m&rsquo;inscrivant dans le processus exigeant de la formation \u00e0 partir de la pratique (FPP) de l&rsquo;universit\u00e9 Lyon 2 dans lequel j&rsquo;ai obtenu une licence de psychologie en 2025. Je suis maintenant inscrit dans le master \u00ab\u00a0psychologie psychopathogie clinique psychanalytique\u00a0\u00bb dans l&rsquo;optique de l&rsquo;obtention du dipl\u00f4me de psychologue clinicien.<\/p>\n<p><a href=\"http:\/\/www.francoisbardier.com\/wp-content\/uploads\/2011\/06\/Mains.jpg\"><img decoding=\"async\" loading=\"lazy\" class=\"alignnone wp-image-1172 size-thumbnail\" src=\"http:\/\/www.francoisbardier.com\/wp-content\/uploads\/2011\/06\/Mains-150x150.jpg\" alt=\"Mains\" width=\"150\" height=\"150\" \/><\/a> <a href=\"http:\/\/www.francoisbardier.com\/wp-content\/uploads\/2011\/06\/Rasim-peint-3.jpg\"><img decoding=\"async\" loading=\"lazy\" class=\"alignnone wp-image-1173 size-thumbnail\" src=\"http:\/\/www.francoisbardier.com\/wp-content\/uploads\/2011\/06\/Rasim-peint-3-150x150.jpg\" alt=\"Rasim peint - 3\" width=\"150\" height=\"150\" \/><\/a> <a href=\"http:\/\/www.francoisbardier.com\/wp-content\/uploads\/2011\/06\/Ensemble-2.jpg\"><img decoding=\"async\" loading=\"lazy\" class=\"alignnone wp-image-1174 size-thumbnail\" src=\"http:\/\/www.francoisbardier.com\/wp-content\/uploads\/2011\/06\/Ensemble-2-150x150.jpg\" alt=\"Ensemble 2\" width=\"150\" height=\"150\" \/><\/a><\/p>\n<p><a href=\"http:\/\/www.francoisbardier.com\/wp-content\/uploads\/2011\/06\/Forme-contenante.jpg\"><img decoding=\"async\" loading=\"lazy\" class=\"alignnone wp-image-1175 size-thumbnail\" src=\"http:\/\/www.francoisbardier.com\/wp-content\/uploads\/2011\/06\/Forme-contenante-150x150.jpg\" alt=\"Forme contenante\" width=\"150\" height=\"150\" \/><\/a> <a href=\"http:\/\/www.francoisbardier.com\/wp-content\/uploads\/2013\/08\/photo-forme-centrale-2-e1377363356607.jpg\"><img decoding=\"async\" loading=\"lazy\" class=\"alignnone size-thumbnail wp-image-1063\" src=\"http:\/\/www.francoisbardier.com\/wp-content\/uploads\/2013\/08\/photo-forme-centrale-2-e1377363215126-150x150.jpg\" alt=\"photo forme centrale - 2\" width=\"150\" height=\"150\" \/><\/a> <a href=\"http:\/\/www.francoisbardier.com\/wp-content\/uploads\/2011\/06\/Franc\u0327ois-11-09-12.jpg\"><img decoding=\"async\" loading=\"lazy\" class=\"alignnone size-thumbnail wp-image-484\" src=\"http:\/\/www.francoisbardier.com\/wp-content\/uploads\/2011\/06\/Franc\u0327ois-11-09-12-150x150.jpg\" alt=\"Franc\u0327ois - 11-09-12\" width=\"150\" height=\"150\" \/><\/a><\/p>\n<p>Je travaille et ai travaill\u00e9 aupr\u00e8s de diff\u00e9rents publics:<\/p>\n<p>Personnes atteintes de handicap mental et psychique au foyer de vie \u00ab\u00a0Le pr\u00e9 vert\u00a0\u00bb g\u00e9r\u00e9 par l&rsquo;association <a href=\"http:\/\/www.francoisbardier.com\/?page_id=35\">APAJH<\/a>, o\u00f9 j&rsquo;anime un atelier hebdomadaire d&rsquo;art th\u00e9rapie.<\/p>\n<p>Personnes \u00e2g\u00e9es en accueil de jour, ehpad, notamment en unit\u00e9 prot\u00e9g\u00e9e o\u00f9 sont accueillies les personnes atteintes de maladies dites \u00ab\u00a0d\u00e9g\u00e9n\u00e9ratives\u00a0\u00bb comme la maladie d&rsquo;Alzheimer, la maladie de Parkinson ou autres types.<\/p>\n<p>Personnes en difficult\u00e9s psychique en structure adapt\u00e9e ou en psychiatrie. J&rsquo;interviens actuellement dans une structure exp\u00e9rimentale qui accueille des personnes qui sortent d&rsquo;hospitalisation compl\u00e8te.<\/p>\n<p>Personnes en situation de pr\u00e9carit\u00e9 \u00e9conomique et bien souvent psychique.<\/p>\n<p>Personnes enferm\u00e9es dans des centres de r\u00e9tention administrative.<\/p>\n<p>Ces ateliers permettent aux personnes qui y participent de vivre une transformation psychique vers un mieux-\u00eatre, il leur offre un espace d&rsquo;expression dans lequel ils peuvent venir d\u00e9poser des \u00e9l\u00e9ments de leur histoire et de leur vie psychique. Ils peuvent ainsi y symboliser les \u00e9l\u00e9ments traumatiques ou difficiles de leur histoire tout comme y remobiliser leurs ressources psychiques.<\/p>\n<p>Tous les publics me semblent int\u00e9ressants car tous ont leur sp\u00e9cificit\u00e9 et ce type d&rsquo;ateliers peut \u00e0 chaque fois leur apporter quelque chose en s&rsquo;adaptant \u00e0 leurs probl\u00e9matiques propres.<\/p>\n<p>Actuellement, de nombreuses approches de \u00ab\u00a0l&rsquo;art-th\u00e9rapie\u00a0\u00bb existent avec des approches th\u00e9oriques diff\u00e9rentes.<\/p>\n<p>De par ma formation \u00e0 Lyon 2, mon approche est celle de la psychodynamique de groupe (Wilfried Bion, Didier Anzieu, Ren\u00e9 Ka\u00e8s) et des r\u00e9f\u00e9rences psychanalytiques appliqu\u00e9es aux m\u00e9diations artistiques (Donald Winnicott, Ren\u00e9 Roussillon, Anne Brun, Bernard Chouvier, Claudine Vacheret ect&#8230;).<\/p>\n<p>Je m&rsquo;inscris dans la lign\u00e9e de ce qu&rsquo;on appelle \u00ab\u00a0l&rsquo;\u00e9cole lyonnaise\u00a0\u00bb et des travaux universitaires du CRPPC qui me semblent\u00a0 \u00eatre dans les travaux de recherche les plus avanc\u00e9s en France en ce qui concerne ma pratique et bien d&rsquo;autres approches psychoth\u00e9rapeutiques innovantes proches du terrain.<\/p>\n<p>L&rsquo;animation de ce type d&rsquo;atelier me semble demander une remise en question permanente et de continuer \u00e0 se former pour mieux pouvoir \u00eatre \u00e0 l&rsquo;\u00e9coute de ce qui vient s&rsquo;exprimer et se rejouer dans les espaces que nous proposons.<\/p>\n<p>Je suis \u00e9galement fondateur de l&rsquo;association <a href=\"http:\/\/mediationslyon.wordpress.com\/\">\u00ab\u00a0Arts-Lyon-m\u00e9diations\u00a0\u00bb<\/a> qui est un espace d&rsquo;\u00e9changes et partage autour des m\u00e9diations entre professionnels ou aspirant \u00e0 le devenir et un collectif d&rsquo;interventions autour de ces pratiques.<\/p>\n","protected":false},"excerpt":{"rendered":"<p>J&rsquo;anime des ateliers \u00e0 m\u00e9diation artistique depuis plus de 15 ans. Ma carri\u00e8re d&rsquo;animateur de ce type d&rsquo;atelier \u00e0 commenc\u00e9 avec une premi\u00e8re exp\u00e9rience aupr\u00e8s d&rsquo;enfants en maternelle qui avaient \u00e9t\u00e9 consid\u00e9r\u00e9s comme un peu \u00ab\u00a0agit\u00e9s\u00a0\u00bb. Me semblant un peu d\u00e9muni malgr\u00e9 mon bagage artistique et malgr\u00e9 le fait que je me rends compte que &hellip; <a href=\"http:\/\/www.francoisbardier.com\/?page_id=11\" class=\"more-link\">Continuer la lecture de <span class=\"screen-reader-text\">Ateliers \u00e0 m\u00e9diation artistique &#8211; Art th\u00e9rapie<\/span>  <span class=\"meta-nav\">&rarr;<\/span><\/a><\/p>\n","protected":false},"author":2,"featured_media":1544,"parent":0,"menu_order":0,"comment_status":"closed","ping_status":"open","template":"","meta":[],"_links":{"self":[{"href":"http:\/\/www.francoisbardier.com\/index.php?rest_route=\/wp\/v2\/pages\/11"}],"collection":[{"href":"http:\/\/www.francoisbardier.com\/index.php?rest_route=\/wp\/v2\/pages"}],"about":[{"href":"http:\/\/www.francoisbardier.com\/index.php?rest_route=\/wp\/v2\/types\/page"}],"author":[{"embeddable":true,"href":"http:\/\/www.francoisbardier.com\/index.php?rest_route=\/wp\/v2\/users\/2"}],"replies":[{"embeddable":true,"href":"http:\/\/www.francoisbardier.com\/index.php?rest_route=%2Fwp%2Fv2%2Fcomments&post=11"}],"version-history":[{"count":26,"href":"http:\/\/www.francoisbardier.com\/index.php?rest_route=\/wp\/v2\/pages\/11\/revisions"}],"predecessor-version":[{"id":1982,"href":"http:\/\/www.francoisbardier.com\/index.php?rest_route=\/wp\/v2\/pages\/11\/revisions\/1982"}],"wp:featuredmedia":[{"embeddable":true,"href":"http:\/\/www.francoisbardier.com\/index.php?rest_route=\/wp\/v2\/media\/1544"}],"wp:attachment":[{"href":"http:\/\/www.francoisbardier.com\/index.php?rest_route=%2Fwp%2Fv2%2Fmedia&parent=11"}],"curies":[{"name":"wp","href":"https:\/\/api.w.org\/{rel}","templated":true}]}}